{"id":12911,"date":"2022-04-22T06:50:40","date_gmt":"2022-04-22T06:50:40","guid":{"rendered":"https:\/\/toolsense.io\/analysen-berichte\/"},"modified":"2023-05-25T16:55:49","modified_gmt":"2023-05-25T16:55:49","slug":"analysen-berichte","status":"publish","type":"page","link":"https:\/\/toolsense.io\/de\/analysen-berichte\/","title":{"rendered":"Analysen &amp; Berichte"},"content":{"rendered":"\t\t<div data-elementor-type=\"wp-page\" data-elementor-id=\"12911\" class=\"elementor elementor-12911 elementor-2174\" data-elementor-post-type=\"page\">\n\t\t\t\t\t\t<section class=\"elementor-section elementor-top-section elementor-element elementor-element-b8aa02a elementor-section-boxed elementor-section-height-default elementor-section-height-default\" data-id=\"b8aa02a\" data-element_type=\"section\" data-settings=\"{&quot;background_background&quot;:&quot;classic&quot;}\">\n\t\t\t\t\t\t<div class=\"elementor-container elementor-column-gap-default\">\n\t\t\t\t\t<div class=\"elementor-column elementor-col-100 elementor-top-column elementor-element elementor-element-94ecc78\" data-id=\"94ecc78\" data-element_type=\"column\">\n\t\t\t<div class=\"elementor-widget-wrap elementor-element-populated\">\n\t\t\t\t\t\t<div class=\"elementor-element elementor-element-c63a4dd elementor-widget elementor-widget-heading\" data-id=\"c63a4dd\" data-element_type=\"widget\" data-widget_type=\"heading.default\">\n\t\t\t\t<div class=\"elementor-widget-container\">\n\t\t\t\t\t<h1 class=\"elementor-heading-title elementor-size-default\">Analysen und Berichte, auf die Sie Ihre Gesch\u00e4ftsentscheidungen st\u00fctzen k\u00f6nnen<\/h1>\t\t\t\t<\/div>\n\t\t\t\t<\/div>\n\t\t\t\t<div class=\"elementor-element elementor-element-6b032a7 elementor-widget elementor-widget-text-editor\" data-id=\"6b032a7\" data-element_type=\"widget\" data-widget_type=\"text-editor.default\">\n\t\t\t\t<div class=\"elementor-widget-container\">\n\t\t\t\t\t\t\t\t\t<p>Sehen Sie die durchschnittliche Laufzeit der letzten sieben Tage, Wartungswarnungen und mehr. Alles ist vollst\u00e4ndig anpassbar und erweiterbar. Sie k\u00f6nnen die Daten auch exportieren oder \u00fcber unsere API auf sie zugreifen.<\/p>\t\t\t\t\t\t\t\t<\/div>\n\t\t\t\t<\/div>\n\t\t\t\t<div class=\"elementor-element elementor-element-7e997fb elementor-widget__width-auto elementor-widget elementor-widget-button\" data-id=\"7e997fb\" data-element_type=\"widget\" data-widget_type=\"button.default\">\n\t\t\t\t<div class=\"elementor-widget-container\">\n\t\t\t\t\t\t\t\t\t<div class=\"elementor-button-wrapper\">\n\t\t\t\t\t<a class=\"elementor-button elementor-button-link elementor-size-sm\" href=\"https:\/\/toolsense.io\/de\/kostenlos-testen\/\">\n\t\t\t\t\t\t<span class=\"elementor-button-content-wrapper\">\n\t\t\t\t\t\t\t\t\t<span class=\"elementor-button-text\">Kostenlos testen<\/span>\n\t\t\t\t\t<\/span>\n\t\t\t\t\t<\/a>\n\t\t\t\t<\/div>\n\t\t\t\t\t\t\t\t<\/div>\n\t\t\t\t<\/div>\n\t\t\t\t<div class=\"elementor-element elementor-element-123d343 elementor-widget__width-auto elementor-widget elementor-widget-button\" data-id=\"123d343\" data-element_type=\"widget\" data-widget_type=\"button.default\">\n\t\t\t\t<div class=\"elementor-widget-container\">\n\t\t\t\t\t\t\t\t\t<div class=\"elementor-button-wrapper\">\n\t\t\t\t\t<a class=\"elementor-button elementor-button-link elementor-size-sm\" href=\"https:\/\/toolsense.io\/de\/demo\/\">\n\t\t\t\t\t\t<span class=\"elementor-button-content-wrapper\">\n\t\t\t\t\t\t\t\t\t<span class=\"elementor-button-text\">Digitale Tour planen<\/span>\n\t\t\t\t\t<\/span>\n\t\t\t\t\t<\/a>\n\t\t\t\t<\/div>\n\t\t\t\t\t\t\t\t<\/div>\n\t\t\t\t<\/div>\n\t\t\t\t\t<\/div>\n\t\t<\/div>\n\t\t\t\t\t<\/div>\n\t\t<\/section>\n\t\t\t\t<section class=\"elementor-section elementor-top-section elementor-element elementor-element-18d307d elementor-section-boxed elementor-section-height-default elementor-section-height-default\" data-id=\"18d307d\" data-element_type=\"section\" data-settings=\"{&quot;background_background&quot;:&quot;classic&quot;}\">\n\t\t\t\t\t\t<div class=\"elementor-container elementor-column-gap-extended\">\n\t\t\t\t\t<div class=\"elementor-column elementor-col-100 elementor-top-column elementor-element elementor-element-cdc1662\" data-id=\"cdc1662\" data-element_type=\"column\">\n\t\t\t<div class=\"elementor-widget-wrap elementor-element-populated\">\n\t\t\t\t\t\t<section class=\"elementor-section elementor-inner-section elementor-element elementor-element-ae5d331 elementor-section-content-middle elementor-section-boxed elementor-section-height-default elementor-section-height-default\" data-id=\"ae5d331\" data-element_type=\"section\">\n\t\t\t\t\t\t<div class=\"elementor-container elementor-column-gap-wide\">\n\t\t\t\t\t<div class=\"elementor-column elementor-col-50 elementor-inner-column elementor-element elementor-element-7ca6731\" data-id=\"7ca6731\" data-element_type=\"column\">\n\t\t\t<div class=\"elementor-widget-wrap elementor-element-populated\">\n\t\t\t\t\t\t<div class=\"elementor-element elementor-element-85a43aa elementor-widget elementor-widget-image\" data-id=\"85a43aa\" data-element_type=\"widget\" data-widget_type=\"image.default\">\n\t\t\t\t<div class=\"elementor-widget-container\">\n\t\t\t\t\t\t\t\t\t\t\t\t\t\t\t<img fetchpriority=\"high\" decoding=\"async\" width=\"1391\" height=\"1030\" src=\"https:\/\/toolsense.io\/wp-content\/uploads\/2022\/08\/toolsense-analytics-reporting-1.png\" class=\"attachment-full size-full wp-image-19954\" alt=\"toolsense-analytics-reporting\" srcset=\"https:\/\/toolsense.io\/wp-content\/uploads\/2022\/08\/toolsense-analytics-reporting-1.png 1391w, https:\/\/toolsense.io\/wp-content\/uploads\/2022\/08\/toolsense-analytics-reporting-1-300x222.png 300w, https:\/\/toolsense.io\/wp-content\/uploads\/2022\/08\/toolsense-analytics-reporting-1-1024x758.png 1024w, https:\/\/toolsense.io\/wp-content\/uploads\/2022\/08\/toolsense-analytics-reporting-1-768x569.png 768w\" sizes=\"(max-width: 1391px) 100vw, 1391px\" \/>\t\t\t\t\t\t\t\t\t\t\t\t\t\t\t<\/div>\n\t\t\t\t<\/div>\n\t\t\t\t\t<\/div>\n\t\t<\/div>\n\t\t\t\t<div class=\"elementor-column elementor-col-50 elementor-inner-column elementor-element elementor-element-31cf1b9\" data-id=\"31cf1b9\" data-element_type=\"column\">\n\t\t\t<div class=\"elementor-widget-wrap elementor-element-populated\">\n\t\t\t\t\t\t<div class=\"elementor-element elementor-element-f680248 elementor-widget elementor-widget-heading\" data-id=\"f680248\" data-element_type=\"widget\" data-widget_type=\"heading.default\">\n\t\t\t\t<div class=\"elementor-widget-container\">\n\t\t\t\t\t<h2 class=\"elementor-heading-title elementor-size-default\">Wir f\u00fchren alle f\u00fcr Ihre Assets relevanten Daten zusammen<\/h2>\t\t\t\t<\/div>\n\t\t\t\t<\/div>\n\t\t\t\t<div class=\"elementor-element elementor-element-87070a8 elementor-widget elementor-widget-text-editor\" data-id=\"87070a8\" data-element_type=\"widget\" data-widget_type=\"text-editor.default\">\n\t\t\t\t<div class=\"elementor-widget-container\">\n\t\t\t\t\t\t\t\t\t<p>Der Dashboard-Bereich in ToolSense enth\u00e4lt alle Daten Ihrer Assets. Verschaffen Sie sich einen vollst\u00e4ndigen \u00dcberblick \u00fcber Ihren Fuhrpark und passen Sie alles an Ihre Bed\u00fcrfnisse an. Wenn Sie Hilfe ben\u00f6tigen, kein Problem! Unsere Experten richten Ihre individuellen Dashboards ein, damit Sie sich auf Ihr Gesch\u00e4ft konzentrieren k\u00f6nnen.<\/p>\t\t\t\t\t\t\t\t<\/div>\n\t\t\t\t<\/div>\n\t\t\t\t\t<\/div>\n\t\t<\/div>\n\t\t\t\t\t<\/div>\n\t\t<\/section>\n\t\t\t\t<section class=\"elementor-section elementor-inner-section elementor-element elementor-element-b782bae elementor-section-content-middle elementor-reverse-tablet elementor-reverse-mobile elementor-section-boxed elementor-section-height-default elementor-section-height-default\" data-id=\"b782bae\" data-element_type=\"section\">\n\t\t\t\t\t\t<div class=\"elementor-container elementor-column-gap-wide\">\n\t\t\t\t\t<div class=\"elementor-column elementor-col-50 elementor-inner-column elementor-element elementor-element-64376c3\" data-id=\"64376c3\" data-element_type=\"column\">\n\t\t\t<div class=\"elementor-widget-wrap elementor-element-populated\">\n\t\t\t\t\t\t<div class=\"elementor-element elementor-element-4d1e653 elementor-widget elementor-widget-heading\" data-id=\"4d1e653\" data-element_type=\"widget\" data-widget_type=\"heading.default\">\n\t\t\t\t<div class=\"elementor-widget-container\">\n\t\t\t\t\t<h2 class=\"elementor-heading-title elementor-size-default\">Alexander Manafi (CEO) gibt Ihnen eine private F\u00fchrung<\/h2>\t\t\t\t<\/div>\n\t\t\t\t<\/div>\n\t\t\t\t<div class=\"elementor-element elementor-element-173ff87 elementor-widget elementor-widget-text-editor\" data-id=\"173ff87\" data-element_type=\"widget\" data-widget_type=\"text-editor.default\">\n\t\t\t\t<div class=\"elementor-widget-container\">\n\t\t\t\t\t\t\t\t\t<p>Unser CEO, Alexander Manafi, gibt Ihnen eine kurze private F\u00fchrung. Sehen Sie sich die Software an und erfahren Sie, wie ToolSense zur Verbesserung Ihrer Asset Operations beitr\u00e4gt. Sollte die Video-Einbettung nicht funktionieren, <a href=\"https:\/\/www.loom.com\/share\/4c8e42a38a054aa1a10b24dcf6ed907f\" target=\"_blank\" rel=\"noopener\">finden Sie hier den Video-Link<\/a>.<\/p>\t\t\t\t\t\t\t\t<\/div>\n\t\t\t\t<\/div>\n\t\t\t\t\t<\/div>\n\t\t<\/div>\n\t\t\t\t<div class=\"elementor-column elementor-col-50 elementor-inner-column elementor-element elementor-element-9489a59\" data-id=\"9489a59\" data-element_type=\"column\">\n\t\t\t<div class=\"elementor-widget-wrap elementor-element-populated\">\n\t\t\t\t\t\t<div class=\"elementor-element elementor-element-23b29f4 elementor-widget elementor-widget-html\" data-id=\"23b29f4\" data-element_type=\"widget\" data-widget_type=\"html.default\">\n\t\t\t\t<div class=\"elementor-widget-container\">\n\t\t\t\t\t<div style=\"position: relative; padding-bottom: 62.5%; height: 0;\"><iframe src=\"https:\/\/www.loom.com\/embed\/4609244add0d47e7aecc484db6094fa9\" frameborder=\"0\" webkitallowfullscreen mozallowfullscreen allowfullscreen style=\"position: absolute; top: 0; left: 0; width: 100%; height: 100%;\"><\/iframe><\/div>\t\t\t\t<\/div>\n\t\t\t\t<\/div>\n\t\t\t\t\t<\/div>\n\t\t<\/div>\n\t\t\t\t\t<\/div>\n\t\t<\/section>\n\t\t\t\t\t<\/div>\n\t\t<\/div>\n\t\t\t\t\t<\/div>\n\t\t<\/section>\n\t\t<div class=\"elementor-element elementor-element-30aa59a e-con-full e-flex e-con e-parent\" data-id=\"30aa59a\" data-element_type=\"container\">\n\t\t\t\t<\/div>\n\t\t\t\t<section class=\"elementor-section elementor-top-section elementor-element elementor-element-5b17945 elementor-section-boxed elementor-section-height-default elementor-section-height-default\" data-id=\"5b17945\" data-element_type=\"section\" data-settings=\"{&quot;background_background&quot;:&quot;classic&quot;}\">\n\t\t\t\t\t\t<div class=\"elementor-container elementor-column-gap-default\">\n\t\t\t\t\t<div class=\"elementor-column elementor-col-100 elementor-top-column elementor-element elementor-element-1e02c03\" data-id=\"1e02c03\" data-element_type=\"column\">\n\t\t\t<div class=\"elementor-widget-wrap elementor-element-populated\">\n\t\t\t\t\t\t<section class=\"elementor-section elementor-inner-section elementor-element elementor-element-5786382 elementor-section-full_width elementor-section-content-middle elementor-section-height-default elementor-section-height-default\" data-id=\"5786382\" data-element_type=\"section\">\n\t\t\t\t\t\t<div class=\"elementor-container elementor-column-gap-wide\">\n\t\t\t\t\t<div class=\"elementor-column elementor-col-50 elementor-inner-column elementor-element elementor-element-07e0409\" data-id=\"07e0409\" data-element_type=\"column\">\n\t\t\t<div class=\"elementor-widget-wrap elementor-element-populated\">\n\t\t\t\t\t\t<div class=\"elementor-element elementor-element-355568c elementor-widget__width-auto elementor-absolute elementor-widget elementor-widget-image\" data-id=\"355568c\" data-element_type=\"widget\" data-settings=\"{&quot;_position&quot;:&quot;absolute&quot;}\" data-widget_type=\"image.default\">\n\t\t\t\t<div class=\"elementor-widget-container\">\n\t\t\t\t\t\t\t\t\t\t\t\t\t\t\t<img decoding=\"async\" width=\"63\" height=\"62\" src=\"https:\/\/toolsense.io\/wp-content\/uploads\/2022\/04\/Pfad-14.svg\" class=\"attachment-large size-large wp-image-141\" alt=\"\" \/>\t\t\t\t\t\t\t\t\t\t\t\t\t\t\t<\/div>\n\t\t\t\t<\/div>\n\t\t\t\t<div class=\"elementor-element elementor-element-1d00b85 elementor-widget elementor-widget-image\" data-id=\"1d00b85\" data-element_type=\"widget\" data-widget_type=\"image.default\">\n\t\t\t\t<div class=\"elementor-widget-container\">\n\t\t\t\t\t\t\t\t\t\t\t\t\t\t\t<img decoding=\"async\" width=\"429\" height=\"377\" src=\"https:\/\/toolsense.io\/wp-content\/uploads\/2022\/04\/2e38396a4f4929653c013aafe177daf7.png\" class=\"attachment-large size-large wp-image-40\" alt=\"David Hiersche on ToolSense\" srcset=\"https:\/\/toolsense.io\/wp-content\/uploads\/2022\/04\/2e38396a4f4929653c013aafe177daf7.png 429w, https:\/\/toolsense.io\/wp-content\/uploads\/2022\/04\/2e38396a4f4929653c013aafe177daf7-300x264.png 300w\" sizes=\"(max-width: 429px) 100vw, 429px\" \/>\t\t\t\t\t\t\t\t\t\t\t\t\t\t\t<\/div>\n\t\t\t\t<\/div>\n\t\t\t\t\t<\/div>\n\t\t<\/div>\n\t\t\t\t<div class=\"elementor-column elementor-col-50 elementor-inner-column elementor-element elementor-element-6bbecc8\" data-id=\"6bbecc8\" data-element_type=\"column\">\n\t\t\t<div class=\"elementor-widget-wrap elementor-element-populated\">\n\t\t\t\t\t\t<div class=\"elementor-element elementor-element-6e6e303 elementor-widget elementor-widget-heading\" data-id=\"6e6e303\" data-element_type=\"widget\" data-widget_type=\"heading.default\">\n\t\t\t\t<div class=\"elementor-widget-container\">\n\t\t\t\t\t<h2 class=\"elementor-heading-title elementor-size-default\">David Hiersche<\/h2>\t\t\t\t<\/div>\n\t\t\t\t<\/div>\n\t\t\t\t<div class=\"elementor-element elementor-element-5f9d9eb elementor-widget elementor-widget-heading\" data-id=\"5f9d9eb\" data-element_type=\"widget\" data-widget_type=\"heading.default\">\n\t\t\t\t<div class=\"elementor-widget-container\">\n\t\t\t\t\t<h2 class=\"elementor-heading-title elementor-size-default\">Director Operations Performance<br> <span style=\"font-weight:normal\">ISS Austria<\/span><\/h2>\t\t\t\t<\/div>\n\t\t\t\t<\/div>\n\t\t\t\t<div class=\"elementor-element elementor-element-211a002 elementor-widget elementor-widget-text-editor\" data-id=\"211a002\" data-element_type=\"widget\" data-widget_type=\"text-editor.default\">\n\t\t\t\t<div class=\"elementor-widget-container\">\n\t\t\t\t\t\t\t\t\t<p>Wir wollten eine L\u00f6sung haben, die nicht nur teure, sondern auch g\u00fcnstige Ger\u00e4te erfasst. In \u00d6sterreich sind allein bei ISS \u00fcber 6.500 Reinigungsmaschinen im Einsatz, Staubsauger und andere Ger\u00e4te nicht einmal mitgez\u00e4hlt. Mit ToolSense bringen wir sie auf einer einzigen Plattform zusammen, nutzen die Daten der IoT-Hardware und verbessern die Wartungs- und Inspektionsprozesse.<\/p>\t\t\t\t\t\t\t\t<\/div>\n\t\t\t\t<\/div>\n\t\t\t\t<div class=\"elementor-element elementor-element-15e3c0d elementor-icon-list--layout-traditional elementor-list-item-link-full_width elementor-widget elementor-widget-icon-list\" data-id=\"15e3c0d\" data-element_type=\"widget\" data-widget_type=\"icon-list.default\">\n\t\t\t\t<div class=\"elementor-widget-container\">\n\t\t\t\t\t\t\t<ul class=\"elementor-icon-list-items\">\n\t\t\t\t\t\t\t<li class=\"elementor-icon-list-item\">\n\t\t\t\t\t\t\t\t\t\t\t<a href=\"https:\/\/toolsense.io\/de\/videos\/david-hiersche-iss-austria-x-alexander-manafi-toolsense-interview\/\">\n\n\t\t\t\t\t\t\t\t\t\t\t<span class=\"elementor-icon-list-text\">Das ganze Interview ansehen ><\/span>\n\t\t\t\t\t\t\t\t\t\t\t<\/a>\n\t\t\t\t\t\t\t\t\t<\/li>\n\t\t\t\t\t\t<\/ul>\n\t\t\t\t\t\t<\/div>\n\t\t\t\t<\/div>\n\t\t\t\t\t<\/div>\n\t\t<\/div>\n\t\t\t\t\t<\/div>\n\t\t<\/section>\n\t\t\t\t\t<\/div>\n\t\t<\/div>\n\t\t\t\t\t<\/div>\n\t\t<\/section>\n\t\t\t\t<\/div>\n\t\t","protected":false},"excerpt":{"rendered":"<p>Analysen und Berichte, auf die Sie Ihre Gesch\u00e4ftsentscheidungen st\u00fctzen k\u00f6nnen Sehen Sie die durchschnittliche Laufzeit der letzten sieben Tage, Wartungswarnungen und mehr. Alles ist vollst\u00e4ndig anpassbar und erweiterbar. Sie k\u00f6nnen die Daten auch exportieren oder \u00fcber unsere API auf sie zugreifen. Kostenlos testen Digitale Tour planen Wir f\u00fchren alle f\u00fcr Ihre Assets relevanten Daten zusammen [&hellip;]<\/p>\n","protected":false},"author":2,"featured_media":0,"parent":0,"menu_order":0,"comment_status":"closed","ping_status":"closed","template":"","meta":{"footnotes":""},"class_list":["post-12911","page","type-page","status-publish","hentry"],"yoast_head":"<!-- This site is optimized with the Yoast SEO plugin v27.4 - https:\/\/yoast.com\/product\/yoast-seo-wordpress\/ -->\n<title>Analysen &amp; Berichte &#8212; ToolSense<\/title>\n<meta name=\"robots\" content=\"index, follow, max-snippet:-1, max-image-preview:large, max-video-preview:-1\" \/>\n<link rel=\"canonical\" href=\"https:\/\/toolsense.io\/de\/analysen-berichte\/\" \/>\n<meta property=\"og:locale\" content=\"de_DE\" \/>\n<meta property=\"og:type\" content=\"article\" \/>\n<meta property=\"og:title\" content=\"Analysen &amp; Berichte &#8212; ToolSense\" \/>\n<meta property=\"og:description\" content=\"Analysen und Berichte, auf die Sie Ihre Gesch\u00e4ftsentscheidungen st\u00fctzen k\u00f6nnen Sehen Sie die durchschnittliche Laufzeit der letzten sieben Tage, Wartungswarnungen und mehr. Alles ist vollst\u00e4ndig anpassbar und erweiterbar. Sie k\u00f6nnen die Daten auch exportieren oder \u00fcber unsere API auf sie zugreifen. Kostenlos testen Digitale Tour planen Wir f\u00fchren alle f\u00fcr Ihre Assets relevanten Daten zusammen [&hellip;]\" \/>\n<meta property=\"og:url\" content=\"https:\/\/toolsense.io\/de\/analysen-berichte\/\" \/>\n<meta property=\"og:site_name\" content=\"ToolSense\" \/>\n<meta property=\"article:publisher\" content=\"https:\/\/www.facebook.com\/toolsense.io\" \/>\n<meta property=\"article:modified_time\" content=\"2023-05-25T16:55:49+00:00\" \/>\n<meta property=\"og:image\" content=\"https:\/\/toolsense.io\/wp-content\/uploads\/2022\/08\/toolsense-analytics-reporting-1.png\" \/>\n<meta name=\"twitter:card\" content=\"summary_large_image\" \/>\n<meta name=\"twitter:site\" content=\"@tool_sense\" \/>\n<meta name=\"twitter:label1\" content=\"Gesch\u00e4tzte Lesezeit\" \/>\n\t<meta name=\"twitter:data1\" content=\"5\u00a0Minuten\" \/>\n<script type=\"application\/ld+json\" class=\"yoast-schema-graph\">{\"@context\":\"https:\\\/\\\/schema.org\",\"@graph\":[{\"@type\":\"WebPage\",\"@id\":\"https:\\\/\\\/toolsense.io\\\/de\\\/analysen-berichte\\\/\",\"url\":\"https:\\\/\\\/toolsense.io\\\/de\\\/analysen-berichte\\\/\",\"name\":\"Analysen &amp; Berichte &#8212; ToolSense\",\"isPartOf\":{\"@id\":\"https:\\\/\\\/toolsense.io\\\/de\\\/#website\"},\"primaryImageOfPage\":{\"@id\":\"https:\\\/\\\/toolsense.io\\\/de\\\/analysen-berichte\\\/#primaryimage\"},\"image\":{\"@id\":\"https:\\\/\\\/toolsense.io\\\/de\\\/analysen-berichte\\\/#primaryimage\"},\"thumbnailUrl\":\"https:\\\/\\\/toolsense.io\\\/wp-content\\\/uploads\\\/2022\\\/08\\\/toolsense-analytics-reporting-1.png\",\"datePublished\":\"2022-04-22T06:50:40+00:00\",\"dateModified\":\"2023-05-25T16:55:49+00:00\",\"breadcrumb\":{\"@id\":\"https:\\\/\\\/toolsense.io\\\/de\\\/analysen-berichte\\\/#breadcrumb\"},\"inLanguage\":\"de\",\"potentialAction\":[{\"@type\":\"ReadAction\",\"target\":[\"https:\\\/\\\/toolsense.io\\\/de\\\/analysen-berichte\\\/\"]}]},{\"@type\":\"ImageObject\",\"inLanguage\":\"de\",\"@id\":\"https:\\\/\\\/toolsense.io\\\/de\\\/analysen-berichte\\\/#primaryimage\",\"url\":\"https:\\\/\\\/toolsense.io\\\/wp-content\\\/uploads\\\/2022\\\/08\\\/toolsense-analytics-reporting-1.png\",\"contentUrl\":\"https:\\\/\\\/toolsense.io\\\/wp-content\\\/uploads\\\/2022\\\/08\\\/toolsense-analytics-reporting-1.png\"},{\"@type\":\"BreadcrumbList\",\"@id\":\"https:\\\/\\\/toolsense.io\\\/de\\\/analysen-berichte\\\/#breadcrumb\",\"itemListElement\":[{\"@type\":\"ListItem\",\"position\":1,\"name\":\"Home\",\"item\":\"https:\\\/\\\/toolsense.io\\\/de\\\/\"},{\"@type\":\"ListItem\",\"position\":2,\"name\":\"Analysen &amp; Berichte\"}]},{\"@type\":\"WebSite\",\"@id\":\"https:\\\/\\\/toolsense.io\\\/de\\\/#website\",\"url\":\"https:\\\/\\\/toolsense.io\\\/de\\\/\",\"name\":\"ToolSense\",\"description\":\"ToolSense: Software &amp; IoT Solution for Machine &amp; Service Management\",\"publisher\":{\"@id\":\"https:\\\/\\\/toolsense.io\\\/de\\\/#organization\"},\"potentialAction\":[{\"@type\":\"SearchAction\",\"target\":{\"@type\":\"EntryPoint\",\"urlTemplate\":\"https:\\\/\\\/toolsense.io\\\/de\\\/?s={search_term_string}\"},\"query-input\":{\"@type\":\"PropertyValueSpecification\",\"valueRequired\":true,\"valueName\":\"search_term_string\"}}],\"inLanguage\":\"de\"},{\"@type\":\"Organization\",\"@id\":\"https:\\\/\\\/toolsense.io\\\/de\\\/#organization\",\"name\":\"ToolSense\",\"url\":\"https:\\\/\\\/toolsense.io\\\/de\\\/\",\"logo\":{\"@type\":\"ImageObject\",\"inLanguage\":\"de\",\"@id\":\"https:\\\/\\\/toolsense.io\\\/de\\\/#\\\/schema\\\/logo\\\/image\\\/\",\"url\":\"https:\\\/\\\/toolsense.io\\\/wp-content\\\/uploads\\\/2022\\\/04\\\/ToolSense@2x.png\",\"contentUrl\":\"https:\\\/\\\/toolsense.io\\\/wp-content\\\/uploads\\\/2022\\\/04\\\/ToolSense@2x.png\",\"width\":376,\"height\":112,\"caption\":\"ToolSense\"},\"image\":{\"@id\":\"https:\\\/\\\/toolsense.io\\\/de\\\/#\\\/schema\\\/logo\\\/image\\\/\"},\"sameAs\":[\"https:\\\/\\\/www.facebook.com\\\/toolsense.io\",\"https:\\\/\\\/x.com\\\/tool_sense\",\"https:\\\/\\\/www.linkedin.com\\\/company\\\/toolsense\\\/\",\"https:\\\/\\\/www.youtube.com\\\/channel\\\/UCfGnI2vA6rIQ2fq4r3lJklA\"]}]}<\/script>\n<!-- \/ Yoast SEO plugin. -->","yoast_head_json":{"title":"Analysen &amp; Berichte &#8212; ToolSense","robots":{"index":"index","follow":"follow","max-snippet":"max-snippet:-1","max-image-preview":"max-image-preview:large","max-video-preview":"max-video-preview:-1"},"canonical":"https:\/\/toolsense.io\/de\/analysen-berichte\/","og_locale":"de_DE","og_type":"article","og_title":"Analysen &amp; Berichte &#8212; ToolSense","og_description":"Analysen und Berichte, auf die Sie Ihre Gesch\u00e4ftsentscheidungen st\u00fctzen k\u00f6nnen Sehen Sie die durchschnittliche Laufzeit der letzten sieben Tage, Wartungswarnungen und mehr. Alles ist vollst\u00e4ndig anpassbar und erweiterbar. Sie k\u00f6nnen die Daten auch exportieren oder \u00fcber unsere API auf sie zugreifen. Kostenlos testen Digitale Tour planen Wir f\u00fchren alle f\u00fcr Ihre Assets relevanten Daten zusammen [&hellip;]","og_url":"https:\/\/toolsense.io\/de\/analysen-berichte\/","og_site_name":"ToolSense","article_publisher":"https:\/\/www.facebook.com\/toolsense.io","article_modified_time":"2023-05-25T16:55:49+00:00","og_image":[{"url":"https:\/\/toolsense.io\/wp-content\/uploads\/2022\/08\/toolsense-analytics-reporting-1.png","type":"","width":"","height":""}],"twitter_card":"summary_large_image","twitter_site":"@tool_sense","twitter_misc":{"Gesch\u00e4tzte Lesezeit":"5\u00a0Minuten"},"schema":{"@context":"https:\/\/schema.org","@graph":[{"@type":"WebPage","@id":"https:\/\/toolsense.io\/de\/analysen-berichte\/","url":"https:\/\/toolsense.io\/de\/analysen-berichte\/","name":"Analysen &amp; Berichte &#8212; ToolSense","isPartOf":{"@id":"https:\/\/toolsense.io\/de\/#website"},"primaryImageOfPage":{"@id":"https:\/\/toolsense.io\/de\/analysen-berichte\/#primaryimage"},"image":{"@id":"https:\/\/toolsense.io\/de\/analysen-berichte\/#primaryimage"},"thumbnailUrl":"https:\/\/toolsense.io\/wp-content\/uploads\/2022\/08\/toolsense-analytics-reporting-1.png","datePublished":"2022-04-22T06:50:40+00:00","dateModified":"2023-05-25T16:55:49+00:00","breadcrumb":{"@id":"https:\/\/toolsense.io\/de\/analysen-berichte\/#breadcrumb"},"inLanguage":"de","potentialAction":[{"@type":"ReadAction","target":["https:\/\/toolsense.io\/de\/analysen-berichte\/"]}]},{"@type":"ImageObject","inLanguage":"de","@id":"https:\/\/toolsense.io\/de\/analysen-berichte\/#primaryimage","url":"https:\/\/toolsense.io\/wp-content\/uploads\/2022\/08\/toolsense-analytics-reporting-1.png","contentUrl":"https:\/\/toolsense.io\/wp-content\/uploads\/2022\/08\/toolsense-analytics-reporting-1.png"},{"@type":"BreadcrumbList","@id":"https:\/\/toolsense.io\/de\/analysen-berichte\/#breadcrumb","itemListElement":[{"@type":"ListItem","position":1,"name":"Home","item":"https:\/\/toolsense.io\/de\/"},{"@type":"ListItem","position":2,"name":"Analysen &amp; Berichte"}]},{"@type":"WebSite","@id":"https:\/\/toolsense.io\/de\/#website","url":"https:\/\/toolsense.io\/de\/","name":"ToolSense","description":"ToolSense: Software &amp; IoT Solution for Machine &amp; Service Management","publisher":{"@id":"https:\/\/toolsense.io\/de\/#organization"},"potentialAction":[{"@type":"SearchAction","target":{"@type":"EntryPoint","urlTemplate":"https:\/\/toolsense.io\/de\/?s={search_term_string}"},"query-input":{"@type":"PropertyValueSpecification","valueRequired":true,"valueName":"search_term_string"}}],"inLanguage":"de"},{"@type":"Organization","@id":"https:\/\/toolsense.io\/de\/#organization","name":"ToolSense","url":"https:\/\/toolsense.io\/de\/","logo":{"@type":"ImageObject","inLanguage":"de","@id":"https:\/\/toolsense.io\/de\/#\/schema\/logo\/image\/","url":"https:\/\/toolsense.io\/wp-content\/uploads\/2022\/04\/ToolSense@2x.png","contentUrl":"https:\/\/toolsense.io\/wp-content\/uploads\/2022\/04\/ToolSense@2x.png","width":376,"height":112,"caption":"ToolSense"},"image":{"@id":"https:\/\/toolsense.io\/de\/#\/schema\/logo\/image\/"},"sameAs":["https:\/\/www.facebook.com\/toolsense.io","https:\/\/x.com\/tool_sense","https:\/\/www.linkedin.com\/company\/toolsense\/","https:\/\/www.youtube.com\/channel\/UCfGnI2vA6rIQ2fq4r3lJklA"]}]}},"_links":{"self":[{"href":"https:\/\/toolsense.io\/de\/wp-json\/wp\/v2\/pages\/12911","targetHints":{"allow":["GET"]}}],"collection":[{"href":"https:\/\/toolsense.io\/de\/wp-json\/wp\/v2\/pages"}],"about":[{"href":"https:\/\/toolsense.io\/de\/wp-json\/wp\/v2\/types\/page"}],"author":[{"embeddable":true,"href":"https:\/\/toolsense.io\/de\/wp-json\/wp\/v2\/users\/2"}],"replies":[{"embeddable":true,"href":"https:\/\/toolsense.io\/de\/wp-json\/wp\/v2\/comments?post=12911"}],"version-history":[{"count":24,"href":"https:\/\/toolsense.io\/de\/wp-json\/wp\/v2\/pages\/12911\/revisions"}],"predecessor-version":[{"id":50489,"href":"https:\/\/toolsense.io\/de\/wp-json\/wp\/v2\/pages\/12911\/revisions\/50489"}],"wp:attachment":[{"href":"https:\/\/toolsense.io\/de\/wp-json\/wp\/v2\/media?parent=12911"}],"curies":[{"name":"wp","href":"https:\/\/api.w.org\/{rel}","templated":true}]}}