{"id":12920,"date":"2022-04-22T06:54:05","date_gmt":"2022-04-22T06:54:05","guid":{"rendered":"https:\/\/toolsense.io\/impressum\/"},"modified":"2025-11-19T23:00:25","modified_gmt":"2025-11-19T23:00:25","slug":"impressum","status":"publish","type":"page","link":"https:\/\/toolsense.io\/de\/impressum\/","title":{"rendered":"Impressum"},"content":{"rendered":"\n<h2 class=\"wp-block-heading\">Informationspflicht<\/h2>\n\n\n\n<p>Informationspflicht laut \u00a75 E-Commerce Gesetz, \u00a714 Unternehmensgesetzbuch, \u00a763 Gewerbeordnung und Offenlegungspflicht laut \u00a725 Mediengesetz.<\/p>\n\n\n\n<p>ToolSense GmbH<br>Kaiserstra\u00dfe 87\/2\/2-3<br>1070 Wien,<br>\u00d6sterreich<\/p>\n\n\n\n<p>Unternehmensgegenstand: IT Dienstleistungen<br>UID-Nummer: ATU72368859<br>Firmenbuchnummer: 473603 a<br>Firmenbuchgericht: Handelsgericht Wien<br>Firmensitz: 1070 Wien<\/p>\n\n\n\n<p>E-Mail: office@toolsense.io<\/p>\n\n\n\n<p>Aufsichtsbeh\u00f6rde\/Gewerbebeh\u00f6rde: Magistratisches Bezirksamt 1070<br>T\u00e4tigkeitsbeschreibung: Entwicklung und Vertrieb von Hard- und Softwarel\u00f6sungen sowie Dienstleistungen im Bereich Messtechnik, Telemetrie und Steuerungstechnik<br>Verleihungsstaat: \u00d6sterreich<\/p>\n\n\n\n<p>Gesch\u00e4ftsf\u00fchrer<br>Alexander Manafi<\/p>\n\n\n\n<h2 class=\"wp-block-heading\">EU-Streitschlichtung<\/h2>\n\n\n\n<p>Gem\u00e4\u00df Verordnung \u00fcber Online-Streitbeilegung in Verbraucherangelegenheiten (ODR-Verordnung) m\u00f6chten wir Sie \u00fcber die Online-Streitbeilegungsplattform (OS-Plattform) informieren.<\/p>\n\n\n\n<p>Verbraucher haben die M\u00f6glichkeit, Beschwerden an die Online Streitbeilegungsplattform der Europ\u00e4ischen Kommission unter&nbsp;<a href=\"http:\/\/ec.europa.eu\/odr?tid=221078493\" target=\"_blank\" rel=\"noreferrer noopener\">http:\/\/ec.europa.eu\/odr?tid=221078493<\/a>&nbsp;zu richten. Die daf\u00fcr notwendigen Kontaktdaten finden Sie oberhalb in unserem Impressum.<\/p>\n\n\n\n<p>Wir m\u00f6chten Sie jedoch darauf hinweisen, dass wir nicht bereit oder verpflichtet sind, an Streitbeilegungsverfahren vor einer Verbraucherschlichtungsstelle teilzunehmen.<\/p>\n\n\n\n<h2 class=\"wp-block-heading\">Haftung f\u00fcr Inhalte dieser Webseite<\/h2>\n\n\n\n<p>Wir entwickeln die Inhalte dieser Webseite st\u00e4ndig weiter und bem\u00fchen uns korrekte und aktuelle Informationen bereitzustellen. Leider k\u00f6nnen wir keine Haftung f\u00fcr die Korrektheit aller Inhalte auf dieser Webseite \u00fcbernehmen, speziell f\u00fcr jene die seitens Dritter bereitgestellt wurden.<\/p>\n\n\n\n<p>Sollten Ihnen problematische oder rechtswidrige Inhalte auffallen, bitte wir Sie uns umgehend zu kontaktieren, Sie finden die Kontaktdaten im Impressum.<\/p>\n\n\n\n<h2 class=\"wp-block-heading\">Haftung f\u00fcr Links auf dieser Webseite<\/h2>\n\n\n\n<p>Unsere Webseite enth\u00e4lt Links zu anderen Webseiten f\u00fcr deren Inhalt wir nicht verantwortlich sind. Haftung f\u00fcr verlinkte Websites besteht laut \u00a7 17 ECG f\u00fcr uns nicht, da wir keine Kenntnis rechtswidriger T\u00e4tigkeiten hatten und haben, uns solche Rechtswidrigkeiten auch bisher nicht aufgefallen sind und wir Links sofort entfernen w\u00fcrden, wenn uns Rechtswidrigkeiten bekannt werden.<\/p>\n\n\n\n<p>Wenn Ihnen rechtswidrige Links auf unserer Website auffallen, bitte wir Sie uns zu kontaktieren, Sie finden die Kontaktdaten im Impressum.<\/p>\n\n\n\n<h2 class=\"wp-block-heading\">Urheberrechtshinweis<\/h2>\n\n\n\n<p>Alle Inhalte dieser Webseite (Bilder, Fotos, Texte, Videos) unterliegen dem Urheberrecht. Falls notwendig, werden wir die unerlaubte Nutzung von Teilen der Inhalte unserer Seite rechtlich verfolgen.<\/p>\n\n\n\n<h2 class=\"wp-block-heading\">Bildernachweis<\/h2>\n\n\n\n<p>Die Bilder, Fotos und Grafiken auf dieser Webseite sind urheberrechtlich gesch\u00fctzt.<\/p>\n\n\n\n<p>Die Bilderrechte liegen bei den folgenden Fotografen und Unternehmen: ToolSense GmbH<\/p>\n","protected":false},"excerpt":{"rendered":"<p>Informationspflicht Informationspflicht laut \u00a75 E-Commerce Gesetz, \u00a714 Unternehmensgesetzbuch, \u00a763 Gewerbeordnung und Offenlegungspflicht laut \u00a725 Mediengesetz. ToolSense GmbHKaiserstra\u00dfe 87\/2\/2-31070 Wien,\u00d6sterreich Unternehmensgegenstand: IT DienstleistungenUID-Nummer: ATU72368859Firmenbuchnummer: 473603 aFirmenbuchgericht: Handelsgericht WienFirmensitz: 1070 Wien E-Mail: office@toolsense.io Aufsichtsbeh\u00f6rde\/Gewerbebeh\u00f6rde: Magistratisches Bezirksamt 1070T\u00e4tigkeitsbeschreibung: Entwicklung und Vertrieb von Hard- und Softwarel\u00f6sungen sowie Dienstleistungen im Bereich Messtechnik, Telemetrie und SteuerungstechnikVerleihungsstaat: \u00d6sterreich Gesch\u00e4ftsf\u00fchrerAlexander Manafi EU-Streitschlichtung Gem\u00e4\u00df [&hellip;]<\/p>\n","protected":false},"author":2,"featured_media":0,"parent":0,"menu_order":0,"comment_status":"closed","ping_status":"closed","template":"","meta":{"footnotes":""},"class_list":["post-12920","page","type-page","status-publish","hentry"],"yoast_head":"<!-- This site is optimized with the Yoast SEO plugin v27.3 - https:\/\/yoast.com\/product\/yoast-seo-wordpress\/ -->\n<title>Impressum &#8212; ToolSense<\/title>\n<meta name=\"robots\" content=\"index, follow, max-snippet:-1, max-image-preview:large, max-video-preview:-1\" \/>\n<link rel=\"canonical\" href=\"https:\/\/toolsense.io\/de\/impressum\/\" \/>\n<meta property=\"og:locale\" content=\"de_DE\" \/>\n<meta property=\"og:type\" content=\"article\" \/>\n<meta property=\"og:title\" content=\"Impressum &#8212; ToolSense\" \/>\n<meta property=\"og:description\" content=\"Informationspflicht Informationspflicht laut \u00a75 E-Commerce Gesetz, \u00a714 Unternehmensgesetzbuch, \u00a763 Gewerbeordnung und Offenlegungspflicht laut \u00a725 Mediengesetz. ToolSense GmbHKaiserstra\u00dfe 87\/2\/2-31070 Wien,\u00d6sterreich Unternehmensgegenstand: IT DienstleistungenUID-Nummer: ATU72368859Firmenbuchnummer: 473603 aFirmenbuchgericht: Handelsgericht WienFirmensitz: 1070 Wien E-Mail: office@toolsense.io Aufsichtsbeh\u00f6rde\/Gewerbebeh\u00f6rde: Magistratisches Bezirksamt 1070T\u00e4tigkeitsbeschreibung: Entwicklung und Vertrieb von Hard- und Softwarel\u00f6sungen sowie Dienstleistungen im Bereich Messtechnik, Telemetrie und SteuerungstechnikVerleihungsstaat: \u00d6sterreich Gesch\u00e4ftsf\u00fchrerAlexander Manafi EU-Streitschlichtung Gem\u00e4\u00df [&hellip;]\" \/>\n<meta property=\"og:url\" content=\"https:\/\/toolsense.io\/de\/impressum\/\" \/>\n<meta property=\"og:site_name\" content=\"ToolSense\" \/>\n<meta property=\"article:publisher\" content=\"https:\/\/www.facebook.com\/toolsense.io\" \/>\n<meta property=\"article:modified_time\" content=\"2025-11-19T23:00:25+00:00\" \/>\n<meta property=\"og:image\" content=\"https:\/\/toolsense.io\/wp-content\/uploads\/2022\/04\/toolsense-linkedin-banner-privat-stihl-scaled.jpg\" \/>\n\t<meta property=\"og:image:width\" content=\"2560\" \/>\n\t<meta property=\"og:image:height\" content=\"644\" \/>\n\t<meta property=\"og:image:type\" content=\"image\/jpeg\" \/>\n<meta name=\"twitter:card\" content=\"summary_large_image\" \/>\n<meta name=\"twitter:site\" content=\"@tool_sense\" \/>\n<meta name=\"twitter:label1\" content=\"Gesch\u00e4tzte Lesezeit\" \/>\n\t<meta name=\"twitter:data1\" content=\"2\u00a0Minuten\" \/>\n<script type=\"application\/ld+json\" class=\"yoast-schema-graph\">{\"@context\":\"https:\\\/\\\/schema.org\",\"@graph\":[{\"@type\":\"WebPage\",\"@id\":\"https:\\\/\\\/toolsense.io\\\/de\\\/impressum\\\/\",\"url\":\"https:\\\/\\\/toolsense.io\\\/de\\\/impressum\\\/\",\"name\":\"Impressum &#8212; ToolSense\",\"isPartOf\":{\"@id\":\"https:\\\/\\\/toolsense.io\\\/de\\\/#website\"},\"datePublished\":\"2022-04-22T06:54:05+00:00\",\"dateModified\":\"2025-11-19T23:00:25+00:00\",\"breadcrumb\":{\"@id\":\"https:\\\/\\\/toolsense.io\\\/de\\\/impressum\\\/#breadcrumb\"},\"inLanguage\":\"de\",\"potentialAction\":[{\"@type\":\"ReadAction\",\"target\":[\"https:\\\/\\\/toolsense.io\\\/de\\\/impressum\\\/\"]}]},{\"@type\":\"BreadcrumbList\",\"@id\":\"https:\\\/\\\/toolsense.io\\\/de\\\/impressum\\\/#breadcrumb\",\"itemListElement\":[{\"@type\":\"ListItem\",\"position\":1,\"name\":\"Home\",\"item\":\"https:\\\/\\\/toolsense.io\\\/de\\\/\"},{\"@type\":\"ListItem\",\"position\":2,\"name\":\"Impressum\"}]},{\"@type\":\"WebSite\",\"@id\":\"https:\\\/\\\/toolsense.io\\\/de\\\/#website\",\"url\":\"https:\\\/\\\/toolsense.io\\\/de\\\/\",\"name\":\"ToolSense\",\"description\":\"ToolSense: Software &amp; IoT Solution for Machine &amp; Service Management\",\"publisher\":{\"@id\":\"https:\\\/\\\/toolsense.io\\\/de\\\/#organization\"},\"potentialAction\":[{\"@type\":\"SearchAction\",\"target\":{\"@type\":\"EntryPoint\",\"urlTemplate\":\"https:\\\/\\\/toolsense.io\\\/de\\\/?s={search_term_string}\"},\"query-input\":{\"@type\":\"PropertyValueSpecification\",\"valueRequired\":true,\"valueName\":\"search_term_string\"}}],\"inLanguage\":\"de\"},{\"@type\":\"Organization\",\"@id\":\"https:\\\/\\\/toolsense.io\\\/de\\\/#organization\",\"name\":\"ToolSense\",\"url\":\"https:\\\/\\\/toolsense.io\\\/de\\\/\",\"logo\":{\"@type\":\"ImageObject\",\"inLanguage\":\"de\",\"@id\":\"https:\\\/\\\/toolsense.io\\\/de\\\/#\\\/schema\\\/logo\\\/image\\\/\",\"url\":\"https:\\\/\\\/toolsense.io\\\/wp-content\\\/uploads\\\/2022\\\/04\\\/ToolSense@2x.png\",\"contentUrl\":\"https:\\\/\\\/toolsense.io\\\/wp-content\\\/uploads\\\/2022\\\/04\\\/ToolSense@2x.png\",\"width\":376,\"height\":112,\"caption\":\"ToolSense\"},\"image\":{\"@id\":\"https:\\\/\\\/toolsense.io\\\/de\\\/#\\\/schema\\\/logo\\\/image\\\/\"},\"sameAs\":[\"https:\\\/\\\/www.facebook.com\\\/toolsense.io\",\"https:\\\/\\\/x.com\\\/tool_sense\",\"https:\\\/\\\/www.linkedin.com\\\/company\\\/toolsense\\\/\",\"https:\\\/\\\/www.youtube.com\\\/channel\\\/UCfGnI2vA6rIQ2fq4r3lJklA\"]}]}<\/script>\n<!-- \/ Yoast SEO plugin. -->","yoast_head_json":{"title":"Impressum &#8212; ToolSense","robots":{"index":"index","follow":"follow","max-snippet":"max-snippet:-1","max-image-preview":"max-image-preview:large","max-video-preview":"max-video-preview:-1"},"canonical":"https:\/\/toolsense.io\/de\/impressum\/","og_locale":"de_DE","og_type":"article","og_title":"Impressum &#8212; ToolSense","og_description":"Informationspflicht Informationspflicht laut \u00a75 E-Commerce Gesetz, \u00a714 Unternehmensgesetzbuch, \u00a763 Gewerbeordnung und Offenlegungspflicht laut \u00a725 Mediengesetz. ToolSense GmbHKaiserstra\u00dfe 87\/2\/2-31070 Wien,\u00d6sterreich Unternehmensgegenstand: IT DienstleistungenUID-Nummer: ATU72368859Firmenbuchnummer: 473603 aFirmenbuchgericht: Handelsgericht WienFirmensitz: 1070 Wien E-Mail: office@toolsense.io Aufsichtsbeh\u00f6rde\/Gewerbebeh\u00f6rde: Magistratisches Bezirksamt 1070T\u00e4tigkeitsbeschreibung: Entwicklung und Vertrieb von Hard- und Softwarel\u00f6sungen sowie Dienstleistungen im Bereich Messtechnik, Telemetrie und SteuerungstechnikVerleihungsstaat: \u00d6sterreich Gesch\u00e4ftsf\u00fchrerAlexander Manafi EU-Streitschlichtung Gem\u00e4\u00df [&hellip;]","og_url":"https:\/\/toolsense.io\/de\/impressum\/","og_site_name":"ToolSense","article_publisher":"https:\/\/www.facebook.com\/toolsense.io","article_modified_time":"2025-11-19T23:00:25+00:00","og_image":[{"width":2560,"height":644,"url":"https:\/\/toolsense.io\/wp-content\/uploads\/2022\/04\/toolsense-linkedin-banner-privat-stihl-scaled.jpg","type":"image\/jpeg"}],"twitter_card":"summary_large_image","twitter_site":"@tool_sense","twitter_misc":{"Gesch\u00e4tzte Lesezeit":"2\u00a0Minuten"},"schema":{"@context":"https:\/\/schema.org","@graph":[{"@type":"WebPage","@id":"https:\/\/toolsense.io\/de\/impressum\/","url":"https:\/\/toolsense.io\/de\/impressum\/","name":"Impressum &#8212; ToolSense","isPartOf":{"@id":"https:\/\/toolsense.io\/de\/#website"},"datePublished":"2022-04-22T06:54:05+00:00","dateModified":"2025-11-19T23:00:25+00:00","breadcrumb":{"@id":"https:\/\/toolsense.io\/de\/impressum\/#breadcrumb"},"inLanguage":"de","potentialAction":[{"@type":"ReadAction","target":["https:\/\/toolsense.io\/de\/impressum\/"]}]},{"@type":"BreadcrumbList","@id":"https:\/\/toolsense.io\/de\/impressum\/#breadcrumb","itemListElement":[{"@type":"ListItem","position":1,"name":"Home","item":"https:\/\/toolsense.io\/de\/"},{"@type":"ListItem","position":2,"name":"Impressum"}]},{"@type":"WebSite","@id":"https:\/\/toolsense.io\/de\/#website","url":"https:\/\/toolsense.io\/de\/","name":"ToolSense","description":"ToolSense: Software &amp; IoT Solution for Machine &amp; Service Management","publisher":{"@id":"https:\/\/toolsense.io\/de\/#organization"},"potentialAction":[{"@type":"SearchAction","target":{"@type":"EntryPoint","urlTemplate":"https:\/\/toolsense.io\/de\/?s={search_term_string}"},"query-input":{"@type":"PropertyValueSpecification","valueRequired":true,"valueName":"search_term_string"}}],"inLanguage":"de"},{"@type":"Organization","@id":"https:\/\/toolsense.io\/de\/#organization","name":"ToolSense","url":"https:\/\/toolsense.io\/de\/","logo":{"@type":"ImageObject","inLanguage":"de","@id":"https:\/\/toolsense.io\/de\/#\/schema\/logo\/image\/","url":"https:\/\/toolsense.io\/wp-content\/uploads\/2022\/04\/ToolSense@2x.png","contentUrl":"https:\/\/toolsense.io\/wp-content\/uploads\/2022\/04\/ToolSense@2x.png","width":376,"height":112,"caption":"ToolSense"},"image":{"@id":"https:\/\/toolsense.io\/de\/#\/schema\/logo\/image\/"},"sameAs":["https:\/\/www.facebook.com\/toolsense.io","https:\/\/x.com\/tool_sense","https:\/\/www.linkedin.com\/company\/toolsense\/","https:\/\/www.youtube.com\/channel\/UCfGnI2vA6rIQ2fq4r3lJklA"]}]}},"_links":{"self":[{"href":"https:\/\/toolsense.io\/de\/wp-json\/wp\/v2\/pages\/12920","targetHints":{"allow":["GET"]}}],"collection":[{"href":"https:\/\/toolsense.io\/de\/wp-json\/wp\/v2\/pages"}],"about":[{"href":"https:\/\/toolsense.io\/de\/wp-json\/wp\/v2\/types\/page"}],"author":[{"embeddable":true,"href":"https:\/\/toolsense.io\/de\/wp-json\/wp\/v2\/users\/2"}],"replies":[{"embeddable":true,"href":"https:\/\/toolsense.io\/de\/wp-json\/wp\/v2\/comments?post=12920"}],"version-history":[{"count":5,"href":"https:\/\/toolsense.io\/de\/wp-json\/wp\/v2\/pages\/12920\/revisions"}],"predecessor-version":[{"id":201833,"href":"https:\/\/toolsense.io\/de\/wp-json\/wp\/v2\/pages\/12920\/revisions\/201833"}],"wp:attachment":[{"href":"https:\/\/toolsense.io\/de\/wp-json\/wp\/v2\/media?parent=12920"}],"curies":[{"name":"wp","href":"https:\/\/api.w.org\/{rel}","templated":true}]}}