{"id":12924,"date":"2022-04-22T06:51:22","date_gmt":"2022-04-22T06:51:22","guid":{"rendered":"https:\/\/toolsense.io\/individuelle-formulare-checklisten\/"},"modified":"2023-05-25T16:54:53","modified_gmt":"2023-05-25T16:54:53","slug":"individuelle-formulare-checklisten","status":"publish","type":"page","link":"https:\/\/toolsense.io\/de\/individuelle-formulare-checklisten\/","title":{"rendered":"Individuelle Formulare &amp; Checklisten"},"content":{"rendered":"\t\t<div data-elementor-type=\"wp-page\" data-elementor-id=\"12924\" class=\"elementor elementor-12924 elementor-2176\" data-elementor-post-type=\"page\">\n\t\t\t\t\t\t<section class=\"elementor-section elementor-top-section elementor-element elementor-element-6279c0c elementor-section-boxed elementor-section-height-default elementor-section-height-default\" data-id=\"6279c0c\" data-element_type=\"section\" data-settings=\"{&quot;background_background&quot;:&quot;classic&quot;}\">\n\t\t\t\t\t\t<div class=\"elementor-container elementor-column-gap-default\">\n\t\t\t\t\t<div class=\"elementor-column elementor-col-100 elementor-top-column elementor-element elementor-element-94e03bf\" data-id=\"94e03bf\" data-element_type=\"column\">\n\t\t\t<div class=\"elementor-widget-wrap elementor-element-populated\">\n\t\t\t\t\t\t<div class=\"elementor-element elementor-element-6c91793 elementor-widget elementor-widget-heading\" data-id=\"6c91793\" data-element_type=\"widget\" data-widget_type=\"heading.default\">\n\t\t\t\t<div class=\"elementor-widget-container\">\n\t\t\t\t\t<h1 class=\"elementor-heading-title elementor-size-default\">Erstellen Sie benutzerdefinierte Formulare und Checklisten<\/h1>\t\t\t\t<\/div>\n\t\t\t\t<\/div>\n\t\t\t\t<div class=\"elementor-element elementor-element-191817c elementor-widget elementor-widget-text-editor\" data-id=\"191817c\" data-element_type=\"widget\" data-widget_type=\"text-editor.default\">\n\t\t\t\t<div class=\"elementor-widget-container\">\n\t\t\t\t\t\t\t\t\t<p>ToolSense wurde mit Blick auf komplexe Anforderungen entwickelt. Daher haben wir einen Drag-and-Drop-Formular-Builder integriert. Nehmen Sie alle Formulare und Checklisten, die Sie bereits verwenden, und integrieren Sie sie einfach in unsere Asset Operations Plattform.<\/p>\t\t\t\t\t\t\t\t<\/div>\n\t\t\t\t<\/div>\n\t\t\t\t<div class=\"elementor-element elementor-element-ffeb037 elementor-widget__width-auto elementor-widget elementor-widget-button\" data-id=\"ffeb037\" data-element_type=\"widget\" data-widget_type=\"button.default\">\n\t\t\t\t<div class=\"elementor-widget-container\">\n\t\t\t\t\t\t\t\t\t<div class=\"elementor-button-wrapper\">\n\t\t\t\t\t<a class=\"elementor-button elementor-button-link elementor-size-sm\" href=\"https:\/\/toolsense.io\/de\/kostenlos-testen\/\">\n\t\t\t\t\t\t<span class=\"elementor-button-content-wrapper\">\n\t\t\t\t\t\t\t\t\t<span class=\"elementor-button-text\">Kostenlos testen<\/span>\n\t\t\t\t\t<\/span>\n\t\t\t\t\t<\/a>\n\t\t\t\t<\/div>\n\t\t\t\t\t\t\t\t<\/div>\n\t\t\t\t<\/div>\n\t\t\t\t<div class=\"elementor-element elementor-element-1d29d92 elementor-widget__width-auto elementor-widget elementor-widget-button\" data-id=\"1d29d92\" data-element_type=\"widget\" data-widget_type=\"button.default\">\n\t\t\t\t<div class=\"elementor-widget-container\">\n\t\t\t\t\t\t\t\t\t<div class=\"elementor-button-wrapper\">\n\t\t\t\t\t<a class=\"elementor-button elementor-button-link elementor-size-sm\" href=\"https:\/\/toolsense.io\/de\/demo\/\">\n\t\t\t\t\t\t<span class=\"elementor-button-content-wrapper\">\n\t\t\t\t\t\t\t\t\t<span class=\"elementor-button-text\">Digitale Tour planen<\/span>\n\t\t\t\t\t<\/span>\n\t\t\t\t\t<\/a>\n\t\t\t\t<\/div>\n\t\t\t\t\t\t\t\t<\/div>\n\t\t\t\t<\/div>\n\t\t\t\t\t<\/div>\n\t\t<\/div>\n\t\t\t\t\t<\/div>\n\t\t<\/section>\n\t\t\t\t<section class=\"elementor-section elementor-top-section elementor-element elementor-element-554a307 elementor-section-boxed elementor-section-height-default elementor-section-height-default\" data-id=\"554a307\" data-element_type=\"section\" data-settings=\"{&quot;background_background&quot;:&quot;classic&quot;}\">\n\t\t\t\t\t\t<div class=\"elementor-container elementor-column-gap-extended\">\n\t\t\t\t\t<div class=\"elementor-column elementor-col-100 elementor-top-column elementor-element elementor-element-1b7ba32\" data-id=\"1b7ba32\" data-element_type=\"column\">\n\t\t\t<div class=\"elementor-widget-wrap elementor-element-populated\">\n\t\t\t\t\t\t<section class=\"elementor-section elementor-inner-section elementor-element elementor-element-bad98f8 elementor-section-content-middle elementor-section-boxed elementor-section-height-default elementor-section-height-default\" data-id=\"bad98f8\" data-element_type=\"section\">\n\t\t\t\t\t\t<div class=\"elementor-container elementor-column-gap-wide\">\n\t\t\t\t\t<div class=\"elementor-column elementor-col-50 elementor-inner-column elementor-element elementor-element-f2f368c\" data-id=\"f2f368c\" data-element_type=\"column\">\n\t\t\t<div class=\"elementor-widget-wrap elementor-element-populated\">\n\t\t\t\t\t\t<div class=\"elementor-element elementor-element-2ce5a0c elementor-widget elementor-widget-image\" data-id=\"2ce5a0c\" data-element_type=\"widget\" data-widget_type=\"image.default\">\n\t\t\t\t<div class=\"elementor-widget-container\">\n\t\t\t\t\t\t\t\t\t\t\t\t\t\t\t<img fetchpriority=\"high\" decoding=\"async\" width=\"1391\" height=\"1030\" src=\"https:\/\/toolsense.io\/wp-content\/uploads\/2022\/04\/custom-forms-checklists.png\" class=\"attachment-full size-full wp-image-17018\" alt=\"\" srcset=\"https:\/\/toolsense.io\/wp-content\/uploads\/2022\/04\/custom-forms-checklists.png 1391w, https:\/\/toolsense.io\/wp-content\/uploads\/2022\/04\/custom-forms-checklists-300x222.png 300w, https:\/\/toolsense.io\/wp-content\/uploads\/2022\/04\/custom-forms-checklists-1024x758.png 1024w, https:\/\/toolsense.io\/wp-content\/uploads\/2022\/04\/custom-forms-checklists-768x569.png 768w\" sizes=\"(max-width: 1391px) 100vw, 1391px\" \/>\t\t\t\t\t\t\t\t\t\t\t\t\t\t\t<\/div>\n\t\t\t\t<\/div>\n\t\t\t\t\t<\/div>\n\t\t<\/div>\n\t\t\t\t<div class=\"elementor-column elementor-col-50 elementor-inner-column elementor-element elementor-element-d3b3861\" data-id=\"d3b3861\" data-element_type=\"column\">\n\t\t\t<div class=\"elementor-widget-wrap elementor-element-populated\">\n\t\t\t\t\t\t<div class=\"elementor-element elementor-element-c166387 elementor-widget elementor-widget-heading\" data-id=\"c166387\" data-element_type=\"widget\" data-widget_type=\"heading.default\">\n\t\t\t\t<div class=\"elementor-widget-container\">\n\t\t\t\t\t<h2 class=\"elementor-heading-title elementor-size-default\">Erstellen Sie benutzerdefinierte Formulare in nur 5 Minuten<\/h2>\t\t\t\t<\/div>\n\t\t\t\t<\/div>\n\t\t\t\t<div class=\"elementor-element elementor-element-ac99ff7 elementor-widget elementor-widget-text-editor\" data-id=\"ac99ff7\" data-element_type=\"widget\" data-widget_type=\"text-editor.default\">\n\t\t\t\t<div class=\"elementor-widget-container\">\n\t\t\t\t\t\t\t\t\t<p>Wahrscheinlich haben Sie bereits eigene Formulare oder Checklisten, die Sie in Ihrem Unternehmen verwenden. Wenn Sie m\u00f6chten, richten wir sie f\u00fcr Sie ein, aber Sie k\u00f6nnen auch auf unseren leistungsstarken Formular-Builder zugreifen. Erstellen Sie individuelle Formulare und Checklisten und ver\u00f6ffentlichen Sie sie innerhalb weniger Minuten.<\/p>\t\t\t\t\t\t\t\t<\/div>\n\t\t\t\t<\/div>\n\t\t\t\t\t<\/div>\n\t\t<\/div>\n\t\t\t\t\t<\/div>\n\t\t<\/section>\n\t\t\t\t<section class=\"elementor-section elementor-inner-section elementor-element elementor-element-976c202 elementor-section-content-middle elementor-reverse-tablet elementor-reverse-mobile elementor-section-boxed elementor-section-height-default elementor-section-height-default\" data-id=\"976c202\" data-element_type=\"section\">\n\t\t\t\t\t\t<div class=\"elementor-container elementor-column-gap-wide\">\n\t\t\t\t\t<div class=\"elementor-column elementor-col-50 elementor-inner-column elementor-element elementor-element-b5eb529\" data-id=\"b5eb529\" data-element_type=\"column\">\n\t\t\t<div class=\"elementor-widget-wrap elementor-element-populated\">\n\t\t\t\t\t\t<div class=\"elementor-element elementor-element-aafe091 elementor-widget elementor-widget-heading\" data-id=\"aafe091\" data-element_type=\"widget\" data-widget_type=\"heading.default\">\n\t\t\t\t<div class=\"elementor-widget-container\">\n\t\t\t\t\t<h2 class=\"elementor-heading-title elementor-size-default\">Alexander Manafi (CEO) gibt Ihnen eine private F\u00fchrung<\/h2>\t\t\t\t<\/div>\n\t\t\t\t<\/div>\n\t\t\t\t<div class=\"elementor-element elementor-element-8216833 elementor-widget elementor-widget-text-editor\" data-id=\"8216833\" data-element_type=\"widget\" data-widget_type=\"text-editor.default\">\n\t\t\t\t<div class=\"elementor-widget-container\">\n\t\t\t\t\t\t\t\t\t<p>Unser CEO, Alexander Manafi, gibt Ihnen eine kurze private F\u00fchrung. Sehen Sie sich die Software an und erfahren Sie, wie ToolSense zur Verbesserung Ihrer Asset Operations beitr\u00e4gt. Sollte die Video-Einbettung nicht funktionieren, <a href=\"https:\/\/www.loom.com\/share\/4c8e42a38a054aa1a10b24dcf6ed907f\" target=\"_blank\" rel=\"noopener\">finden Sie hier den Video-Link<\/a>.<\/p>\t\t\t\t\t\t\t\t<\/div>\n\t\t\t\t<\/div>\n\t\t\t\t\t<\/div>\n\t\t<\/div>\n\t\t\t\t<div class=\"elementor-column elementor-col-50 elementor-inner-column elementor-element elementor-element-09a02c4\" data-id=\"09a02c4\" data-element_type=\"column\">\n\t\t\t<div class=\"elementor-widget-wrap elementor-element-populated\">\n\t\t\t\t\t\t<div class=\"elementor-element elementor-element-1814bbd elementor-widget elementor-widget-html\" data-id=\"1814bbd\" data-element_type=\"widget\" data-widget_type=\"html.default\">\n\t\t\t\t<div class=\"elementor-widget-container\">\n\t\t\t\t\t<div style=\"position: relative; padding-bottom: 62.5%; height: 0;\"><iframe src=\"https:\/\/www.loom.com\/embed\/4c8e42a38a054aa1a10b24dcf6ed907f\" frameborder=\"0\" webkitallowfullscreen mozallowfullscreen allowfullscreen style=\"position: absolute; top: 0; left: 0; width: 100%; height: 100%;\"><\/iframe><\/div>\t\t\t\t<\/div>\n\t\t\t\t<\/div>\n\t\t\t\t\t<\/div>\n\t\t<\/div>\n\t\t\t\t\t<\/div>\n\t\t<\/section>\n\t\t\t\t\t<\/div>\n\t\t<\/div>\n\t\t\t\t\t<\/div>\n\t\t<\/section>\n\t\t<div class=\"elementor-element elementor-element-b43fd89 e-con-full e-flex e-con e-parent\" data-id=\"b43fd89\" data-element_type=\"container\">\n\t\t\t\t<\/div>\n\t\t\t\t<section class=\"elementor-section elementor-top-section elementor-element elementor-element-d7c88ea elementor-section-boxed elementor-section-height-default elementor-section-height-default\" data-id=\"d7c88ea\" data-element_type=\"section\" data-settings=\"{&quot;background_background&quot;:&quot;classic&quot;}\">\n\t\t\t\t\t\t<div class=\"elementor-container elementor-column-gap-default\">\n\t\t\t\t\t<div class=\"elementor-column elementor-col-100 elementor-top-column elementor-element elementor-element-f288b0e\" data-id=\"f288b0e\" data-element_type=\"column\">\n\t\t\t<div class=\"elementor-widget-wrap elementor-element-populated\">\n\t\t\t\t\t\t<section class=\"elementor-section elementor-inner-section elementor-element elementor-element-27f0980 elementor-section-full_width elementor-section-content-middle elementor-section-height-default elementor-section-height-default\" data-id=\"27f0980\" data-element_type=\"section\">\n\t\t\t\t\t\t<div class=\"elementor-container elementor-column-gap-wide\">\n\t\t\t\t\t<div class=\"elementor-column elementor-col-50 elementor-inner-column elementor-element elementor-element-08274bb\" data-id=\"08274bb\" data-element_type=\"column\">\n\t\t\t<div class=\"elementor-widget-wrap elementor-element-populated\">\n\t\t\t\t\t\t<div class=\"elementor-element elementor-element-e045c59 elementor-widget__width-auto elementor-absolute elementor-widget elementor-widget-image\" data-id=\"e045c59\" data-element_type=\"widget\" data-settings=\"{&quot;_position&quot;:&quot;absolute&quot;}\" data-widget_type=\"image.default\">\n\t\t\t\t<div class=\"elementor-widget-container\">\n\t\t\t\t\t\t\t\t\t\t\t\t\t\t\t<img decoding=\"async\" width=\"63\" height=\"62\" src=\"https:\/\/toolsense.io\/wp-content\/uploads\/2022\/04\/Pfad-14.svg\" class=\"attachment-large size-large wp-image-141\" alt=\"\" \/>\t\t\t\t\t\t\t\t\t\t\t\t\t\t\t<\/div>\n\t\t\t\t<\/div>\n\t\t\t\t<div class=\"elementor-element elementor-element-2e74c18 elementor-widget elementor-widget-image\" data-id=\"2e74c18\" data-element_type=\"widget\" data-widget_type=\"image.default\">\n\t\t\t\t<div class=\"elementor-widget-container\">\n\t\t\t\t\t\t\t\t\t\t\t\t\t\t\t<img decoding=\"async\" width=\"429\" height=\"377\" src=\"https:\/\/toolsense.io\/wp-content\/uploads\/2022\/04\/2e38396a4f4929653c013aafe177daf7.png\" class=\"attachment-large size-large wp-image-40\" alt=\"David Hiersche on ToolSense\" srcset=\"https:\/\/toolsense.io\/wp-content\/uploads\/2022\/04\/2e38396a4f4929653c013aafe177daf7.png 429w, https:\/\/toolsense.io\/wp-content\/uploads\/2022\/04\/2e38396a4f4929653c013aafe177daf7-300x264.png 300w\" sizes=\"(max-width: 429px) 100vw, 429px\" \/>\t\t\t\t\t\t\t\t\t\t\t\t\t\t\t<\/div>\n\t\t\t\t<\/div>\n\t\t\t\t\t<\/div>\n\t\t<\/div>\n\t\t\t\t<div class=\"elementor-column elementor-col-50 elementor-inner-column elementor-element elementor-element-669c015\" data-id=\"669c015\" data-element_type=\"column\">\n\t\t\t<div class=\"elementor-widget-wrap elementor-element-populated\">\n\t\t\t\t\t\t<div class=\"elementor-element elementor-element-e903d14 elementor-widget elementor-widget-heading\" data-id=\"e903d14\" data-element_type=\"widget\" data-widget_type=\"heading.default\">\n\t\t\t\t<div class=\"elementor-widget-container\">\n\t\t\t\t\t<h2 class=\"elementor-heading-title elementor-size-default\">David Hiersche<\/h2>\t\t\t\t<\/div>\n\t\t\t\t<\/div>\n\t\t\t\t<div class=\"elementor-element elementor-element-59d1c3a elementor-widget elementor-widget-heading\" data-id=\"59d1c3a\" data-element_type=\"widget\" data-widget_type=\"heading.default\">\n\t\t\t\t<div class=\"elementor-widget-container\">\n\t\t\t\t\t<h2 class=\"elementor-heading-title elementor-size-default\">Director Operations Performance<br> <span style=\"font-weight:normal\">ISS Austria<\/span><\/h2>\t\t\t\t<\/div>\n\t\t\t\t<\/div>\n\t\t\t\t<div class=\"elementor-element elementor-element-1d1e775 elementor-widget elementor-widget-text-editor\" data-id=\"1d1e775\" data-element_type=\"widget\" data-widget_type=\"text-editor.default\">\n\t\t\t\t<div class=\"elementor-widget-container\">\n\t\t\t\t\t\t\t\t\t<p>Wir wollten eine L\u00f6sung haben, die nicht nur teure, sondern auch g\u00fcnstige Ger\u00e4te erfasst. In \u00d6sterreich sind allein bei ISS \u00fcber 6.500 Reinigungsmaschinen im Einsatz, Staubsauger und andere Ger\u00e4te nicht einmal mitgez\u00e4hlt. Mit ToolSense bringen wir sie auf einer einzigen Plattform zusammen, nutzen die Daten der IoT-Hardware und verbessern die Wartungs- und Inspektionsprozesse.<\/p>\t\t\t\t\t\t\t\t<\/div>\n\t\t\t\t<\/div>\n\t\t\t\t<div class=\"elementor-element elementor-element-4bbed41 elementor-icon-list--layout-traditional elementor-list-item-link-full_width elementor-widget elementor-widget-icon-list\" data-id=\"4bbed41\" data-element_type=\"widget\" data-widget_type=\"icon-list.default\">\n\t\t\t\t<div class=\"elementor-widget-container\">\n\t\t\t\t\t\t\t<ul class=\"elementor-icon-list-items\">\n\t\t\t\t\t\t\t<li class=\"elementor-icon-list-item\">\n\t\t\t\t\t\t\t\t\t\t\t<a href=\"https:\/\/toolsense.io\/de\/videos\/david-hiersche-iss-austria-x-alexander-manafi-toolsense-interview\/\">\n\n\t\t\t\t\t\t\t\t\t\t\t<span class=\"elementor-icon-list-text\">Das ganze Interview ansehen &gt;<\/span>\n\t\t\t\t\t\t\t\t\t\t\t<\/a>\n\t\t\t\t\t\t\t\t\t<\/li>\n\t\t\t\t\t\t<\/ul>\n\t\t\t\t\t\t<\/div>\n\t\t\t\t<\/div>\n\t\t\t\t\t<\/div>\n\t\t<\/div>\n\t\t\t\t\t<\/div>\n\t\t<\/section>\n\t\t\t\t\t<\/div>\n\t\t<\/div>\n\t\t\t\t\t<\/div>\n\t\t<\/section>\n\t\t\t\t<\/div>\n\t\t","protected":false},"excerpt":{"rendered":"<p>Erstellen Sie benutzerdefinierte Formulare und Checklisten ToolSense wurde mit Blick auf komplexe Anforderungen entwickelt. Daher haben wir einen Drag-and-Drop-Formular-Builder integriert. Nehmen Sie alle Formulare und Checklisten, die Sie bereits verwenden, und integrieren Sie sie einfach in unsere Asset Operations Plattform. Kostenlos testen Digitale Tour planen Erstellen Sie benutzerdefinierte Formulare in nur 5 Minuten Wahrscheinlich haben [&hellip;]<\/p>\n","protected":false},"author":2,"featured_media":0,"parent":0,"menu_order":0,"comment_status":"closed","ping_status":"closed","template":"","meta":{"footnotes":""},"class_list":["post-12924","page","type-page","status-publish","hentry"],"yoast_head":"<!-- This site is optimized with the Yoast SEO plugin v27.4 - https:\/\/yoast.com\/product\/yoast-seo-wordpress\/ -->\n<title>Individuelle Formulare &amp; Checklisten &#8212; ToolSense<\/title>\n<meta name=\"robots\" content=\"index, follow, max-snippet:-1, max-image-preview:large, max-video-preview:-1\" \/>\n<link rel=\"canonical\" href=\"https:\/\/toolsense.io\/de\/individuelle-formulare-checklisten\/\" \/>\n<meta property=\"og:locale\" content=\"de_DE\" \/>\n<meta property=\"og:type\" content=\"article\" \/>\n<meta property=\"og:title\" content=\"Individuelle Formulare &amp; Checklisten &#8212; ToolSense\" \/>\n<meta property=\"og:description\" content=\"Erstellen Sie benutzerdefinierte Formulare und Checklisten ToolSense wurde mit Blick auf komplexe Anforderungen entwickelt. Daher haben wir einen Drag-and-Drop-Formular-Builder integriert. Nehmen Sie alle Formulare und Checklisten, die Sie bereits verwenden, und integrieren Sie sie einfach in unsere Asset Operations Plattform. Kostenlos testen Digitale Tour planen Erstellen Sie benutzerdefinierte Formulare in nur 5 Minuten Wahrscheinlich haben [&hellip;]\" \/>\n<meta property=\"og:url\" content=\"https:\/\/toolsense.io\/de\/individuelle-formulare-checklisten\/\" \/>\n<meta property=\"og:site_name\" content=\"ToolSense\" \/>\n<meta property=\"article:publisher\" content=\"https:\/\/www.facebook.com\/toolsense.io\" \/>\n<meta property=\"article:modified_time\" content=\"2023-05-25T16:54:53+00:00\" \/>\n<meta property=\"og:image\" content=\"https:\/\/toolsense.io\/wp-content\/uploads\/2022\/04\/custom-forms-checklists.png\" \/>\n<meta name=\"twitter:card\" content=\"summary_large_image\" \/>\n<meta name=\"twitter:site\" content=\"@tool_sense\" \/>\n<meta name=\"twitter:label1\" content=\"Gesch\u00e4tzte Lesezeit\" \/>\n\t<meta name=\"twitter:data1\" content=\"5\u00a0Minuten\" \/>\n<script type=\"application\/ld+json\" class=\"yoast-schema-graph\">{\"@context\":\"https:\\\/\\\/schema.org\",\"@graph\":[{\"@type\":\"WebPage\",\"@id\":\"https:\\\/\\\/toolsense.io\\\/de\\\/individuelle-formulare-checklisten\\\/\",\"url\":\"https:\\\/\\\/toolsense.io\\\/de\\\/individuelle-formulare-checklisten\\\/\",\"name\":\"Individuelle Formulare &amp; Checklisten &#8212; ToolSense\",\"isPartOf\":{\"@id\":\"https:\\\/\\\/toolsense.io\\\/de\\\/#website\"},\"primaryImageOfPage\":{\"@id\":\"https:\\\/\\\/toolsense.io\\\/de\\\/individuelle-formulare-checklisten\\\/#primaryimage\"},\"image\":{\"@id\":\"https:\\\/\\\/toolsense.io\\\/de\\\/individuelle-formulare-checklisten\\\/#primaryimage\"},\"thumbnailUrl\":\"https:\\\/\\\/toolsense.io\\\/wp-content\\\/uploads\\\/2022\\\/04\\\/custom-forms-checklists.png\",\"datePublished\":\"2022-04-22T06:51:22+00:00\",\"dateModified\":\"2023-05-25T16:54:53+00:00\",\"breadcrumb\":{\"@id\":\"https:\\\/\\\/toolsense.io\\\/de\\\/individuelle-formulare-checklisten\\\/#breadcrumb\"},\"inLanguage\":\"de\",\"potentialAction\":[{\"@type\":\"ReadAction\",\"target\":[\"https:\\\/\\\/toolsense.io\\\/de\\\/individuelle-formulare-checklisten\\\/\"]}]},{\"@type\":\"ImageObject\",\"inLanguage\":\"de\",\"@id\":\"https:\\\/\\\/toolsense.io\\\/de\\\/individuelle-formulare-checklisten\\\/#primaryimage\",\"url\":\"https:\\\/\\\/toolsense.io\\\/wp-content\\\/uploads\\\/2022\\\/04\\\/custom-forms-checklists.png\",\"contentUrl\":\"https:\\\/\\\/toolsense.io\\\/wp-content\\\/uploads\\\/2022\\\/04\\\/custom-forms-checklists.png\"},{\"@type\":\"BreadcrumbList\",\"@id\":\"https:\\\/\\\/toolsense.io\\\/de\\\/individuelle-formulare-checklisten\\\/#breadcrumb\",\"itemListElement\":[{\"@type\":\"ListItem\",\"position\":1,\"name\":\"Home\",\"item\":\"https:\\\/\\\/toolsense.io\\\/de\\\/\"},{\"@type\":\"ListItem\",\"position\":2,\"name\":\"Individuelle Formulare &amp; Checklisten\"}]},{\"@type\":\"WebSite\",\"@id\":\"https:\\\/\\\/toolsense.io\\\/de\\\/#website\",\"url\":\"https:\\\/\\\/toolsense.io\\\/de\\\/\",\"name\":\"ToolSense\",\"description\":\"ToolSense: Software &amp; IoT Solution for Machine &amp; Service Management\",\"publisher\":{\"@id\":\"https:\\\/\\\/toolsense.io\\\/de\\\/#organization\"},\"potentialAction\":[{\"@type\":\"SearchAction\",\"target\":{\"@type\":\"EntryPoint\",\"urlTemplate\":\"https:\\\/\\\/toolsense.io\\\/de\\\/?s={search_term_string}\"},\"query-input\":{\"@type\":\"PropertyValueSpecification\",\"valueRequired\":true,\"valueName\":\"search_term_string\"}}],\"inLanguage\":\"de\"},{\"@type\":\"Organization\",\"@id\":\"https:\\\/\\\/toolsense.io\\\/de\\\/#organization\",\"name\":\"ToolSense\",\"url\":\"https:\\\/\\\/toolsense.io\\\/de\\\/\",\"logo\":{\"@type\":\"ImageObject\",\"inLanguage\":\"de\",\"@id\":\"https:\\\/\\\/toolsense.io\\\/de\\\/#\\\/schema\\\/logo\\\/image\\\/\",\"url\":\"https:\\\/\\\/toolsense.io\\\/wp-content\\\/uploads\\\/2022\\\/04\\\/ToolSense@2x.png\",\"contentUrl\":\"https:\\\/\\\/toolsense.io\\\/wp-content\\\/uploads\\\/2022\\\/04\\\/ToolSense@2x.png\",\"width\":376,\"height\":112,\"caption\":\"ToolSense\"},\"image\":{\"@id\":\"https:\\\/\\\/toolsense.io\\\/de\\\/#\\\/schema\\\/logo\\\/image\\\/\"},\"sameAs\":[\"https:\\\/\\\/www.facebook.com\\\/toolsense.io\",\"https:\\\/\\\/x.com\\\/tool_sense\",\"https:\\\/\\\/www.linkedin.com\\\/company\\\/toolsense\\\/\",\"https:\\\/\\\/www.youtube.com\\\/channel\\\/UCfGnI2vA6rIQ2fq4r3lJklA\"]}]}<\/script>\n<!-- \/ Yoast SEO plugin. -->","yoast_head_json":{"title":"Individuelle Formulare &amp; Checklisten &#8212; ToolSense","robots":{"index":"index","follow":"follow","max-snippet":"max-snippet:-1","max-image-preview":"max-image-preview:large","max-video-preview":"max-video-preview:-1"},"canonical":"https:\/\/toolsense.io\/de\/individuelle-formulare-checklisten\/","og_locale":"de_DE","og_type":"article","og_title":"Individuelle Formulare &amp; Checklisten &#8212; ToolSense","og_description":"Erstellen Sie benutzerdefinierte Formulare und Checklisten ToolSense wurde mit Blick auf komplexe Anforderungen entwickelt. Daher haben wir einen Drag-and-Drop-Formular-Builder integriert. Nehmen Sie alle Formulare und Checklisten, die Sie bereits verwenden, und integrieren Sie sie einfach in unsere Asset Operations Plattform. Kostenlos testen Digitale Tour planen Erstellen Sie benutzerdefinierte Formulare in nur 5 Minuten Wahrscheinlich haben [&hellip;]","og_url":"https:\/\/toolsense.io\/de\/individuelle-formulare-checklisten\/","og_site_name":"ToolSense","article_publisher":"https:\/\/www.facebook.com\/toolsense.io","article_modified_time":"2023-05-25T16:54:53+00:00","og_image":[{"url":"https:\/\/toolsense.io\/wp-content\/uploads\/2022\/04\/custom-forms-checklists.png","type":"","width":"","height":""}],"twitter_card":"summary_large_image","twitter_site":"@tool_sense","twitter_misc":{"Gesch\u00e4tzte Lesezeit":"5\u00a0Minuten"},"schema":{"@context":"https:\/\/schema.org","@graph":[{"@type":"WebPage","@id":"https:\/\/toolsense.io\/de\/individuelle-formulare-checklisten\/","url":"https:\/\/toolsense.io\/de\/individuelle-formulare-checklisten\/","name":"Individuelle Formulare &amp; Checklisten &#8212; ToolSense","isPartOf":{"@id":"https:\/\/toolsense.io\/de\/#website"},"primaryImageOfPage":{"@id":"https:\/\/toolsense.io\/de\/individuelle-formulare-checklisten\/#primaryimage"},"image":{"@id":"https:\/\/toolsense.io\/de\/individuelle-formulare-checklisten\/#primaryimage"},"thumbnailUrl":"https:\/\/toolsense.io\/wp-content\/uploads\/2022\/04\/custom-forms-checklists.png","datePublished":"2022-04-22T06:51:22+00:00","dateModified":"2023-05-25T16:54:53+00:00","breadcrumb":{"@id":"https:\/\/toolsense.io\/de\/individuelle-formulare-checklisten\/#breadcrumb"},"inLanguage":"de","potentialAction":[{"@type":"ReadAction","target":["https:\/\/toolsense.io\/de\/individuelle-formulare-checklisten\/"]}]},{"@type":"ImageObject","inLanguage":"de","@id":"https:\/\/toolsense.io\/de\/individuelle-formulare-checklisten\/#primaryimage","url":"https:\/\/toolsense.io\/wp-content\/uploads\/2022\/04\/custom-forms-checklists.png","contentUrl":"https:\/\/toolsense.io\/wp-content\/uploads\/2022\/04\/custom-forms-checklists.png"},{"@type":"BreadcrumbList","@id":"https:\/\/toolsense.io\/de\/individuelle-formulare-checklisten\/#breadcrumb","itemListElement":[{"@type":"ListItem","position":1,"name":"Home","item":"https:\/\/toolsense.io\/de\/"},{"@type":"ListItem","position":2,"name":"Individuelle Formulare &amp; Checklisten"}]},{"@type":"WebSite","@id":"https:\/\/toolsense.io\/de\/#website","url":"https:\/\/toolsense.io\/de\/","name":"ToolSense","description":"ToolSense: Software &amp; IoT Solution for Machine &amp; Service Management","publisher":{"@id":"https:\/\/toolsense.io\/de\/#organization"},"potentialAction":[{"@type":"SearchAction","target":{"@type":"EntryPoint","urlTemplate":"https:\/\/toolsense.io\/de\/?s={search_term_string}"},"query-input":{"@type":"PropertyValueSpecification","valueRequired":true,"valueName":"search_term_string"}}],"inLanguage":"de"},{"@type":"Organization","@id":"https:\/\/toolsense.io\/de\/#organization","name":"ToolSense","url":"https:\/\/toolsense.io\/de\/","logo":{"@type":"ImageObject","inLanguage":"de","@id":"https:\/\/toolsense.io\/de\/#\/schema\/logo\/image\/","url":"https:\/\/toolsense.io\/wp-content\/uploads\/2022\/04\/ToolSense@2x.png","contentUrl":"https:\/\/toolsense.io\/wp-content\/uploads\/2022\/04\/ToolSense@2x.png","width":376,"height":112,"caption":"ToolSense"},"image":{"@id":"https:\/\/toolsense.io\/de\/#\/schema\/logo\/image\/"},"sameAs":["https:\/\/www.facebook.com\/toolsense.io","https:\/\/x.com\/tool_sense","https:\/\/www.linkedin.com\/company\/toolsense\/","https:\/\/www.youtube.com\/channel\/UCfGnI2vA6rIQ2fq4r3lJklA"]}]}},"_links":{"self":[{"href":"https:\/\/toolsense.io\/de\/wp-json\/wp\/v2\/pages\/12924","targetHints":{"allow":["GET"]}}],"collection":[{"href":"https:\/\/toolsense.io\/de\/wp-json\/wp\/v2\/pages"}],"about":[{"href":"https:\/\/toolsense.io\/de\/wp-json\/wp\/v2\/types\/page"}],"author":[{"embeddable":true,"href":"https:\/\/toolsense.io\/de\/wp-json\/wp\/v2\/users\/2"}],"replies":[{"embeddable":true,"href":"https:\/\/toolsense.io\/de\/wp-json\/wp\/v2\/comments?post=12924"}],"version-history":[{"count":28,"href":"https:\/\/toolsense.io\/de\/wp-json\/wp\/v2\/pages\/12924\/revisions"}],"predecessor-version":[{"id":50481,"href":"https:\/\/toolsense.io\/de\/wp-json\/wp\/v2\/pages\/12924\/revisions\/50481"}],"wp:attachment":[{"href":"https:\/\/toolsense.io\/de\/wp-json\/wp\/v2\/media?parent=12924"}],"curies":[{"name":"wp","href":"https:\/\/api.w.org\/{rel}","templated":true}]}}