{"id":12928,"date":"2022-04-26T09:29:43","date_gmt":"2022-04-26T09:29:43","guid":{"rendered":"https:\/\/toolsense.io\/demo\/"},"modified":"2022-07-19T16:01:32","modified_gmt":"2022-07-19T16:01:32","slug":"demo","status":"publish","type":"page","link":"https:\/\/toolsense.io\/de\/demo\/","title":{"rendered":"Demo"},"content":{"rendered":"\t\t<div data-elementor-type=\"wp-page\" data-elementor-id=\"12928\" class=\"elementor elementor-12928\" data-elementor-post-type=\"page\">\n\t\t\t\t\t\t<section class=\"elementor-section elementor-top-section elementor-element elementor-element-66fb29b elementor-section-boxed elementor-section-height-default elementor-section-height-default\" data-id=\"66fb29b\" data-element_type=\"section\" data-settings=\"{&quot;background_background&quot;:&quot;classic&quot;}\">\n\t\t\t\t\t\t<div class=\"elementor-container elementor-column-gap-custom\">\n\t\t\t\t\t<div class=\"elementor-column elementor-col-50 elementor-top-column elementor-element elementor-element-a46a65b\" data-id=\"a46a65b\" data-element_type=\"column\">\n\t\t\t<div class=\"elementor-widget-wrap elementor-element-populated\">\n\t\t\t\t\t\t<div class=\"elementor-element elementor-element-72a16f6 elementor-widget elementor-widget-heading\" data-id=\"72a16f6\" data-element_type=\"widget\" data-widget_type=\"heading.default\">\n\t\t\t\t<div class=\"elementor-widget-container\">\n\t\t\t\t\t<h1 class=\"elementor-heading-title elementor-size-default\">Noch nicht bereit? Unsere Demo ansehen<\/h1>\t\t\t\t<\/div>\n\t\t\t\t<\/div>\n\t\t\t\t<div class=\"elementor-element elementor-element-d60e6c0 elementor-icon-list--layout-traditional elementor-list-item-link-full_width elementor-widget elementor-widget-icon-list\" data-id=\"d60e6c0\" data-element_type=\"widget\" data-widget_type=\"icon-list.default\">\n\t\t\t\t<div class=\"elementor-widget-container\">\n\t\t\t\t\t\t\t<ul class=\"elementor-icon-list-items\">\n\t\t\t\t\t\t\t<li class=\"elementor-icon-list-item\">\n\t\t\t\t\t\t\t\t\t\t\t<span class=\"elementor-icon-list-icon\">\n\t\t\t\t\t\t\t<i aria-hidden=\"true\" class=\"fas fa-check-circle\"><\/i>\t\t\t\t\t\t<\/span>\n\t\t\t\t\t\t\t\t\t\t<span class=\"elementor-icon-list-text\">20 % Einsparungen bei den Asset-Kosten durch erh\u00f6hte Effizienz und Produktivit\u00e4t<\/span>\n\t\t\t\t\t\t\t\t\t<\/li>\n\t\t\t\t\t\t\t\t<li class=\"elementor-icon-list-item\">\n\t\t\t\t\t\t\t\t\t\t\t<span class=\"elementor-icon-list-icon\">\n\t\t\t\t\t\t\t<i aria-hidden=\"true\" class=\"fas fa-check-circle\"><\/i>\t\t\t\t\t\t<\/span>\n\t\t\t\t\t\t\t\t\t\t<span class=\"elementor-icon-list-text\">80 % Verringerung der Ausfallzeiten durch koordinierte und proaktive Wartung<\/span>\n\t\t\t\t\t\t\t\t\t<\/li>\n\t\t\t\t\t\t\t\t<li class=\"elementor-icon-list-item\">\n\t\t\t\t\t\t\t\t\t\t\t<span class=\"elementor-icon-list-icon\">\n\t\t\t\t\t\t\t<i aria-hidden=\"true\" class=\"fas fa-check-circle\"><\/i>\t\t\t\t\t\t<\/span>\n\t\t\t\t\t\t\t\t\t\t<span class=\"elementor-icon-list-text\">100h Zeitersparnis pro Jahr f\u00fcr Standortleiter bei Asset-bezogenen Aufgaben<\/span>\n\t\t\t\t\t\t\t\t\t<\/li>\n\t\t\t\t\t\t<\/ul>\n\t\t\t\t\t\t<\/div>\n\t\t\t\t<\/div>\n\t\t\t\t\t<\/div>\n\t\t<\/div>\n\t\t\t\t<div class=\"elementor-column elementor-col-50 elementor-top-column elementor-element elementor-element-02146c5\" data-id=\"02146c5\" data-element_type=\"column\">\n\t\t\t<div class=\"elementor-widget-wrap elementor-element-populated\">\n\t\t\t\t\t\t<div class=\"elementor-element elementor-element-153b4e0 elementor-widget__width-initial elementor-widget elementor-widget-html\" data-id=\"153b4e0\" data-element_type=\"widget\" data-widget_type=\"html.default\">\n\t\t\t\t<div class=\"elementor-widget-container\">\n\t\t\t\t\t<div style=\"position: relative; padding-bottom: 62.5%; height: 0;\"><iframe src=\"https:\/\/www.loom.com\/embed\/b99401a8bf874215b246fbbefa98d84a\" frameborder=\"0\" webkitallowfullscreen mozallowfullscreen allowfullscreen style=\"position: absolute; top: 0; left: 0; width: 100%; height: 100%;\"><\/iframe><\/div>\t\t\t\t<\/div>\n\t\t\t\t<\/div>\n\t\t\t\t\t<\/div>\n\t\t<\/div>\n\t\t\t\t\t<\/div>\n\t\t<\/section>\n\t\t\t\t<section class=\"elementor-section elementor-top-section elementor-element elementor-element-66082c8 elementor-section-boxed elementor-section-height-default elementor-section-height-default\" data-id=\"66082c8\" data-element_type=\"section\" data-settings=\"{&quot;background_background&quot;:&quot;classic&quot;}\">\n\t\t\t\t\t\t<div class=\"elementor-container elementor-column-gap-default\">\n\t\t\t\t\t<div class=\"elementor-column elementor-col-100 elementor-top-column elementor-element elementor-element-e1d353d\" data-id=\"e1d353d\" data-element_type=\"column\">\n\t\t\t<div class=\"elementor-widget-wrap elementor-element-populated\">\n\t\t\t\t\t\t<div class=\"elementor-element elementor-element-f3b04ae elementor-hidden-desktop elementor-hidden-tablet elementor-widget elementor-widget-image\" data-id=\"f3b04ae\" data-element_type=\"widget\" data-widget_type=\"image.default\">\n\t\t\t\t<div class=\"elementor-widget-container\">\n\t\t\t\t\t\t\t\t\t\t\t\t\t\t\t<img fetchpriority=\"high\" decoding=\"async\" width=\"800\" height=\"240\" src=\"https:\/\/toolsense.io\/wp-content\/uploads\/2022\/04\/Alle-dunkel-1-e1651238864590.png\" class=\"attachment-large size-large wp-image-13565\" alt=\"\" srcset=\"https:\/\/toolsense.io\/wp-content\/uploads\/2022\/04\/Alle-dunkel-1-e1651238864590.png 998w, https:\/\/toolsense.io\/wp-content\/uploads\/2022\/04\/Alle-dunkel-1-e1651238864590-300x90.png 300w, https:\/\/toolsense.io\/wp-content\/uploads\/2022\/04\/Alle-dunkel-1-e1651238864590-768x231.png 768w\" sizes=\"(max-width: 800px) 100vw, 800px\" \/>\t\t\t\t\t\t\t\t\t\t\t\t\t\t\t<\/div>\n\t\t\t\t<\/div>\n\t\t\t\t<section class=\"elementor-section elementor-inner-section elementor-element elementor-element-8642112 elementor-section-content-middle elementor-section-full_width elementor-hidden-mobile elementor-section-height-default elementor-section-height-default\" data-id=\"8642112\" data-element_type=\"section\">\n\t\t\t\t\t\t<div class=\"elementor-container elementor-column-gap-default\">\n\t\t\t\t\t<div class=\"elementor-column elementor-col-14 elementor-inner-column elementor-element elementor-element-56b3124\" data-id=\"56b3124\" data-element_type=\"column\">\n\t\t\t<div class=\"elementor-widget-wrap elementor-element-populated\">\n\t\t\t\t\t\t<div class=\"elementor-element elementor-element-2a203bf elementor-widget__width-auto elementor-hidden-mobile elementor-widget elementor-widget-image\" data-id=\"2a203bf\" data-element_type=\"widget\" data-widget_type=\"image.default\">\n\t\t\t\t<div class=\"elementor-widget-container\">\n\t\t\t\t\t\t\t\t\t\t\t\t\t\t\t<img decoding=\"async\" width=\"800\" height=\"800\" src=\"https:\/\/toolsense.io\/wp-content\/uploads\/2022\/04\/iteam-weiss.png\" class=\"attachment-large size-large wp-image-2666\" alt=\"\" srcset=\"https:\/\/toolsense.io\/wp-content\/uploads\/2022\/04\/iteam-weiss.png 1000w, https:\/\/toolsense.io\/wp-content\/uploads\/2022\/04\/iteam-weiss-300x300.png 300w, https:\/\/toolsense.io\/wp-content\/uploads\/2022\/04\/iteam-weiss-150x150.png 150w, https:\/\/toolsense.io\/wp-content\/uploads\/2022\/04\/iteam-weiss-768x768.png 768w\" sizes=\"(max-width: 800px) 100vw, 800px\" \/>\t\t\t\t\t\t\t\t\t\t\t\t\t\t\t<\/div>\n\t\t\t\t<\/div>\n\t\t\t\t\t<\/div>\n\t\t<\/div>\n\t\t\t\t<div class=\"elementor-column elementor-col-14 elementor-inner-column elementor-element elementor-element-ebc84f2 elementor-hidden-mobile\" data-id=\"ebc84f2\" data-element_type=\"column\">\n\t\t\t<div class=\"elementor-widget-wrap elementor-element-populated\">\n\t\t\t\t\t\t<div class=\"elementor-element elementor-element-900350a elementor-widget__width-auto elementor-widget elementor-widget-image\" data-id=\"900350a\" data-element_type=\"widget\" data-widget_type=\"image.default\">\n\t\t\t\t<div class=\"elementor-widget-container\">\n\t\t\t\t\t\t\t\t\t\t\t\t\t\t\t<img decoding=\"async\" width=\"800\" height=\"800\" src=\"https:\/\/toolsense.io\/wp-content\/uploads\/2022\/04\/abm-schwarz.png\" class=\"attachment-large size-large wp-image-13563\" alt=\"\" srcset=\"https:\/\/toolsense.io\/wp-content\/uploads\/2022\/04\/abm-schwarz.png 1000w, https:\/\/toolsense.io\/wp-content\/uploads\/2022\/04\/abm-schwarz-300x300.png 300w, https:\/\/toolsense.io\/wp-content\/uploads\/2022\/04\/abm-schwarz-150x150.png 150w, https:\/\/toolsense.io\/wp-content\/uploads\/2022\/04\/abm-schwarz-768x768.png 768w\" sizes=\"(max-width: 800px) 100vw, 800px\" \/>\t\t\t\t\t\t\t\t\t\t\t\t\t\t\t<\/div>\n\t\t\t\t<\/div>\n\t\t\t\t\t<\/div>\n\t\t<\/div>\n\t\t\t\t<div class=\"elementor-column elementor-col-14 elementor-inner-column elementor-element elementor-element-fde0070 elementor-hidden-mobile\" data-id=\"fde0070\" data-element_type=\"column\">\n\t\t\t<div class=\"elementor-widget-wrap elementor-element-populated\">\n\t\t\t\t\t\t<div class=\"elementor-element elementor-element-7fc2d82 elementor-widget__width-auto elementor-widget elementor-widget-image\" data-id=\"7fc2d82\" data-element_type=\"widget\" data-widget_type=\"image.default\">\n\t\t\t\t<div class=\"elementor-widget-container\">\n\t\t\t\t\t\t\t\t\t\t\t\t\t\t\t<img loading=\"lazy\" decoding=\"async\" width=\"800\" height=\"800\" src=\"https:\/\/toolsense.io\/wp-content\/uploads\/2022\/04\/strabag-weiss.png\" class=\"attachment-large size-large wp-image-1547\" alt=\"\" srcset=\"https:\/\/toolsense.io\/wp-content\/uploads\/2022\/04\/strabag-weiss.png 1000w, https:\/\/toolsense.io\/wp-content\/uploads\/2022\/04\/strabag-weiss-300x300.png 300w, https:\/\/toolsense.io\/wp-content\/uploads\/2022\/04\/strabag-weiss-150x150.png 150w, https:\/\/toolsense.io\/wp-content\/uploads\/2022\/04\/strabag-weiss-768x768.png 768w\" sizes=\"(max-width: 800px) 100vw, 800px\" \/>\t\t\t\t\t\t\t\t\t\t\t\t\t\t\t<\/div>\n\t\t\t\t<\/div>\n\t\t\t\t\t<\/div>\n\t\t<\/div>\n\t\t\t\t<div class=\"elementor-column elementor-col-14 elementor-inner-column elementor-element elementor-element-c4b6108 elementor-hidden-mobile\" data-id=\"c4b6108\" data-element_type=\"column\">\n\t\t\t<div class=\"elementor-widget-wrap elementor-element-populated\">\n\t\t\t\t\t\t<div class=\"elementor-element elementor-element-944ba85 elementor-widget__width-auto elementor-widget elementor-widget-image\" data-id=\"944ba85\" data-element_type=\"widget\" data-widget_type=\"image.default\">\n\t\t\t\t<div class=\"elementor-widget-container\">\n\t\t\t\t\t\t\t\t\t\t\t\t\t\t\t<img loading=\"lazy\" decoding=\"async\" width=\"800\" height=\"800\" src=\"https:\/\/toolsense.io\/wp-content\/uploads\/2022\/04\/wisag-weiss.png\" class=\"attachment-large size-large wp-image-1550\" alt=\"\" srcset=\"https:\/\/toolsense.io\/wp-content\/uploads\/2022\/04\/wisag-weiss.png 1000w, https:\/\/toolsense.io\/wp-content\/uploads\/2022\/04\/wisag-weiss-300x300.png 300w, https:\/\/toolsense.io\/wp-content\/uploads\/2022\/04\/wisag-weiss-150x150.png 150w, https:\/\/toolsense.io\/wp-content\/uploads\/2022\/04\/wisag-weiss-768x768.png 768w\" sizes=\"(max-width: 800px) 100vw, 800px\" \/>\t\t\t\t\t\t\t\t\t\t\t\t\t\t\t<\/div>\n\t\t\t\t<\/div>\n\t\t\t\t\t<\/div>\n\t\t<\/div>\n\t\t\t\t<div class=\"elementor-column elementor-col-14 elementor-inner-column elementor-element elementor-element-6b1df47 elementor-hidden-mobile\" data-id=\"6b1df47\" data-element_type=\"column\">\n\t\t\t<div class=\"elementor-widget-wrap elementor-element-populated\">\n\t\t\t\t\t\t<div class=\"elementor-element elementor-element-b881628 elementor-widget__width-auto elementor-widget elementor-widget-image\" data-id=\"b881628\" data-element_type=\"widget\" data-widget_type=\"image.default\">\n\t\t\t\t<div class=\"elementor-widget-container\">\n\t\t\t\t\t\t\t\t\t\t\t\t\t\t\t<img loading=\"lazy\" decoding=\"async\" width=\"800\" height=\"800\" src=\"https:\/\/toolsense.io\/wp-content\/uploads\/2022\/04\/weiss-weiss.png\" class=\"attachment-large size-large wp-image-1549\" alt=\"\" srcset=\"https:\/\/toolsense.io\/wp-content\/uploads\/2022\/04\/weiss-weiss.png 1000w, https:\/\/toolsense.io\/wp-content\/uploads\/2022\/04\/weiss-weiss-300x300.png 300w, https:\/\/toolsense.io\/wp-content\/uploads\/2022\/04\/weiss-weiss-150x150.png 150w, https:\/\/toolsense.io\/wp-content\/uploads\/2022\/04\/weiss-weiss-768x768.png 768w\" sizes=\"(max-width: 800px) 100vw, 800px\" \/>\t\t\t\t\t\t\t\t\t\t\t\t\t\t\t<\/div>\n\t\t\t\t<\/div>\n\t\t\t\t\t<\/div>\n\t\t<\/div>\n\t\t\t\t<div class=\"elementor-column elementor-col-14 elementor-inner-column elementor-element elementor-element-8508f0a elementor-hidden-mobile\" data-id=\"8508f0a\" data-element_type=\"column\">\n\t\t\t<div class=\"elementor-widget-wrap elementor-element-populated\">\n\t\t\t\t\t\t<div class=\"elementor-element elementor-element-e5edadb elementor-widget__width-auto elementor-widget elementor-widget-image\" data-id=\"e5edadb\" data-element_type=\"widget\" data-widget_type=\"image.default\">\n\t\t\t\t<div class=\"elementor-widget-container\">\n\t\t\t\t\t\t\t\t\t\t\t\t\t\t\t<img loading=\"lazy\" decoding=\"async\" width=\"800\" height=\"800\" src=\"https:\/\/toolsense.io\/wp-content\/uploads\/2022\/04\/tyrolit-weiss.png\" class=\"attachment-large size-large wp-image-1548\" alt=\"\" srcset=\"https:\/\/toolsense.io\/wp-content\/uploads\/2022\/04\/tyrolit-weiss.png 1000w, https:\/\/toolsense.io\/wp-content\/uploads\/2022\/04\/tyrolit-weiss-300x300.png 300w, https:\/\/toolsense.io\/wp-content\/uploads\/2022\/04\/tyrolit-weiss-150x150.png 150w, https:\/\/toolsense.io\/wp-content\/uploads\/2022\/04\/tyrolit-weiss-768x768.png 768w\" sizes=\"(max-width: 800px) 100vw, 800px\" \/>\t\t\t\t\t\t\t\t\t\t\t\t\t\t\t<\/div>\n\t\t\t\t<\/div>\n\t\t\t\t\t<\/div>\n\t\t<\/div>\n\t\t\t\t<div class=\"elementor-column elementor-col-14 elementor-inner-column elementor-element elementor-element-b42523a elementor-hidden-mobile\" data-id=\"b42523a\" data-element_type=\"column\">\n\t\t\t<div class=\"elementor-widget-wrap elementor-element-populated\">\n\t\t\t\t\t\t<div class=\"elementor-element elementor-element-c535d92 elementor-widget__width-auto elementor-widget elementor-widget-image\" data-id=\"c535d92\" data-element_type=\"widget\" data-widget_type=\"image.default\">\n\t\t\t\t<div class=\"elementor-widget-container\">\n\t\t\t\t\t\t\t\t\t\t\t\t\t\t\t<img loading=\"lazy\" decoding=\"async\" width=\"800\" height=\"800\" src=\"https:\/\/toolsense.io\/wp-content\/uploads\/2022\/04\/compass-weiss.png\" class=\"attachment-large size-large wp-image-1545\" alt=\"\" srcset=\"https:\/\/toolsense.io\/wp-content\/uploads\/2022\/04\/compass-weiss.png 1000w, https:\/\/toolsense.io\/wp-content\/uploads\/2022\/04\/compass-weiss-300x300.png 300w, https:\/\/toolsense.io\/wp-content\/uploads\/2022\/04\/compass-weiss-150x150.png 150w, https:\/\/toolsense.io\/wp-content\/uploads\/2022\/04\/compass-weiss-768x768.png 768w\" sizes=\"(max-width: 800px) 100vw, 800px\" \/>\t\t\t\t\t\t\t\t\t\t\t\t\t\t\t<\/div>\n\t\t\t\t<\/div>\n\t\t\t\t\t<\/div>\n\t\t<\/div>\n\t\t\t\t\t<\/div>\n\t\t<\/section>\n\t\t\t\t<div class=\"elementor-element elementor-element-56c7c64 elementor-widget elementor-widget-heading\" data-id=\"56c7c64\" data-element_type=\"widget\" data-widget_type=\"heading.default\">\n\t\t\t\t<div class=\"elementor-widget-container\">\n\t\t\t\t\t<h2 class=\"elementor-heading-title elementor-size-default\">Bereit? Planen Sie eine Tour mit unserem Team<\/h2>\t\t\t\t<\/div>\n\t\t\t\t<\/div>\n\t\t\t\t<div class=\"elementor-element elementor-element-2c2ff77 elementor-widget elementor-widget-text-editor\" data-id=\"2c2ff77\" data-element_type=\"widget\" data-widget_type=\"text-editor.default\">\n\t\t\t\t<div class=\"elementor-widget-container\">\n\t\t\t\t\t\t\t\t\t<p>Lassen Sie uns \u00fcber Ihre Fragen zu ToolSense sprechen und dar\u00fcber, wie wir Ihnen mit unserer Asset Operations Plattform Zeit und Geld sparen.<\/p>\t\t\t\t\t\t\t\t<\/div>\n\t\t\t\t<\/div>\n\t\t\t\t<div class=\"elementor-element elementor-element-a96b43b elementor-widget__width-initial elementor-widget elementor-widget-html\" data-id=\"a96b43b\" data-element_type=\"widget\" data-widget_type=\"html.default\">\n\t\t\t\t<div class=\"elementor-widget-container\">\n\t\t\t\t\t<iframe src=\"https:\/\/meetings.hubspot.com\/alexander-manafi\/toolsense-demo-round-robin?embed=true\" width=\"100%\" style=\"min-width: 312px; min-height: 516px; height: 756px; border: none;\"><\/iframe>\t\t\t\t<\/div>\n\t\t\t\t<\/div>\n\t\t\t\t\t<\/div>\n\t\t<\/div>\n\t\t\t\t\t<\/div>\n\t\t<\/section>\n\t\t\t\t<\/div>\n\t\t","protected":false},"excerpt":{"rendered":"<p>Noch nicht bereit? Unsere Demo ansehen 20 % Einsparungen bei den Asset-Kosten durch erh\u00f6hte Effizienz und Produktivit\u00e4t 80 % Verringerung der Ausfallzeiten durch koordinierte und proaktive Wartung 100h Zeitersparnis pro Jahr f\u00fcr Standortleiter bei Asset-bezogenen Aufgaben Bereit? Planen Sie eine Tour mit unserem Team Lassen Sie uns \u00fcber Ihre Fragen zu ToolSense sprechen und dar\u00fcber, [&hellip;]<\/p>\n","protected":false},"author":2,"featured_media":0,"parent":0,"menu_order":0,"comment_status":"closed","ping_status":"closed","template":"","meta":{"footnotes":""},"class_list":["post-12928","page","type-page","status-publish","hentry"],"yoast_head":"<!-- This site is optimized with the Yoast SEO plugin v27.3 - https:\/\/yoast.com\/product\/yoast-seo-wordpress\/ -->\n<title>Demo ansehen &#8212; ToolSense<\/title>\n<meta name=\"robots\" content=\"index, follow, max-snippet:-1, max-image-preview:large, max-video-preview:-1\" \/>\n<link rel=\"canonical\" href=\"https:\/\/toolsense.io\/de\/demo\/\" \/>\n<meta property=\"og:locale\" content=\"de_DE\" \/>\n<meta property=\"og:type\" content=\"article\" \/>\n<meta property=\"og:title\" content=\"Demo ansehen &#8212; ToolSense\" \/>\n<meta property=\"og:description\" content=\"Noch nicht bereit? Unsere Demo ansehen 20 % Einsparungen bei den Asset-Kosten durch erh\u00f6hte Effizienz und Produktivit\u00e4t 80 % Verringerung der Ausfallzeiten durch koordinierte und proaktive Wartung 100h Zeitersparnis pro Jahr f\u00fcr Standortleiter bei Asset-bezogenen Aufgaben Bereit? Planen Sie eine Tour mit unserem Team Lassen Sie uns \u00fcber Ihre Fragen zu ToolSense sprechen und dar\u00fcber, [&hellip;]\" \/>\n<meta property=\"og:url\" content=\"https:\/\/toolsense.io\/de\/demo\/\" \/>\n<meta property=\"og:site_name\" content=\"ToolSense\" \/>\n<meta property=\"article:publisher\" content=\"https:\/\/www.facebook.com\/toolsense.io\" \/>\n<meta property=\"article:modified_time\" content=\"2022-07-19T16:01:32+00:00\" \/>\n<meta property=\"og:image\" content=\"https:\/\/toolsense.io\/wp-content\/uploads\/2022\/04\/Alle-dunkel-1-e1651238864590.png\" \/>\n<meta name=\"twitter:card\" content=\"summary_large_image\" \/>\n<meta name=\"twitter:site\" content=\"@tool_sense\" \/>\n<meta name=\"twitter:label1\" content=\"Gesch\u00e4tzte Lesezeit\" \/>\n\t<meta name=\"twitter:data1\" content=\"2\u00a0Minuten\" \/>\n<script type=\"application\/ld+json\" class=\"yoast-schema-graph\">{\"@context\":\"https:\\\/\\\/schema.org\",\"@graph\":[{\"@type\":\"WebPage\",\"@id\":\"https:\\\/\\\/toolsense.io\\\/de\\\/demo\\\/\",\"url\":\"https:\\\/\\\/toolsense.io\\\/de\\\/demo\\\/\",\"name\":\"Demo ansehen &#8212; ToolSense\",\"isPartOf\":{\"@id\":\"https:\\\/\\\/toolsense.io\\\/de\\\/#website\"},\"primaryImageOfPage\":{\"@id\":\"https:\\\/\\\/toolsense.io\\\/de\\\/demo\\\/#primaryimage\"},\"image\":{\"@id\":\"https:\\\/\\\/toolsense.io\\\/de\\\/demo\\\/#primaryimage\"},\"thumbnailUrl\":\"https:\\\/\\\/toolsense.io\\\/wp-content\\\/uploads\\\/2022\\\/04\\\/Alle-dunkel-1-e1651238864590.png\",\"datePublished\":\"2022-04-26T09:29:43+00:00\",\"dateModified\":\"2022-07-19T16:01:32+00:00\",\"breadcrumb\":{\"@id\":\"https:\\\/\\\/toolsense.io\\\/de\\\/demo\\\/#breadcrumb\"},\"inLanguage\":\"de\",\"potentialAction\":[{\"@type\":\"ReadAction\",\"target\":[\"https:\\\/\\\/toolsense.io\\\/de\\\/demo\\\/\"]}]},{\"@type\":\"ImageObject\",\"inLanguage\":\"de\",\"@id\":\"https:\\\/\\\/toolsense.io\\\/de\\\/demo\\\/#primaryimage\",\"url\":\"https:\\\/\\\/toolsense.io\\\/wp-content\\\/uploads\\\/2022\\\/04\\\/Alle-dunkel-1-e1651238864590.png\",\"contentUrl\":\"https:\\\/\\\/toolsense.io\\\/wp-content\\\/uploads\\\/2022\\\/04\\\/Alle-dunkel-1-e1651238864590.png\"},{\"@type\":\"BreadcrumbList\",\"@id\":\"https:\\\/\\\/toolsense.io\\\/de\\\/demo\\\/#breadcrumb\",\"itemListElement\":[{\"@type\":\"ListItem\",\"position\":1,\"name\":\"Home\",\"item\":\"https:\\\/\\\/toolsense.io\\\/de\\\/\"},{\"@type\":\"ListItem\",\"position\":2,\"name\":\"Demo\"}]},{\"@type\":\"WebSite\",\"@id\":\"https:\\\/\\\/toolsense.io\\\/de\\\/#website\",\"url\":\"https:\\\/\\\/toolsense.io\\\/de\\\/\",\"name\":\"ToolSense\",\"description\":\"ToolSense: Software &amp; IoT Solution for Machine &amp; Service Management\",\"publisher\":{\"@id\":\"https:\\\/\\\/toolsense.io\\\/de\\\/#organization\"},\"potentialAction\":[{\"@type\":\"SearchAction\",\"target\":{\"@type\":\"EntryPoint\",\"urlTemplate\":\"https:\\\/\\\/toolsense.io\\\/de\\\/?s={search_term_string}\"},\"query-input\":{\"@type\":\"PropertyValueSpecification\",\"valueRequired\":true,\"valueName\":\"search_term_string\"}}],\"inLanguage\":\"de\"},{\"@type\":\"Organization\",\"@id\":\"https:\\\/\\\/toolsense.io\\\/de\\\/#organization\",\"name\":\"ToolSense\",\"url\":\"https:\\\/\\\/toolsense.io\\\/de\\\/\",\"logo\":{\"@type\":\"ImageObject\",\"inLanguage\":\"de\",\"@id\":\"https:\\\/\\\/toolsense.io\\\/de\\\/#\\\/schema\\\/logo\\\/image\\\/\",\"url\":\"https:\\\/\\\/toolsense.io\\\/wp-content\\\/uploads\\\/2022\\\/04\\\/ToolSense@2x.png\",\"contentUrl\":\"https:\\\/\\\/toolsense.io\\\/wp-content\\\/uploads\\\/2022\\\/04\\\/ToolSense@2x.png\",\"width\":376,\"height\":112,\"caption\":\"ToolSense\"},\"image\":{\"@id\":\"https:\\\/\\\/toolsense.io\\\/de\\\/#\\\/schema\\\/logo\\\/image\\\/\"},\"sameAs\":[\"https:\\\/\\\/www.facebook.com\\\/toolsense.io\",\"https:\\\/\\\/x.com\\\/tool_sense\",\"https:\\\/\\\/www.linkedin.com\\\/company\\\/toolsense\\\/\",\"https:\\\/\\\/www.youtube.com\\\/channel\\\/UCfGnI2vA6rIQ2fq4r3lJklA\"]}]}<\/script>\n<!-- \/ Yoast SEO plugin. -->","yoast_head_json":{"title":"Demo ansehen &#8212; ToolSense","robots":{"index":"index","follow":"follow","max-snippet":"max-snippet:-1","max-image-preview":"max-image-preview:large","max-video-preview":"max-video-preview:-1"},"canonical":"https:\/\/toolsense.io\/de\/demo\/","og_locale":"de_DE","og_type":"article","og_title":"Demo ansehen &#8212; ToolSense","og_description":"Noch nicht bereit? Unsere Demo ansehen 20 % Einsparungen bei den Asset-Kosten durch erh\u00f6hte Effizienz und Produktivit\u00e4t 80 % Verringerung der Ausfallzeiten durch koordinierte und proaktive Wartung 100h Zeitersparnis pro Jahr f\u00fcr Standortleiter bei Asset-bezogenen Aufgaben Bereit? Planen Sie eine Tour mit unserem Team Lassen Sie uns \u00fcber Ihre Fragen zu ToolSense sprechen und dar\u00fcber, [&hellip;]","og_url":"https:\/\/toolsense.io\/de\/demo\/","og_site_name":"ToolSense","article_publisher":"https:\/\/www.facebook.com\/toolsense.io","article_modified_time":"2022-07-19T16:01:32+00:00","og_image":[{"url":"https:\/\/toolsense.io\/wp-content\/uploads\/2022\/04\/Alle-dunkel-1-e1651238864590.png","type":"","width":"","height":""}],"twitter_card":"summary_large_image","twitter_site":"@tool_sense","twitter_misc":{"Gesch\u00e4tzte Lesezeit":"2\u00a0Minuten"},"schema":{"@context":"https:\/\/schema.org","@graph":[{"@type":"WebPage","@id":"https:\/\/toolsense.io\/de\/demo\/","url":"https:\/\/toolsense.io\/de\/demo\/","name":"Demo ansehen &#8212; ToolSense","isPartOf":{"@id":"https:\/\/toolsense.io\/de\/#website"},"primaryImageOfPage":{"@id":"https:\/\/toolsense.io\/de\/demo\/#primaryimage"},"image":{"@id":"https:\/\/toolsense.io\/de\/demo\/#primaryimage"},"thumbnailUrl":"https:\/\/toolsense.io\/wp-content\/uploads\/2022\/04\/Alle-dunkel-1-e1651238864590.png","datePublished":"2022-04-26T09:29:43+00:00","dateModified":"2022-07-19T16:01:32+00:00","breadcrumb":{"@id":"https:\/\/toolsense.io\/de\/demo\/#breadcrumb"},"inLanguage":"de","potentialAction":[{"@type":"ReadAction","target":["https:\/\/toolsense.io\/de\/demo\/"]}]},{"@type":"ImageObject","inLanguage":"de","@id":"https:\/\/toolsense.io\/de\/demo\/#primaryimage","url":"https:\/\/toolsense.io\/wp-content\/uploads\/2022\/04\/Alle-dunkel-1-e1651238864590.png","contentUrl":"https:\/\/toolsense.io\/wp-content\/uploads\/2022\/04\/Alle-dunkel-1-e1651238864590.png"},{"@type":"BreadcrumbList","@id":"https:\/\/toolsense.io\/de\/demo\/#breadcrumb","itemListElement":[{"@type":"ListItem","position":1,"name":"Home","item":"https:\/\/toolsense.io\/de\/"},{"@type":"ListItem","position":2,"name":"Demo"}]},{"@type":"WebSite","@id":"https:\/\/toolsense.io\/de\/#website","url":"https:\/\/toolsense.io\/de\/","name":"ToolSense","description":"ToolSense: Software &amp; IoT Solution for Machine &amp; Service Management","publisher":{"@id":"https:\/\/toolsense.io\/de\/#organization"},"potentialAction":[{"@type":"SearchAction","target":{"@type":"EntryPoint","urlTemplate":"https:\/\/toolsense.io\/de\/?s={search_term_string}"},"query-input":{"@type":"PropertyValueSpecification","valueRequired":true,"valueName":"search_term_string"}}],"inLanguage":"de"},{"@type":"Organization","@id":"https:\/\/toolsense.io\/de\/#organization","name":"ToolSense","url":"https:\/\/toolsense.io\/de\/","logo":{"@type":"ImageObject","inLanguage":"de","@id":"https:\/\/toolsense.io\/de\/#\/schema\/logo\/image\/","url":"https:\/\/toolsense.io\/wp-content\/uploads\/2022\/04\/ToolSense@2x.png","contentUrl":"https:\/\/toolsense.io\/wp-content\/uploads\/2022\/04\/ToolSense@2x.png","width":376,"height":112,"caption":"ToolSense"},"image":{"@id":"https:\/\/toolsense.io\/de\/#\/schema\/logo\/image\/"},"sameAs":["https:\/\/www.facebook.com\/toolsense.io","https:\/\/x.com\/tool_sense","https:\/\/www.linkedin.com\/company\/toolsense\/","https:\/\/www.youtube.com\/channel\/UCfGnI2vA6rIQ2fq4r3lJklA"]}]}},"_links":{"self":[{"href":"https:\/\/toolsense.io\/de\/wp-json\/wp\/v2\/pages\/12928","targetHints":{"allow":["GET"]}}],"collection":[{"href":"https:\/\/toolsense.io\/de\/wp-json\/wp\/v2\/pages"}],"about":[{"href":"https:\/\/toolsense.io\/de\/wp-json\/wp\/v2\/types\/page"}],"author":[{"embeddable":true,"href":"https:\/\/toolsense.io\/de\/wp-json\/wp\/v2\/users\/2"}],"replies":[{"embeddable":true,"href":"https:\/\/toolsense.io\/de\/wp-json\/wp\/v2\/comments?post=12928"}],"version-history":[{"count":87,"href":"https:\/\/toolsense.io\/de\/wp-json\/wp\/v2\/pages\/12928\/revisions"}],"predecessor-version":[{"id":19364,"href":"https:\/\/toolsense.io\/de\/wp-json\/wp\/v2\/pages\/12928\/revisions\/19364"}],"wp:attachment":[{"href":"https:\/\/toolsense.io\/de\/wp-json\/wp\/v2\/media?parent=12928"}],"curies":[{"name":"wp","href":"https:\/\/api.w.org\/{rel}","templated":true}]}}