{"id":12931,"date":"2022-04-22T06:50:12","date_gmt":"2022-04-22T06:50:12","guid":{"rendered":"https:\/\/toolsense.io\/anlageninspektionen\/"},"modified":"2023-05-25T17:01:12","modified_gmt":"2023-05-25T17:01:12","slug":"pruefungen-inspektionen","status":"publish","type":"page","link":"https:\/\/toolsense.io\/de\/pruefungen-inspektionen\/","title":{"rendered":"Pr\u00fcfungen &#038; Inspektionen"},"content":{"rendered":"\t\t<div data-elementor-type=\"wp-page\" data-elementor-id=\"12931\" class=\"elementor elementor-12931 elementor-2170\" data-elementor-post-type=\"page\">\n\t\t\t\t\t\t<section class=\"elementor-section elementor-top-section elementor-element elementor-element-5998b2e elementor-section-boxed elementor-section-height-default elementor-section-height-default\" data-id=\"5998b2e\" data-element_type=\"section\" data-settings=\"{&quot;background_background&quot;:&quot;classic&quot;}\">\n\t\t\t\t\t\t<div class=\"elementor-container elementor-column-gap-default\">\n\t\t\t\t\t<div class=\"elementor-column elementor-col-100 elementor-top-column elementor-element elementor-element-e6b2bdc\" data-id=\"e6b2bdc\" data-element_type=\"column\">\n\t\t\t<div class=\"elementor-widget-wrap elementor-element-populated\">\n\t\t\t\t\t\t<div class=\"elementor-element elementor-element-a762be3 elementor-widget elementor-widget-heading\" data-id=\"a762be3\" data-element_type=\"widget\" data-widget_type=\"heading.default\">\n\t\t\t\t<div class=\"elementor-widget-container\">\n\t\t\t\t\t<h1 class=\"elementor-heading-title elementor-size-default\">Stift und Papier haben Pr\u00fcfung und Inspektion lange genug bestimmt\n\n<\/h1>\t\t\t\t<\/div>\n\t\t\t\t<\/div>\n\t\t\t\t<div class=\"elementor-element elementor-element-03a3368 elementor-widget elementor-widget-text-editor\" data-id=\"03a3368\" data-element_type=\"widget\" data-widget_type=\"text-editor.default\">\n\t\t\t\t<div class=\"elementor-widget-container\">\n\t\t\t\t\t\t\t\t\t<p>Den Anforderungen f\u00fcr Sicherheitsinspektionen gerecht zu werden, ist zeitaufwendig. Flexible Regeln, vorkonfigurierte und benutzerdefinierte Inspektionen und Automatisierungen gew\u00e4hrleisten einen einwandfreien Betrieb.<\/p>\t\t\t\t\t\t\t\t<\/div>\n\t\t\t\t<\/div>\n\t\t\t\t<div class=\"elementor-element elementor-element-823bc00 elementor-widget__width-auto elementor-widget elementor-widget-button\" data-id=\"823bc00\" data-element_type=\"widget\" data-widget_type=\"button.default\">\n\t\t\t\t<div class=\"elementor-widget-container\">\n\t\t\t\t\t\t\t\t\t<div class=\"elementor-button-wrapper\">\n\t\t\t\t\t<a class=\"elementor-button elementor-button-link elementor-size-sm\" href=\"https:\/\/toolsense.io\/de\/kostenlos-testen\/\">\n\t\t\t\t\t\t<span class=\"elementor-button-content-wrapper\">\n\t\t\t\t\t\t\t\t\t<span class=\"elementor-button-text\">Kostenlos testen<\/span>\n\t\t\t\t\t<\/span>\n\t\t\t\t\t<\/a>\n\t\t\t\t<\/div>\n\t\t\t\t\t\t\t\t<\/div>\n\t\t\t\t<\/div>\n\t\t\t\t<div class=\"elementor-element elementor-element-32105b4 elementor-widget__width-auto elementor-widget elementor-widget-button\" data-id=\"32105b4\" data-element_type=\"widget\" data-widget_type=\"button.default\">\n\t\t\t\t<div class=\"elementor-widget-container\">\n\t\t\t\t\t\t\t\t\t<div class=\"elementor-button-wrapper\">\n\t\t\t\t\t<a class=\"elementor-button elementor-button-link elementor-size-sm\" href=\"https:\/\/toolsense.io\/de\/demo\/\">\n\t\t\t\t\t\t<span class=\"elementor-button-content-wrapper\">\n\t\t\t\t\t\t\t\t\t<span class=\"elementor-button-text\">Digitale Tour planen<\/span>\n\t\t\t\t\t<\/span>\n\t\t\t\t\t<\/a>\n\t\t\t\t<\/div>\n\t\t\t\t\t\t\t\t<\/div>\n\t\t\t\t<\/div>\n\t\t\t\t\t<\/div>\n\t\t<\/div>\n\t\t\t\t\t<\/div>\n\t\t<\/section>\n\t\t\t\t<section class=\"elementor-section elementor-top-section elementor-element elementor-element-0050062 elementor-section-boxed elementor-section-height-default elementor-section-height-default\" data-id=\"0050062\" data-element_type=\"section\" data-settings=\"{&quot;background_background&quot;:&quot;classic&quot;}\">\n\t\t\t\t\t\t<div class=\"elementor-container elementor-column-gap-extended\">\n\t\t\t\t\t<div class=\"elementor-column elementor-col-100 elementor-top-column elementor-element elementor-element-28fe032\" data-id=\"28fe032\" data-element_type=\"column\">\n\t\t\t<div class=\"elementor-widget-wrap elementor-element-populated\">\n\t\t\t\t\t\t<section class=\"elementor-section elementor-inner-section elementor-element elementor-element-23204b5 elementor-section-content-middle elementor-section-boxed elementor-section-height-default elementor-section-height-default\" data-id=\"23204b5\" data-element_type=\"section\">\n\t\t\t\t\t\t<div class=\"elementor-container elementor-column-gap-wide\">\n\t\t\t\t\t<div class=\"elementor-column elementor-col-50 elementor-inner-column elementor-element elementor-element-e51633f\" data-id=\"e51633f\" data-element_type=\"column\">\n\t\t\t<div class=\"elementor-widget-wrap elementor-element-populated\">\n\t\t\t\t\t\t<div class=\"elementor-element elementor-element-98ae26b elementor-widget elementor-widget-image\" data-id=\"98ae26b\" data-element_type=\"widget\" data-widget_type=\"image.default\">\n\t\t\t\t<div class=\"elementor-widget-container\">\n\t\t\t\t\t\t\t\t\t\t\t\t\t\t\t<img fetchpriority=\"high\" decoding=\"async\" width=\"1391\" height=\"1030\" src=\"https:\/\/toolsense.io\/wp-content\/uploads\/2022\/04\/inspections-rules.png\" class=\"attachment-full size-full wp-image-11967\" alt=\"ToolSense Equipment Safety Inspections\" srcset=\"https:\/\/toolsense.io\/wp-content\/uploads\/2022\/04\/inspections-rules.png 1391w, https:\/\/toolsense.io\/wp-content\/uploads\/2022\/04\/inspections-rules-300x222.png 300w, https:\/\/toolsense.io\/wp-content\/uploads\/2022\/04\/inspections-rules-1024x758.png 1024w, https:\/\/toolsense.io\/wp-content\/uploads\/2022\/04\/inspections-rules-768x569.png 768w\" sizes=\"(max-width: 1391px) 100vw, 1391px\" \/>\t\t\t\t\t\t\t\t\t\t\t\t\t\t\t<\/div>\n\t\t\t\t<\/div>\n\t\t\t\t\t<\/div>\n\t\t<\/div>\n\t\t\t\t<div class=\"elementor-column elementor-col-50 elementor-inner-column elementor-element elementor-element-02c0d6f\" data-id=\"02c0d6f\" data-element_type=\"column\">\n\t\t\t<div class=\"elementor-widget-wrap elementor-element-populated\">\n\t\t\t\t\t\t<div class=\"elementor-element elementor-element-f0667ad elementor-widget elementor-widget-heading\" data-id=\"f0667ad\" data-element_type=\"widget\" data-widget_type=\"heading.default\">\n\t\t\t\t<div class=\"elementor-widget-container\">\n\t\t\t\t\t<h2 class=\"elementor-heading-title elementor-size-default\">Definieren Sie flexible Regeln f\u00fcr Sicherheitsinspektionen<\/h2>\t\t\t\t<\/div>\n\t\t\t\t<\/div>\n\t\t\t\t<div class=\"elementor-element elementor-element-3996b19 elementor-widget elementor-widget-text-editor\" data-id=\"3996b19\" data-element_type=\"widget\" data-widget_type=\"text-editor.default\">\n\t\t\t\t<div class=\"elementor-widget-container\">\n\t\t\t\t\t\t\t\t\t<p>Definieren Sie flexible Regeln f\u00fcr Wartungs- oder Sicherheitsinspektionen. Sie werden durch den Kalender oder IoT-Daten (falls verf\u00fcgbar) ausgel\u00f6st. Jeden Monat, jedes Jahr, alle 100 Betriebsstunden oder wenn ein Fehler auftritt. Sie brauchen sich also keine Gedanken mehr \u00fcber die Intervalle zu machen, ToolSense hat alles im Griff.<\/p>\t\t\t\t\t\t\t\t<\/div>\n\t\t\t\t<\/div>\n\t\t\t\t\t<\/div>\n\t\t<\/div>\n\t\t\t\t\t<\/div>\n\t\t<\/section>\n\t\t\t\t<section class=\"elementor-section elementor-inner-section elementor-element elementor-element-3b37b7e elementor-section-content-middle elementor-reverse-tablet elementor-reverse-mobile elementor-section-boxed elementor-section-height-default elementor-section-height-default\" data-id=\"3b37b7e\" data-element_type=\"section\">\n\t\t\t\t\t\t<div class=\"elementor-container elementor-column-gap-wide\">\n\t\t\t\t\t<div class=\"elementor-column elementor-col-50 elementor-inner-column elementor-element elementor-element-1f26863\" data-id=\"1f26863\" data-element_type=\"column\">\n\t\t\t<div class=\"elementor-widget-wrap elementor-element-populated\">\n\t\t\t\t\t\t<div class=\"elementor-element elementor-element-37d35e2 elementor-widget elementor-widget-heading\" data-id=\"37d35e2\" data-element_type=\"widget\" data-widget_type=\"heading.default\">\n\t\t\t\t<div class=\"elementor-widget-container\">\n\t\t\t\t\t<h2 class=\"elementor-heading-title elementor-size-default\">Vorkonfigurierte und eigene Inspektionen<\/h2>\t\t\t\t<\/div>\n\t\t\t\t<\/div>\n\t\t\t\t<div class=\"elementor-element elementor-element-fc1b41a elementor-widget elementor-widget-text-editor\" data-id=\"fc1b41a\" data-element_type=\"widget\" data-widget_type=\"text-editor.default\">\n\t\t\t\t<div class=\"elementor-widget-container\">\n\t\t\t\t\t\t\t\t\t<p>Es kann eine ziemliche Herausforderung sein, den Anforderungen f\u00fcr alle Sicherheitsinspektionen gerecht zu werden. In der ToolSense Asset Operations Plattform sind alle Arten von Sicherheitsinspektionen vorkonfiguriert. Au\u00dferdem k\u00f6nnen Sie mit unserem <a href=\"https:\/\/toolsense.io\/de\/individuelle-formulare-checklisten\/\">Formular-Editor<\/a> ganz einfach eigene Sicherheitsinspektionen erstellen.<\/p>\t\t\t\t\t\t\t\t<\/div>\n\t\t\t\t<\/div>\n\t\t\t\t\t<\/div>\n\t\t<\/div>\n\t\t\t\t<div class=\"elementor-column elementor-col-50 elementor-inner-column elementor-element elementor-element-4dab370\" data-id=\"4dab370\" data-element_type=\"column\">\n\t\t\t<div class=\"elementor-widget-wrap elementor-element-populated\">\n\t\t\t\t\t\t<div class=\"elementor-element elementor-element-7770538 elementor-widget elementor-widget-image\" data-id=\"7770538\" data-element_type=\"widget\" data-widget_type=\"image.default\">\n\t\t\t\t<div class=\"elementor-widget-container\">\n\t\t\t\t\t\t\t\t\t\t\t\t\t\t\t<img decoding=\"async\" width=\"1375\" height=\"1166\" src=\"https:\/\/toolsense.io\/wp-content\/uploads\/2022\/04\/inspections-mobile-app.png\" class=\"attachment-full size-full wp-image-12205\" alt=\"ToolSense Equipment Safety Inspections\" srcset=\"https:\/\/toolsense.io\/wp-content\/uploads\/2022\/04\/inspections-mobile-app.png 1375w, https:\/\/toolsense.io\/wp-content\/uploads\/2022\/04\/inspections-mobile-app-300x254.png 300w, https:\/\/toolsense.io\/wp-content\/uploads\/2022\/04\/inspections-mobile-app-1024x868.png 1024w, https:\/\/toolsense.io\/wp-content\/uploads\/2022\/04\/inspections-mobile-app-768x651.png 768w\" sizes=\"(max-width: 1375px) 100vw, 1375px\" \/>\t\t\t\t\t\t\t\t\t\t\t\t\t\t\t<\/div>\n\t\t\t\t<\/div>\n\t\t\t\t\t<\/div>\n\t\t<\/div>\n\t\t\t\t\t<\/div>\n\t\t<\/section>\n\t\t\t\t<section class=\"elementor-section elementor-inner-section elementor-element elementor-element-a4144fe elementor-section-content-middle elementor-section-boxed elementor-section-height-default elementor-section-height-default\" data-id=\"a4144fe\" data-element_type=\"section\">\n\t\t\t\t\t\t<div class=\"elementor-container elementor-column-gap-wide\">\n\t\t\t\t\t<div class=\"elementor-column elementor-col-50 elementor-inner-column elementor-element elementor-element-9981862\" data-id=\"9981862\" data-element_type=\"column\">\n\t\t\t<div class=\"elementor-widget-wrap elementor-element-populated\">\n\t\t\t\t\t\t<div class=\"elementor-element elementor-element-e7e647b elementor-widget elementor-widget-image\" data-id=\"e7e647b\" data-element_type=\"widget\" data-widget_type=\"image.default\">\n\t\t\t\t<div class=\"elementor-widget-container\">\n\t\t\t\t\t\t\t\t\t\t\t\t\t\t\t<img decoding=\"async\" width=\"1448\" height=\"1102\" src=\"https:\/\/toolsense.io\/wp-content\/uploads\/2022\/04\/inspections-documents.png\" class=\"attachment-full size-full wp-image-12210\" alt=\"\" srcset=\"https:\/\/toolsense.io\/wp-content\/uploads\/2022\/04\/inspections-documents.png 1448w, https:\/\/toolsense.io\/wp-content\/uploads\/2022\/04\/inspections-documents-300x228.png 300w, https:\/\/toolsense.io\/wp-content\/uploads\/2022\/04\/inspections-documents-1024x779.png 1024w, https:\/\/toolsense.io\/wp-content\/uploads\/2022\/04\/inspections-documents-768x584.png 768w\" sizes=\"(max-width: 1448px) 100vw, 1448px\" \/>\t\t\t\t\t\t\t\t\t\t\t\t\t\t\t<\/div>\n\t\t\t\t<\/div>\n\t\t\t\t\t<\/div>\n\t\t<\/div>\n\t\t\t\t<div class=\"elementor-column elementor-col-50 elementor-inner-column elementor-element elementor-element-5815164\" data-id=\"5815164\" data-element_type=\"column\">\n\t\t\t<div class=\"elementor-widget-wrap elementor-element-populated\">\n\t\t\t\t\t\t<div class=\"elementor-element elementor-element-071dd17 elementor-widget elementor-widget-heading\" data-id=\"071dd17\" data-element_type=\"widget\" data-widget_type=\"heading.default\">\n\t\t\t\t<div class=\"elementor-widget-container\">\n\t\t\t\t\t<h2 class=\"elementor-heading-title elementor-size-default\">Automatisieren Sie Ihre Pr\u00fcfabl\u00e4ufe und sparen Sie Zeit<\/h2>\t\t\t\t<\/div>\n\t\t\t\t<\/div>\n\t\t\t\t<div class=\"elementor-element elementor-element-df4d8b0 elementor-widget elementor-widget-text-editor\" data-id=\"df4d8b0\" data-element_type=\"widget\" data-widget_type=\"text-editor.default\">\n\t\t\t\t<div class=\"elementor-widget-container\">\n\t\t\t\t\t\t\t\t\t<p>Sind Sie es leid, Papierformulare einzuscannen oder nach der letzten Dokumentation einer Kontrolle oder Inspektion zu suchen? Wir erstellen automatisch das entsprechende Dokument und speichern es im Lebenszyklus-Ordner des Assets. Weiterhin plant die ToolSense-Plattform sofort die n\u00e4chste Pr\u00fcfung, sodass die manuelle Planung \u00fcberfl\u00fcssig wird.<\/p>\t\t\t\t\t\t\t\t<\/div>\n\t\t\t\t<\/div>\n\t\t\t\t\t<\/div>\n\t\t<\/div>\n\t\t\t\t\t<\/div>\n\t\t<\/section>\n\t\t\t\t<section class=\"elementor-section elementor-inner-section elementor-element elementor-element-9639476 elementor-section-content-middle elementor-reverse-tablet elementor-reverse-mobile elementor-section-boxed elementor-section-height-default elementor-section-height-default\" data-id=\"9639476\" data-element_type=\"section\">\n\t\t\t\t\t\t<div class=\"elementor-container elementor-column-gap-wide\">\n\t\t\t\t\t<div class=\"elementor-column elementor-col-50 elementor-inner-column elementor-element elementor-element-f2d5377\" data-id=\"f2d5377\" data-element_type=\"column\">\n\t\t\t<div class=\"elementor-widget-wrap elementor-element-populated\">\n\t\t\t\t\t\t<div class=\"elementor-element elementor-element-8ff22fd elementor-widget elementor-widget-heading\" data-id=\"8ff22fd\" data-element_type=\"widget\" data-widget_type=\"heading.default\">\n\t\t\t\t<div class=\"elementor-widget-container\">\n\t\t\t\t\t<h2 class=\"elementor-heading-title elementor-size-default\">Alexander Manafi (CEO) gibt Ihnen eine private F\u00fchrung<\/h2>\t\t\t\t<\/div>\n\t\t\t\t<\/div>\n\t\t\t\t<div class=\"elementor-element elementor-element-3bdd3c8 elementor-widget elementor-widget-text-editor\" data-id=\"3bdd3c8\" data-element_type=\"widget\" data-widget_type=\"text-editor.default\">\n\t\t\t\t<div class=\"elementor-widget-container\">\n\t\t\t\t\t\t\t\t\t<p>Unser CEO, Alexander Manafi, gibt Ihnen eine kurze private F\u00fchrung. Sehen Sie sich die Software an und erfahren Sie, wie ToolSense zur Verbesserung Ihrer Asset Operations beitr\u00e4gt. Sollte die Video-Einbettung nicht funktionieren, <a href=\"https:\/\/www.loom.com\/share\/dd8ba4c4aa27439493415a8dd5d35e51\" target=\"_blank\" rel=\"noopener\">finden Sie hier den Video-Link<\/a>.<\/p>\t\t\t\t\t\t\t\t<\/div>\n\t\t\t\t<\/div>\n\t\t\t\t\t<\/div>\n\t\t<\/div>\n\t\t\t\t<div class=\"elementor-column elementor-col-50 elementor-inner-column elementor-element elementor-element-0762496\" data-id=\"0762496\" data-element_type=\"column\">\n\t\t\t<div class=\"elementor-widget-wrap elementor-element-populated\">\n\t\t\t\t\t\t<div class=\"elementor-element elementor-element-1c27c5d elementor-widget elementor-widget-html\" data-id=\"1c27c5d\" data-element_type=\"widget\" data-widget_type=\"html.default\">\n\t\t\t\t<div class=\"elementor-widget-container\">\n\t\t\t\t\t<div style=\"position: relative; padding-bottom: 62.5%; height: 0;\"><iframe src=\"https:\/\/www.loom.com\/embed\/dd8ba4c4aa27439493415a8dd5d35e51\" frameborder=\"0\" webkitallowfullscreen mozallowfullscreen allowfullscreen style=\"position: absolute; top: 0; left: 0; width: 100%; height: 100%;\"><\/iframe><\/div>\t\t\t\t<\/div>\n\t\t\t\t<\/div>\n\t\t\t\t\t<\/div>\n\t\t<\/div>\n\t\t\t\t\t<\/div>\n\t\t<\/section>\n\t\t\t\t\t<\/div>\n\t\t<\/div>\n\t\t\t\t\t<\/div>\n\t\t<\/section>\n\t\t\t\t<\/div>\n\t\t","protected":false},"excerpt":{"rendered":"<p>Stift und Papier haben Pr\u00fcfung und Inspektion lange genug bestimmt Den Anforderungen f\u00fcr Sicherheitsinspektionen gerecht zu werden, ist zeitaufwendig. Flexible Regeln, vorkonfigurierte und benutzerdefinierte Inspektionen und Automatisierungen gew\u00e4hrleisten einen einwandfreien Betrieb. Kostenlos testen Digitale Tour planen Definieren Sie flexible Regeln f\u00fcr Sicherheitsinspektionen Definieren Sie flexible Regeln f\u00fcr Wartungs- oder Sicherheitsinspektionen. Sie werden durch den Kalender [&hellip;]<\/p>\n","protected":false},"author":2,"featured_media":0,"parent":0,"menu_order":0,"comment_status":"closed","ping_status":"closed","template":"","meta":{"footnotes":""},"class_list":["post-12931","page","type-page","status-publish","hentry"],"yoast_head":"<!-- This site is optimized with the Yoast SEO plugin v27.4 - https:\/\/yoast.com\/product\/yoast-seo-wordpress\/ -->\n<title>Pr\u00fcfungen &amp; Inspektionen &#8212; ToolSense<\/title>\n<meta name=\"robots\" content=\"index, follow, max-snippet:-1, max-image-preview:large, max-video-preview:-1\" \/>\n<link rel=\"canonical\" href=\"https:\/\/toolsense.io\/de\/pruefungen-inspektionen\/\" \/>\n<meta property=\"og:locale\" content=\"de_DE\" \/>\n<meta property=\"og:type\" content=\"article\" \/>\n<meta property=\"og:title\" content=\"Pr\u00fcfungen &amp; Inspektionen &#8212; ToolSense\" \/>\n<meta property=\"og:description\" content=\"Stift und Papier haben Pr\u00fcfung und Inspektion lange genug bestimmt Den Anforderungen f\u00fcr Sicherheitsinspektionen gerecht zu werden, ist zeitaufwendig. Flexible Regeln, vorkonfigurierte und benutzerdefinierte Inspektionen und Automatisierungen gew\u00e4hrleisten einen einwandfreien Betrieb. Kostenlos testen Digitale Tour planen Definieren Sie flexible Regeln f\u00fcr Sicherheitsinspektionen Definieren Sie flexible Regeln f\u00fcr Wartungs- oder Sicherheitsinspektionen. Sie werden durch den Kalender [&hellip;]\" \/>\n<meta property=\"og:url\" content=\"https:\/\/toolsense.io\/de\/pruefungen-inspektionen\/\" \/>\n<meta property=\"og:site_name\" content=\"ToolSense\" \/>\n<meta property=\"article:publisher\" content=\"https:\/\/www.facebook.com\/toolsense.io\" \/>\n<meta property=\"article:modified_time\" content=\"2023-05-25T17:01:12+00:00\" \/>\n<meta property=\"og:image\" content=\"https:\/\/toolsense.io\/wp-content\/uploads\/2022\/04\/inspections-rules.png\" \/>\n<meta name=\"twitter:card\" content=\"summary_large_image\" \/>\n<meta name=\"twitter:site\" content=\"@tool_sense\" \/>\n<meta name=\"twitter:label1\" content=\"Gesch\u00e4tzte Lesezeit\" \/>\n\t<meta name=\"twitter:data1\" content=\"2\u00a0Minuten\" \/>\n<script type=\"application\/ld+json\" class=\"yoast-schema-graph\">{\"@context\":\"https:\\\/\\\/schema.org\",\"@graph\":[{\"@type\":\"WebPage\",\"@id\":\"https:\\\/\\\/toolsense.io\\\/de\\\/pruefungen-inspektionen\\\/\",\"url\":\"https:\\\/\\\/toolsense.io\\\/de\\\/pruefungen-inspektionen\\\/\",\"name\":\"Pr\u00fcfungen & Inspektionen &#8212; ToolSense\",\"isPartOf\":{\"@id\":\"https:\\\/\\\/toolsense.io\\\/de\\\/#website\"},\"primaryImageOfPage\":{\"@id\":\"https:\\\/\\\/toolsense.io\\\/de\\\/pruefungen-inspektionen\\\/#primaryimage\"},\"image\":{\"@id\":\"https:\\\/\\\/toolsense.io\\\/de\\\/pruefungen-inspektionen\\\/#primaryimage\"},\"thumbnailUrl\":\"https:\\\/\\\/toolsense.io\\\/wp-content\\\/uploads\\\/2022\\\/04\\\/inspections-rules.png\",\"datePublished\":\"2022-04-22T06:50:12+00:00\",\"dateModified\":\"2023-05-25T17:01:12+00:00\",\"breadcrumb\":{\"@id\":\"https:\\\/\\\/toolsense.io\\\/de\\\/pruefungen-inspektionen\\\/#breadcrumb\"},\"inLanguage\":\"de\",\"potentialAction\":[{\"@type\":\"ReadAction\",\"target\":[\"https:\\\/\\\/toolsense.io\\\/de\\\/pruefungen-inspektionen\\\/\"]}]},{\"@type\":\"ImageObject\",\"inLanguage\":\"de\",\"@id\":\"https:\\\/\\\/toolsense.io\\\/de\\\/pruefungen-inspektionen\\\/#primaryimage\",\"url\":\"https:\\\/\\\/toolsense.io\\\/wp-content\\\/uploads\\\/2022\\\/04\\\/inspections-rules.png\",\"contentUrl\":\"https:\\\/\\\/toolsense.io\\\/wp-content\\\/uploads\\\/2022\\\/04\\\/inspections-rules.png\"},{\"@type\":\"BreadcrumbList\",\"@id\":\"https:\\\/\\\/toolsense.io\\\/de\\\/pruefungen-inspektionen\\\/#breadcrumb\",\"itemListElement\":[{\"@type\":\"ListItem\",\"position\":1,\"name\":\"Home\",\"item\":\"https:\\\/\\\/toolsense.io\\\/de\\\/\"},{\"@type\":\"ListItem\",\"position\":2,\"name\":\"Pr\u00fcfungen &#038; Inspektionen\"}]},{\"@type\":\"WebSite\",\"@id\":\"https:\\\/\\\/toolsense.io\\\/de\\\/#website\",\"url\":\"https:\\\/\\\/toolsense.io\\\/de\\\/\",\"name\":\"ToolSense\",\"description\":\"ToolSense: Software &amp; IoT Solution for Machine &amp; Service Management\",\"publisher\":{\"@id\":\"https:\\\/\\\/toolsense.io\\\/de\\\/#organization\"},\"potentialAction\":[{\"@type\":\"SearchAction\",\"target\":{\"@type\":\"EntryPoint\",\"urlTemplate\":\"https:\\\/\\\/toolsense.io\\\/de\\\/?s={search_term_string}\"},\"query-input\":{\"@type\":\"PropertyValueSpecification\",\"valueRequired\":true,\"valueName\":\"search_term_string\"}}],\"inLanguage\":\"de\"},{\"@type\":\"Organization\",\"@id\":\"https:\\\/\\\/toolsense.io\\\/de\\\/#organization\",\"name\":\"ToolSense\",\"url\":\"https:\\\/\\\/toolsense.io\\\/de\\\/\",\"logo\":{\"@type\":\"ImageObject\",\"inLanguage\":\"de\",\"@id\":\"https:\\\/\\\/toolsense.io\\\/de\\\/#\\\/schema\\\/logo\\\/image\\\/\",\"url\":\"https:\\\/\\\/toolsense.io\\\/wp-content\\\/uploads\\\/2022\\\/04\\\/ToolSense@2x.png\",\"contentUrl\":\"https:\\\/\\\/toolsense.io\\\/wp-content\\\/uploads\\\/2022\\\/04\\\/ToolSense@2x.png\",\"width\":376,\"height\":112,\"caption\":\"ToolSense\"},\"image\":{\"@id\":\"https:\\\/\\\/toolsense.io\\\/de\\\/#\\\/schema\\\/logo\\\/image\\\/\"},\"sameAs\":[\"https:\\\/\\\/www.facebook.com\\\/toolsense.io\",\"https:\\\/\\\/x.com\\\/tool_sense\",\"https:\\\/\\\/www.linkedin.com\\\/company\\\/toolsense\\\/\",\"https:\\\/\\\/www.youtube.com\\\/channel\\\/UCfGnI2vA6rIQ2fq4r3lJklA\"]}]}<\/script>\n<!-- \/ Yoast SEO plugin. -->","yoast_head_json":{"title":"Pr\u00fcfungen & Inspektionen &#8212; ToolSense","robots":{"index":"index","follow":"follow","max-snippet":"max-snippet:-1","max-image-preview":"max-image-preview:large","max-video-preview":"max-video-preview:-1"},"canonical":"https:\/\/toolsense.io\/de\/pruefungen-inspektionen\/","og_locale":"de_DE","og_type":"article","og_title":"Pr\u00fcfungen & Inspektionen &#8212; ToolSense","og_description":"Stift und Papier haben Pr\u00fcfung und Inspektion lange genug bestimmt Den Anforderungen f\u00fcr Sicherheitsinspektionen gerecht zu werden, ist zeitaufwendig. Flexible Regeln, vorkonfigurierte und benutzerdefinierte Inspektionen und Automatisierungen gew\u00e4hrleisten einen einwandfreien Betrieb. Kostenlos testen Digitale Tour planen Definieren Sie flexible Regeln f\u00fcr Sicherheitsinspektionen Definieren Sie flexible Regeln f\u00fcr Wartungs- oder Sicherheitsinspektionen. Sie werden durch den Kalender [&hellip;]","og_url":"https:\/\/toolsense.io\/de\/pruefungen-inspektionen\/","og_site_name":"ToolSense","article_publisher":"https:\/\/www.facebook.com\/toolsense.io","article_modified_time":"2023-05-25T17:01:12+00:00","og_image":[{"url":"https:\/\/toolsense.io\/wp-content\/uploads\/2022\/04\/inspections-rules.png","type":"","width":"","height":""}],"twitter_card":"summary_large_image","twitter_site":"@tool_sense","twitter_misc":{"Gesch\u00e4tzte Lesezeit":"2\u00a0Minuten"},"schema":{"@context":"https:\/\/schema.org","@graph":[{"@type":"WebPage","@id":"https:\/\/toolsense.io\/de\/pruefungen-inspektionen\/","url":"https:\/\/toolsense.io\/de\/pruefungen-inspektionen\/","name":"Pr\u00fcfungen & Inspektionen &#8212; ToolSense","isPartOf":{"@id":"https:\/\/toolsense.io\/de\/#website"},"primaryImageOfPage":{"@id":"https:\/\/toolsense.io\/de\/pruefungen-inspektionen\/#primaryimage"},"image":{"@id":"https:\/\/toolsense.io\/de\/pruefungen-inspektionen\/#primaryimage"},"thumbnailUrl":"https:\/\/toolsense.io\/wp-content\/uploads\/2022\/04\/inspections-rules.png","datePublished":"2022-04-22T06:50:12+00:00","dateModified":"2023-05-25T17:01:12+00:00","breadcrumb":{"@id":"https:\/\/toolsense.io\/de\/pruefungen-inspektionen\/#breadcrumb"},"inLanguage":"de","potentialAction":[{"@type":"ReadAction","target":["https:\/\/toolsense.io\/de\/pruefungen-inspektionen\/"]}]},{"@type":"ImageObject","inLanguage":"de","@id":"https:\/\/toolsense.io\/de\/pruefungen-inspektionen\/#primaryimage","url":"https:\/\/toolsense.io\/wp-content\/uploads\/2022\/04\/inspections-rules.png","contentUrl":"https:\/\/toolsense.io\/wp-content\/uploads\/2022\/04\/inspections-rules.png"},{"@type":"BreadcrumbList","@id":"https:\/\/toolsense.io\/de\/pruefungen-inspektionen\/#breadcrumb","itemListElement":[{"@type":"ListItem","position":1,"name":"Home","item":"https:\/\/toolsense.io\/de\/"},{"@type":"ListItem","position":2,"name":"Pr\u00fcfungen &#038; Inspektionen"}]},{"@type":"WebSite","@id":"https:\/\/toolsense.io\/de\/#website","url":"https:\/\/toolsense.io\/de\/","name":"ToolSense","description":"ToolSense: Software &amp; IoT Solution for Machine &amp; Service Management","publisher":{"@id":"https:\/\/toolsense.io\/de\/#organization"},"potentialAction":[{"@type":"SearchAction","target":{"@type":"EntryPoint","urlTemplate":"https:\/\/toolsense.io\/de\/?s={search_term_string}"},"query-input":{"@type":"PropertyValueSpecification","valueRequired":true,"valueName":"search_term_string"}}],"inLanguage":"de"},{"@type":"Organization","@id":"https:\/\/toolsense.io\/de\/#organization","name":"ToolSense","url":"https:\/\/toolsense.io\/de\/","logo":{"@type":"ImageObject","inLanguage":"de","@id":"https:\/\/toolsense.io\/de\/#\/schema\/logo\/image\/","url":"https:\/\/toolsense.io\/wp-content\/uploads\/2022\/04\/ToolSense@2x.png","contentUrl":"https:\/\/toolsense.io\/wp-content\/uploads\/2022\/04\/ToolSense@2x.png","width":376,"height":112,"caption":"ToolSense"},"image":{"@id":"https:\/\/toolsense.io\/de\/#\/schema\/logo\/image\/"},"sameAs":["https:\/\/www.facebook.com\/toolsense.io","https:\/\/x.com\/tool_sense","https:\/\/www.linkedin.com\/company\/toolsense\/","https:\/\/www.youtube.com\/channel\/UCfGnI2vA6rIQ2fq4r3lJklA"]}]}},"_links":{"self":[{"href":"https:\/\/toolsense.io\/de\/wp-json\/wp\/v2\/pages\/12931","targetHints":{"allow":["GET"]}}],"collection":[{"href":"https:\/\/toolsense.io\/de\/wp-json\/wp\/v2\/pages"}],"about":[{"href":"https:\/\/toolsense.io\/de\/wp-json\/wp\/v2\/types\/page"}],"author":[{"embeddable":true,"href":"https:\/\/toolsense.io\/de\/wp-json\/wp\/v2\/users\/2"}],"replies":[{"embeddable":true,"href":"https:\/\/toolsense.io\/de\/wp-json\/wp\/v2\/comments?post=12931"}],"version-history":[{"count":25,"href":"https:\/\/toolsense.io\/de\/wp-json\/wp\/v2\/pages\/12931\/revisions"}],"predecessor-version":[{"id":50497,"href":"https:\/\/toolsense.io\/de\/wp-json\/wp\/v2\/pages\/12931\/revisions\/50497"}],"wp:attachment":[{"href":"https:\/\/toolsense.io\/de\/wp-json\/wp\/v2\/media?parent=12931"}],"curies":[{"name":"wp","href":"https:\/\/api.w.org\/{rel}","templated":true}]}}