{"id":176316,"date":"2022-04-28T07:11:11","date_gmt":"2022-04-28T07:11:11","guid":{"rendered":"https:\/\/toolsense.io\/blog\/"},"modified":"2024-03-12T09:12:41","modified_gmt":"2024-03-12T09:12:41","slug":"blog","status":"publish","type":"page","link":"https:\/\/toolsense.io\/es\/blog\/","title":{"rendered":"Blog"},"content":{"rendered":"\t\t<div data-elementor-type=\"wp-page\" data-elementor-id=\"176316\" class=\"elementor elementor-176316 elementor-12539\" data-elementor-post-type=\"page\">\n\t\t\t\t\t\t<section class=\"elementor-section elementor-top-section elementor-element elementor-element-1def4b0 elementor-section-boxed elementor-section-height-default elementor-section-height-default\" data-id=\"1def4b0\" data-element_type=\"section\" data-settings=\"{&quot;background_background&quot;:&quot;classic&quot;}\">\n\t\t\t\t\t\t<div class=\"elementor-container elementor-column-gap-default\">\n\t\t\t\t\t<div class=\"elementor-column elementor-col-100 elementor-top-column elementor-element elementor-element-f17ce7b\" data-id=\"f17ce7b\" data-element_type=\"column\">\n\t\t\t<div class=\"elementor-widget-wrap elementor-element-populated\">\n\t\t\t\t\t\t<div class=\"elementor-element elementor-element-78193b2 elementor-widget elementor-widget-heading\" data-id=\"78193b2\" data-element_type=\"widget\" data-widget_type=\"heading.default\">\n\t\t\t\t<div class=\"elementor-widget-container\">\n\t\t\t\t\t<h1 class=\"elementor-heading-title elementor-size-default\">ToolSense Blog<\/h1>\t\t\t\t<\/div>\n\t\t\t\t<\/div>\n\t\t\t\t<div class=\"elementor-element elementor-element-637813d elementor-widget elementor-widget-text-editor\" data-id=\"637813d\" data-element_type=\"widget\" data-widget_type=\"text-editor.default\">\n\t\t\t\t<div class=\"elementor-widget-container\">\n\t\t\t\t\t\t\t\t\t<p>\u00daltimas noticias del sector y de ToolSense<\/p>\n\t\t\t\t\t\t\t\t<\/div>\n\t\t\t\t<\/div>\n\t\t\t\t\t<\/div>\n\t\t<\/div>\n\t\t\t\t\t<\/div>\n\t\t<\/section>\n\t\t\t\t<section class=\"elementor-section elementor-top-section elementor-element elementor-element-8db6014 elementor-section-boxed elementor-section-height-default elementor-section-height-default\" data-id=\"8db6014\" data-element_type=\"section\">\n\t\t\t\t\t\t<div class=\"elementor-container elementor-column-gap-default\">\n\t\t\t\t\t<div class=\"elementor-column elementor-col-100 elementor-top-column elementor-element elementor-element-77f6d63\" data-id=\"77f6d63\" data-element_type=\"column\">\n\t\t\t<div class=\"elementor-widget-wrap elementor-element-populated\">\n\t\t\t\t\t\t<div class=\"elementor-element elementor-element-5318df3 elementor-posts__hover-none elementor-grid-3 elementor-grid-tablet-2 elementor-grid-mobile-1 elementor-posts--thumbnail-top elementor-widget elementor-widget-posts\" data-id=\"5318df3\" data-element_type=\"widget\" data-settings=\"{&quot;cards_columns&quot;:&quot;3&quot;,&quot;cards_columns_tablet&quot;:&quot;2&quot;,&quot;cards_columns_mobile&quot;:&quot;1&quot;,&quot;cards_row_gap&quot;:{&quot;unit&quot;:&quot;px&quot;,&quot;size&quot;:35,&quot;sizes&quot;:[]},&quot;cards_row_gap_tablet&quot;:{&quot;unit&quot;:&quot;px&quot;,&quot;size&quot;:&quot;&quot;,&quot;sizes&quot;:[]},&quot;cards_row_gap_mobile&quot;:{&quot;unit&quot;:&quot;px&quot;,&quot;size&quot;:&quot;&quot;,&quot;sizes&quot;:[]}}\" data-widget_type=\"posts.cards\">\n\t\t\t\t<div class=\"elementor-widget-container\">\n\t\t\t\t\t\t\t<div class=\"elementor-posts-container elementor-posts elementor-posts--skin-cards elementor-grid\" role=\"list\">\n\t\t\t\t<article class=\"elementor-post elementor-grid-item post-174970 post type-post status-publish format-standard has-post-thumbnail hentry category-fleet-management-es\" role=\"listitem\">\n\t\t\t<div class=\"elementor-post__card\">\n\t\t\t\t<a class=\"elementor-post__thumbnail__link\" href=\"https:\/\/toolsense.io\/es\/fleet-management-es\/cambio-de-webfleet-a-toolsense\/\" tabindex=\"-1\" ><div class=\"elementor-post__thumbnail\"><img fetchpriority=\"high\" decoding=\"async\" width=\"800\" height=\"541\" src=\"https:\/\/toolsense.io\/wp-content\/uploads\/2024\/02\/Whitepaper-Webfleet-zu-ToolSense-Titelbild-2-1024x693.jpg\" class=\"attachment-large size-large wp-image-174801\" alt=\"From Webfleet to ToolSense\" srcset=\"https:\/\/toolsense.io\/wp-content\/uploads\/2024\/02\/Whitepaper-Webfleet-zu-ToolSense-Titelbild-2-1024x693.jpg 1024w, https:\/\/toolsense.io\/wp-content\/uploads\/2024\/02\/Whitepaper-Webfleet-zu-ToolSense-Titelbild-2-300x203.jpg 300w, https:\/\/toolsense.io\/wp-content\/uploads\/2024\/02\/Whitepaper-Webfleet-zu-ToolSense-Titelbild-2-768x520.jpg 768w, https:\/\/toolsense.io\/wp-content\/uploads\/2024\/02\/Whitepaper-Webfleet-zu-ToolSense-Titelbild-2-1536x1040.jpg 1536w, https:\/\/toolsense.io\/wp-content\/uploads\/2024\/02\/Whitepaper-Webfleet-zu-ToolSense-Titelbild-2.jpg 1560w\" sizes=\"(max-width: 800px) 100vw, 800px\" \/><\/div><\/a>\n\t\t\t\t<div class=\"elementor-post__text\">\n\t\t\t\t<h4 class=\"elementor-post__title\">\n\t\t\t<a href=\"https:\/\/toolsense.io\/es\/fleet-management-es\/cambio-de-webfleet-a-toolsense\/\" >\n\t\t\t\tCambio de Webfleet a ToolSense: Una empresa mediana de gesti\u00f3n de instalaciones ahorra 30.000 euros al a\u00f1o en costes de software\t\t\t<\/a>\n\t\t<\/h4>\n\t\t\n\t\t<a class=\"elementor-post__read-more\" href=\"https:\/\/toolsense.io\/es\/fleet-management-es\/cambio-de-webfleet-a-toolsense\/\" aria-label=\"M\u00e1s informaci\u00f3n sobre Cambio de Webfleet a ToolSense: Una empresa mediana de gesti\u00f3n de instalaciones ahorra 30.000 euros al a\u00f1o en costes de software\" tabindex=\"-1\" >\n\t\t\tSeguir leyendo \u00bb\t\t<\/a>\n\n\t\t\t\t<\/div>\n\t\t\t\t<div class=\"elementor-post__meta-data\">\n\t\t\t\t\t<span class=\"elementor-post-date\">\n\t\t\tfebrero 12, 2024\t\t<\/span>\n\t\t\t\t<\/div>\n\t\t\t\t\t<\/div>\n\t\t<\/article>\n\t\t\t\t<article class=\"elementor-post elementor-grid-item post-161467 post type-post status-publish format-standard has-post-thumbnail hentry category-sin-categorizar category-toolsense-news-es\" role=\"listitem\">\n\t\t\t<div class=\"elementor-post__card\">\n\t\t\t\t<a class=\"elementor-post__thumbnail__link\" href=\"https:\/\/toolsense.io\/es\/toolsense-news-es\/iss-toolsense-alianza-estrategica-global\/\" tabindex=\"-1\" ><div class=\"elementor-post__thumbnail\"><img decoding=\"async\" width=\"800\" height=\"452\" src=\"https:\/\/toolsense.io\/wp-content\/uploads\/2023\/09\/ToolSense-ISS-Titelbild-2-1024x578.jpg\" class=\"attachment-large size-large wp-image-161543\" alt=\"\" srcset=\"https:\/\/toolsense.io\/wp-content\/uploads\/2023\/09\/ToolSense-ISS-Titelbild-2-1024x578.jpg 1024w, https:\/\/toolsense.io\/wp-content\/uploads\/2023\/09\/ToolSense-ISS-Titelbild-2-300x169.jpg 300w, https:\/\/toolsense.io\/wp-content\/uploads\/2023\/09\/ToolSense-ISS-Titelbild-2-768x433.jpg 768w, https:\/\/toolsense.io\/wp-content\/uploads\/2023\/09\/ToolSense-ISS-Titelbild-2-1536x866.jpg 1536w, https:\/\/toolsense.io\/wp-content\/uploads\/2023\/09\/ToolSense-ISS-Titelbild-2.jpg 1560w\" sizes=\"(max-width: 800px) 100vw, 800px\" \/><\/div><\/a>\n\t\t\t\t<div class=\"elementor-post__text\">\n\t\t\t\t<h4 class=\"elementor-post__title\">\n\t\t\t<a href=\"https:\/\/toolsense.io\/es\/toolsense-news-es\/iss-toolsense-alianza-estrategica-global\/\" >\n\t\t\t\tISS y ToolSense firman una alianza estrat\u00e9gica global para digitalizar las operaciones de activos de maquinaria\t\t\t<\/a>\n\t\t<\/h4>\n\t\t\n\t\t<a class=\"elementor-post__read-more\" href=\"https:\/\/toolsense.io\/es\/toolsense-news-es\/iss-toolsense-alianza-estrategica-global\/\" aria-label=\"M\u00e1s informaci\u00f3n sobre ISS y ToolSense firman una alianza estrat\u00e9gica global para digitalizar las operaciones de activos de maquinaria\" tabindex=\"-1\" >\n\t\t\tSeguir leyendo \u00bb\t\t<\/a>\n\n\t\t\t\t<\/div>\n\t\t\t\t<div class=\"elementor-post__meta-data\">\n\t\t\t\t\t<span class=\"elementor-post-date\">\n\t\t\tseptiembre 6, 2023\t\t<\/span>\n\t\t\t\t<\/div>\n\t\t\t\t\t<\/div>\n\t\t<\/article>\n\t\t\t\t<\/div>\n\t\t\n\t\t\t\t\t\t<\/div>\n\t\t\t\t<\/div>\n\t\t\t\t\t<\/div>\n\t\t<\/div>\n\t\t\t\t\t<\/div>\n\t\t<\/section>\n\t\t\t\t<\/div>\n\t\t","protected":false},"excerpt":{"rendered":"<p>ToolSense Blog \u00daltimas noticias del sector y de ToolSense<\/p>\n","protected":false},"author":2,"featured_media":0,"parent":0,"menu_order":0,"comment_status":"closed","ping_status":"closed","template":"","meta":{"footnotes":""},"class_list":["post-176316","page","type-page","status-publish","hentry"],"yoast_head":"<!-- This site is optimized with the Yoast SEO plugin v27.3 - https:\/\/yoast.com\/product\/yoast-seo-wordpress\/ -->\n<title>No m\u00e1s \u00daltimas noticias de la industria y de ToolSense &#8212; ToolSense para mostrar<\/title>\n<meta name=\"robots\" content=\"index, follow, max-snippet:-1, max-image-preview:large, max-video-preview:-1\" \/>\n<link rel=\"canonical\" href=\"https:\/\/toolsense.io\/es\/blog\/\" \/>\n<meta property=\"og:locale\" content=\"es_ES\" \/>\n<meta property=\"og:type\" content=\"article\" \/>\n<meta property=\"og:title\" content=\"No m\u00e1s \u00daltimas noticias de la industria y de ToolSense &#8212; ToolSense para mostrar\" \/>\n<meta property=\"og:description\" content=\"ToolSense Blog \u00daltimas noticias del sector y de ToolSense\" \/>\n<meta property=\"og:url\" content=\"https:\/\/toolsense.io\/es\/blog\/\" \/>\n<meta property=\"og:site_name\" content=\"ToolSense\" \/>\n<meta property=\"article:publisher\" content=\"https:\/\/www.facebook.com\/toolsense.io\" \/>\n<meta property=\"article:modified_time\" content=\"2024-03-12T09:12:41+00:00\" \/>\n<meta property=\"og:image\" content=\"https:\/\/toolsense.io\/wp-content\/uploads\/2022\/04\/toolsense-linkedin-banner-privat-stihl-scaled.jpg\" \/>\n\t<meta property=\"og:image:width\" content=\"2560\" \/>\n\t<meta property=\"og:image:height\" content=\"644\" \/>\n\t<meta property=\"og:image:type\" content=\"image\/jpeg\" \/>\n<meta name=\"twitter:card\" content=\"summary_large_image\" \/>\n<meta name=\"twitter:site\" content=\"@tool_sense\" \/>\n<script type=\"application\/ld+json\" class=\"yoast-schema-graph\">{\"@context\":\"https:\\\/\\\/schema.org\",\"@graph\":[{\"@type\":\"WebPage\",\"@id\":\"https:\\\/\\\/toolsense.io\\\/es\\\/blog\\\/\",\"url\":\"https:\\\/\\\/toolsense.io\\\/es\\\/blog\\\/\",\"name\":\"No m\u00e1s \u00daltimas noticias de la industria y de ToolSense &#8212; ToolSense para mostrar\",\"isPartOf\":{\"@id\":\"https:\\\/\\\/toolsense.io\\\/es\\\/#website\"},\"datePublished\":\"2022-04-28T07:11:11+00:00\",\"dateModified\":\"2024-03-12T09:12:41+00:00\",\"breadcrumb\":{\"@id\":\"https:\\\/\\\/toolsense.io\\\/es\\\/blog\\\/#breadcrumb\"},\"inLanguage\":\"es\",\"potentialAction\":[{\"@type\":\"ReadAction\",\"target\":[\"https:\\\/\\\/toolsense.io\\\/es\\\/blog\\\/\"]}]},{\"@type\":\"BreadcrumbList\",\"@id\":\"https:\\\/\\\/toolsense.io\\\/es\\\/blog\\\/#breadcrumb\",\"itemListElement\":[{\"@type\":\"ListItem\",\"position\":1,\"name\":\"Home\",\"item\":\"https:\\\/\\\/toolsense.io\\\/es\\\/\"},{\"@type\":\"ListItem\",\"position\":2,\"name\":\"Blog\"}]},{\"@type\":\"WebSite\",\"@id\":\"https:\\\/\\\/toolsense.io\\\/es\\\/#website\",\"url\":\"https:\\\/\\\/toolsense.io\\\/es\\\/\",\"name\":\"ToolSense\",\"description\":\"ToolSense: Software &amp; IoT Solution for Machine &amp; Service Management\",\"publisher\":{\"@id\":\"https:\\\/\\\/toolsense.io\\\/es\\\/#organization\"},\"potentialAction\":[{\"@type\":\"SearchAction\",\"target\":{\"@type\":\"EntryPoint\",\"urlTemplate\":\"https:\\\/\\\/toolsense.io\\\/es\\\/?s={search_term_string}\"},\"query-input\":{\"@type\":\"PropertyValueSpecification\",\"valueRequired\":true,\"valueName\":\"search_term_string\"}}],\"inLanguage\":\"es\"},{\"@type\":\"Organization\",\"@id\":\"https:\\\/\\\/toolsense.io\\\/es\\\/#organization\",\"name\":\"ToolSense\",\"url\":\"https:\\\/\\\/toolsense.io\\\/es\\\/\",\"logo\":{\"@type\":\"ImageObject\",\"inLanguage\":\"es\",\"@id\":\"https:\\\/\\\/toolsense.io\\\/es\\\/#\\\/schema\\\/logo\\\/image\\\/\",\"url\":\"https:\\\/\\\/toolsense.io\\\/wp-content\\\/uploads\\\/2022\\\/04\\\/ToolSense@2x.png\",\"contentUrl\":\"https:\\\/\\\/toolsense.io\\\/wp-content\\\/uploads\\\/2022\\\/04\\\/ToolSense@2x.png\",\"width\":376,\"height\":112,\"caption\":\"ToolSense\"},\"image\":{\"@id\":\"https:\\\/\\\/toolsense.io\\\/es\\\/#\\\/schema\\\/logo\\\/image\\\/\"},\"sameAs\":[\"https:\\\/\\\/www.facebook.com\\\/toolsense.io\",\"https:\\\/\\\/x.com\\\/tool_sense\",\"https:\\\/\\\/www.linkedin.com\\\/company\\\/toolsense\\\/\",\"https:\\\/\\\/www.youtube.com\\\/channel\\\/UCfGnI2vA6rIQ2fq4r3lJklA\"]}]}<\/script>\n<!-- \/ Yoast SEO plugin. -->","yoast_head_json":{"title":"No m\u00e1s \u00daltimas noticias de la industria y de ToolSense &#8212; ToolSense para mostrar","robots":{"index":"index","follow":"follow","max-snippet":"max-snippet:-1","max-image-preview":"max-image-preview:large","max-video-preview":"max-video-preview:-1"},"canonical":"https:\/\/toolsense.io\/es\/blog\/","og_locale":"es_ES","og_type":"article","og_title":"No m\u00e1s \u00daltimas noticias de la industria y de ToolSense &#8212; ToolSense para mostrar","og_description":"ToolSense Blog \u00daltimas noticias del sector y de ToolSense","og_url":"https:\/\/toolsense.io\/es\/blog\/","og_site_name":"ToolSense","article_publisher":"https:\/\/www.facebook.com\/toolsense.io","article_modified_time":"2024-03-12T09:12:41+00:00","og_image":[{"width":2560,"height":644,"url":"https:\/\/toolsense.io\/wp-content\/uploads\/2022\/04\/toolsense-linkedin-banner-privat-stihl-scaled.jpg","type":"image\/jpeg"}],"twitter_card":"summary_large_image","twitter_site":"@tool_sense","schema":{"@context":"https:\/\/schema.org","@graph":[{"@type":"WebPage","@id":"https:\/\/toolsense.io\/es\/blog\/","url":"https:\/\/toolsense.io\/es\/blog\/","name":"No m\u00e1s \u00daltimas noticias de la industria y de ToolSense &#8212; ToolSense para mostrar","isPartOf":{"@id":"https:\/\/toolsense.io\/es\/#website"},"datePublished":"2022-04-28T07:11:11+00:00","dateModified":"2024-03-12T09:12:41+00:00","breadcrumb":{"@id":"https:\/\/toolsense.io\/es\/blog\/#breadcrumb"},"inLanguage":"es","potentialAction":[{"@type":"ReadAction","target":["https:\/\/toolsense.io\/es\/blog\/"]}]},{"@type":"BreadcrumbList","@id":"https:\/\/toolsense.io\/es\/blog\/#breadcrumb","itemListElement":[{"@type":"ListItem","position":1,"name":"Home","item":"https:\/\/toolsense.io\/es\/"},{"@type":"ListItem","position":2,"name":"Blog"}]},{"@type":"WebSite","@id":"https:\/\/toolsense.io\/es\/#website","url":"https:\/\/toolsense.io\/es\/","name":"ToolSense","description":"ToolSense: Software &amp; IoT Solution for Machine &amp; Service Management","publisher":{"@id":"https:\/\/toolsense.io\/es\/#organization"},"potentialAction":[{"@type":"SearchAction","target":{"@type":"EntryPoint","urlTemplate":"https:\/\/toolsense.io\/es\/?s={search_term_string}"},"query-input":{"@type":"PropertyValueSpecification","valueRequired":true,"valueName":"search_term_string"}}],"inLanguage":"es"},{"@type":"Organization","@id":"https:\/\/toolsense.io\/es\/#organization","name":"ToolSense","url":"https:\/\/toolsense.io\/es\/","logo":{"@type":"ImageObject","inLanguage":"es","@id":"https:\/\/toolsense.io\/es\/#\/schema\/logo\/image\/","url":"https:\/\/toolsense.io\/wp-content\/uploads\/2022\/04\/ToolSense@2x.png","contentUrl":"https:\/\/toolsense.io\/wp-content\/uploads\/2022\/04\/ToolSense@2x.png","width":376,"height":112,"caption":"ToolSense"},"image":{"@id":"https:\/\/toolsense.io\/es\/#\/schema\/logo\/image\/"},"sameAs":["https:\/\/www.facebook.com\/toolsense.io","https:\/\/x.com\/tool_sense","https:\/\/www.linkedin.com\/company\/toolsense\/","https:\/\/www.youtube.com\/channel\/UCfGnI2vA6rIQ2fq4r3lJklA"]}]}},"_links":{"self":[{"href":"https:\/\/toolsense.io\/es\/wp-json\/wp\/v2\/pages\/176316","targetHints":{"allow":["GET"]}}],"collection":[{"href":"https:\/\/toolsense.io\/es\/wp-json\/wp\/v2\/pages"}],"about":[{"href":"https:\/\/toolsense.io\/es\/wp-json\/wp\/v2\/types\/page"}],"author":[{"embeddable":true,"href":"https:\/\/toolsense.io\/es\/wp-json\/wp\/v2\/users\/2"}],"replies":[{"embeddable":true,"href":"https:\/\/toolsense.io\/es\/wp-json\/wp\/v2\/comments?post=176316"}],"version-history":[{"count":1,"href":"https:\/\/toolsense.io\/es\/wp-json\/wp\/v2\/pages\/176316\/revisions"}],"predecessor-version":[{"id":176317,"href":"https:\/\/toolsense.io\/es\/wp-json\/wp\/v2\/pages\/176316\/revisions\/176317"}],"wp:attachment":[{"href":"https:\/\/toolsense.io\/es\/wp-json\/wp\/v2\/media?parent=176316"}],"curies":[{"name":"wp","href":"https:\/\/api.w.org\/{rel}","templated":true}]}}