{"id":148629,"date":"2022-04-29T16:46:25","date_gmt":"2022-04-29T16:46:25","guid":{"rendered":"https:\/\/toolsense.io\/tour\/"},"modified":"2023-07-12T05:32:02","modified_gmt":"2023-07-12T05:32:02","slug":"tour","status":"publish","type":"page","link":"https:\/\/toolsense.io\/sv\/tour\/","title":{"rendered":"Tur"},"content":{"rendered":"\t\t<div data-elementor-type=\"wp-page\" data-elementor-id=\"148629\" class=\"elementor elementor-148629 elementor-16336\" data-elementor-post-type=\"page\">\n\t\t\t\t\t\t<section class=\"elementor-section elementor-top-section elementor-element elementor-element-66fb29b elementor-section-content-top elementor-section-boxed elementor-section-height-default elementor-section-height-default\" data-id=\"66fb29b\" data-element_type=\"section\" data-settings=\"{&quot;background_background&quot;:&quot;classic&quot;}\">\n\t\t\t\t\t\t<div class=\"elementor-container elementor-column-gap-extended\">\n\t\t\t\t\t<div class=\"elementor-column elementor-col-33 elementor-top-column elementor-element elementor-element-a46a65b\" data-id=\"a46a65b\" data-element_type=\"column\">\n\t\t\t<div class=\"elementor-widget-wrap elementor-element-populated\">\n\t\t\t\t\t\t<div class=\"elementor-element elementor-element-72a16f6 elementor-widget elementor-widget-heading\" data-id=\"72a16f6\" data-element_type=\"widget\" data-widget_type=\"heading.default\">\n\t\t\t\t<div class=\"elementor-widget-container\">\n\t\t\t\t\t<h1 class=\"elementor-heading-title elementor-size-default\">Boka en digital rundtur med v\u00e5rt team\n<\/h1>\t\t\t\t<\/div>\n\t\t\t\t<\/div>\n\t\t\t\t<div class=\"elementor-element elementor-element-d60e6c0 elementor-icon-list--layout-traditional elementor-list-item-link-full_width elementor-widget elementor-widget-icon-list\" data-id=\"d60e6c0\" data-element_type=\"widget\" data-widget_type=\"icon-list.default\">\n\t\t\t\t<div class=\"elementor-widget-container\">\n\t\t\t\t\t\t\t<ul class=\"elementor-icon-list-items\">\n\t\t\t\t\t\t\t<li class=\"elementor-icon-list-item\">\n\t\t\t\t\t\t\t\t\t\t\t<span class=\"elementor-icon-list-icon\">\n\t\t\t\t\t\t\t<i aria-hidden=\"true\" class=\"fas fa-check-circle\"><\/i>\t\t\t\t\t\t<\/span>\n\t\t\t\t\t\t\t\t\t\t<span class=\"elementor-icon-list-text\">20% besparingar i tillg\u00e5ngskostnader tack vare \u00f6kad effektivitet och produktivitet<\/span>\n\t\t\t\t\t\t\t\t\t<\/li>\n\t\t\t\t\t\t\t\t<li class=\"elementor-icon-list-item\">\n\t\t\t\t\t\t\t\t\t\t\t<span class=\"elementor-icon-list-icon\">\n\t\t\t\t\t\t\t<i aria-hidden=\"true\" class=\"fas fa-check-circle\"><\/i>\t\t\t\t\t\t<\/span>\n\t\t\t\t\t\t\t\t\t\t<span class=\"elementor-icon-list-text\">80% minskning av stillest\u00e5ndstiden med samordnat och proaktivt underh\u00e5ll<\/span>\n\t\t\t\t\t\t\t\t\t<\/li>\n\t\t\t\t\t\t\t\t<li class=\"elementor-icon-list-item\">\n\t\t\t\t\t\t\t\t\t\t\t<span class=\"elementor-icon-list-icon\">\n\t\t\t\t\t\t\t<i aria-hidden=\"true\" class=\"fas fa-check-circle\"><\/i>\t\t\t\t\t\t<\/span>\n\t\t\t\t\t\t\t\t\t\t<span class=\"elementor-icon-list-text\">100h mindre tid f\u00f6r platscheferna per \u00e5r f\u00f6r tillg\u00e5ngsrelaterade uppgifter<\/span>\n\t\t\t\t\t\t\t\t\t<\/li>\n\t\t\t\t\t\t<\/ul>\n\t\t\t\t\t\t<\/div>\n\t\t\t\t<\/div>\n\t\t\t\t<div class=\"elementor-element elementor-element-09e2ccf elementor-widget elementor-widget-spacer\" data-id=\"09e2ccf\" data-element_type=\"widget\" data-widget_type=\"spacer.default\">\n\t\t\t\t<div class=\"elementor-widget-container\">\n\t\t\t\t\t\t\t<div class=\"elementor-spacer\">\n\t\t\t<div class=\"elementor-spacer-inner\"><\/div>\n\t\t<\/div>\n\t\t\t\t\t\t<\/div>\n\t\t\t\t<\/div>\n\t\t\t\t<div class=\"elementor-element elementor-element-e6c68f8 elementor-widget__width-auto elementor-widget elementor-widget-heading\" data-id=\"e6c68f8\" data-element_type=\"widget\" data-widget_type=\"heading.default\">\n\t\t\t\t<div class=\"elementor-widget-container\">\n\t\t\t\t\t<h2 class=\"elementor-heading-title elementor-size-default\"><i class=\"fa-solid fa-star-sharp\"><\/i><i class=\"fa-solid fa-star-sharp\"><\/i><i class=\"fa-solid fa-star-sharp\"><\/i><i class=\"fa-solid fa-star-sharp\"><\/i><i class=\"fa-solid fa-star-sharp\"><\/i><\/h2>\t\t\t\t<\/div>\n\t\t\t\t<\/div>\n\t\t\t\t<div class=\"elementor-element elementor-element-06046f2 elementor-widget__width-auto elementor-widget elementor-widget-text-editor\" data-id=\"06046f2\" data-element_type=\"widget\" data-widget_type=\"text-editor.default\">\n\t\t\t\t<div class=\"elementor-widget-container\">\n\t\t\t\t\t\t\t\t\t<p>Bra recensioner p\u00e5<\/p>\t\t\t\t\t\t\t\t<\/div>\n\t\t\t\t<\/div>\n\t\t\t\t<div class=\"elementor-element elementor-element-9920813 elementor-widget elementor-widget-spacer\" data-id=\"9920813\" data-element_type=\"widget\" data-widget_type=\"spacer.default\">\n\t\t\t\t<div class=\"elementor-widget-container\">\n\t\t\t\t\t\t\t<div class=\"elementor-spacer\">\n\t\t\t<div class=\"elementor-spacer-inner\"><\/div>\n\t\t<\/div>\n\t\t\t\t\t\t<\/div>\n\t\t\t\t<\/div>\n\t\t\t\t<div class=\"elementor-element elementor-element-019bee5 elementor-widget__width-auto elementor-widget elementor-widget-image\" data-id=\"019bee5\" data-element_type=\"widget\" data-widget_type=\"image.default\">\n\t\t\t\t<div class=\"elementor-widget-container\">\n\t\t\t\t\t\t\t\t\t\t\t\t\t\t\t<img decoding=\"async\" width=\"74\" height=\"74\" src=\"https:\/\/toolsense.io\/wp-content\/uploads\/2022\/04\/Bild-20@2x.png\" class=\"attachment-large size-large wp-image-47\" alt=\"\" \/>\t\t\t\t\t\t\t\t\t\t\t\t\t\t\t<\/div>\n\t\t\t\t<\/div>\n\t\t\t\t<div class=\"elementor-element elementor-element-a66beff elementor-widget__width-auto elementor-widget elementor-widget-image\" data-id=\"a66beff\" data-element_type=\"widget\" data-widget_type=\"image.default\">\n\t\t\t\t<div class=\"elementor-widget-container\">\n\t\t\t\t\t\t\t\t\t\t\t\t\t\t\t<img decoding=\"async\" width=\"173\" height=\"38\" src=\"https:\/\/toolsense.io\/wp-content\/uploads\/2022\/04\/Gruppe-35.svg\" class=\"attachment-large size-large wp-image-138\" alt=\"\" \/>\t\t\t\t\t\t\t\t\t\t\t\t\t\t\t<\/div>\n\t\t\t\t<\/div>\n\t\t\t\t\t<\/div>\n\t\t<\/div>\n\t\t\t\t<div class=\"elementor-column elementor-col-66 elementor-top-column elementor-element elementor-element-02146c5\" data-id=\"02146c5\" data-element_type=\"column\">\n\t\t\t<div class=\"elementor-widget-wrap elementor-element-populated\">\n\t\t\t\t\t\t<div class=\"elementor-element elementor-element-a96b43b elementor-widget__width-initial elementor-widget elementor-widget-html\" data-id=\"a96b43b\" data-element_type=\"widget\" data-widget_type=\"html.default\">\n\t\t\t\t<div class=\"elementor-widget-container\">\n\t\t\t\t\t<!-- Start of Meetings Embed Script -->\n    <div class=\"meetings-iframe-container\" data-src=\"https:\/\/meetings.hubspot.com\/alexander-manafi\/toolsense-demo-round-robin-english?embed=true\"><\/div>\n    <script type=\"text\/javascript\" src=\"https:\/\/static.hsappstatic.net\/MeetingsEmbed\/ex\/MeetingsEmbedCode.js\"><\/script>\n  <!-- End of Meetings Embed Script -->\t\t\t\t<\/div>\n\t\t\t\t<\/div>\n\t\t\t\t\t<\/div>\n\t\t<\/div>\n\t\t\t\t\t<\/div>\n\t\t<\/section>\n\t\t<div class=\"elementor-element elementor-element-9aeacf3 e-con-full e-flex e-con e-parent\" data-id=\"9aeacf3\" data-element_type=\"container\">\n\t\t\t\t<div class=\"elementor-element elementor-element-9028b9f elementor-widget elementor-widget-template\" data-id=\"9028b9f\" data-element_type=\"widget\" data-widget_type=\"template.default\">\n\t\t\t\t<div class=\"elementor-widget-container\">\n\t\t\t\t\t\t\t<div class=\"elementor-template\">\n\t\t\t\t\t<div data-elementor-type=\"container\" data-elementor-id=\"25970\" class=\"elementor elementor-25970\" data-elementor-post-type=\"elementor_library\">\n\t\t\t\t<div class=\"elementor-element elementor-element-1daea4c5 e-flex e-con-boxed e-con e-parent\" data-id=\"1daea4c5\" data-element_type=\"container\" data-settings=\"{&quot;background_background&quot;:&quot;classic&quot;}\">\n\t\t\t\t\t<div class=\"e-con-inner\">\n\t\t\t\t<div class=\"elementor-element elementor-element-37104d45 elementor-widget__width-auto elementor-widget elementor-widget-image\" data-id=\"37104d45\" data-element_type=\"widget\" data-widget_type=\"image.default\">\n\t\t\t\t<div class=\"elementor-widget-container\">\n\t\t\t\t\t\t\t\t\t\t\t\t\t\t\t<img fetchpriority=\"high\" decoding=\"async\" width=\"1133\" height=\"475\" src=\"https:\/\/toolsense.io\/wp-content\/uploads\/2023\/03\/Compass_Group_Logo.svg\" class=\"attachment-large size-large wp-image-25412\" alt=\"\" \/>\t\t\t\t\t\t\t\t\t\t\t\t\t\t\t<\/div>\n\t\t\t\t<\/div>\n\t\t\t\t<div class=\"elementor-element elementor-element-227363b elementor-widget__width-auto elementor-widget elementor-widget-image\" data-id=\"227363b\" data-element_type=\"widget\" data-widget_type=\"image.default\">\n\t\t\t\t<div class=\"elementor-widget-container\">\n\t\t\t\t\t\t\t\t\t\t\t\t\t\t\t<img loading=\"lazy\" decoding=\"async\" width=\"800\" height=\"345\" src=\"https:\/\/toolsense.io\/wp-content\/uploads\/2023\/03\/spie-logo-transparenter-hintergrund-1024x442.png\" class=\"attachment-large size-large wp-image-25396\" alt=\"\" srcset=\"https:\/\/toolsense.io\/wp-content\/uploads\/2023\/03\/spie-logo-transparenter-hintergrund-1024x442.png 1024w, https:\/\/toolsense.io\/wp-content\/uploads\/2023\/03\/spie-logo-transparenter-hintergrund-300x130.png 300w, https:\/\/toolsense.io\/wp-content\/uploads\/2023\/03\/spie-logo-transparenter-hintergrund-768x332.png 768w, https:\/\/toolsense.io\/wp-content\/uploads\/2023\/03\/spie-logo-transparenter-hintergrund-1536x663.png 1536w, https:\/\/toolsense.io\/wp-content\/uploads\/2023\/03\/spie-logo-transparenter-hintergrund-2048x884.png 2048w\" sizes=\"(max-width: 800px) 100vw, 800px\" \/>\t\t\t\t\t\t\t\t\t\t\t\t\t\t\t<\/div>\n\t\t\t\t<\/div>\n\t\t\t\t<div class=\"elementor-element elementor-element-6eb160b9 elementor-widget__width-auto elementor-widget elementor-widget-image\" data-id=\"6eb160b9\" data-element_type=\"widget\" data-widget_type=\"image.default\">\n\t\t\t\t<div class=\"elementor-widget-container\">\n\t\t\t\t\t\t\t\t\t\t\t\t\t\t\t<img loading=\"lazy\" decoding=\"async\" width=\"870\" height=\"247\" src=\"https:\/\/toolsense.io\/wp-content\/uploads\/2023\/03\/Logo_aramark_RGB.svg\" class=\"attachment-large size-large wp-image-25399\" alt=\"\" \/>\t\t\t\t\t\t\t\t\t\t\t\t\t\t\t<\/div>\n\t\t\t\t<\/div>\n\t\t\t\t<div class=\"elementor-element elementor-element-22344c8d elementor-widget__width-auto elementor-widget elementor-widget-image\" data-id=\"22344c8d\" data-element_type=\"widget\" data-widget_type=\"image.default\">\n\t\t\t\t<div class=\"elementor-widget-container\">\n\t\t\t\t\t\t\t\t\t\t\t\t\t\t\t<img loading=\"lazy\" decoding=\"async\" width=\"250\" height=\"88\" src=\"https:\/\/toolsense.io\/wp-content\/uploads\/2023\/03\/efsme.png\" class=\"attachment-large size-large wp-image-25401\" alt=\"\" \/>\t\t\t\t\t\t\t\t\t\t\t\t\t\t\t<\/div>\n\t\t\t\t<\/div>\n\t\t\t\t<div class=\"elementor-element elementor-element-1c128632 elementor-widget__width-auto elementor-widget elementor-widget-image\" data-id=\"1c128632\" data-element_type=\"widget\" data-widget_type=\"image.default\">\n\t\t\t\t<div class=\"elementor-widget-container\">\n\t\t\t\t\t\t\t\t\t\t\t\t\t\t\t<img loading=\"lazy\" decoding=\"async\" width=\"219\" height=\"190\" src=\"https:\/\/toolsense.io\/wp-content\/uploads\/2023\/03\/Integrated_Service_Solutions_logo.svg\" class=\"attachment-large size-large wp-image-25405\" alt=\"\" \/>\t\t\t\t\t\t\t\t\t\t\t\t\t\t\t<\/div>\n\t\t\t\t<\/div>\n\t\t\t\t<div class=\"elementor-element elementor-element-70b10d72 elementor-widget__width-auto elementor-widget elementor-widget-image\" data-id=\"70b10d72\" data-element_type=\"widget\" data-widget_type=\"image.default\">\n\t\t\t\t<div class=\"elementor-widget-container\">\n\t\t\t\t\t\t\t\t\t\t\t\t\t\t\t<img loading=\"lazy\" decoding=\"async\" width=\"100\" height=\"100\" src=\"https:\/\/toolsense.io\/wp-content\/uploads\/2023\/03\/ABM_Industries_logo_2018.svg\" class=\"attachment-large size-large wp-image-25407\" alt=\"\" \/>\t\t\t\t\t\t\t\t\t\t\t\t\t\t\t<\/div>\n\t\t\t\t<\/div>\n\t\t\t\t\t<\/div>\n\t\t\t\t<\/div>\n\t\t\t\t<\/div>\n\t\t\t\t<\/div>\n\t\t\t\t\t\t<\/div>\n\t\t\t\t<\/div>\n\t\t\t\t<\/div>\n\t\t\t\t<section class=\"elementor-section elementor-top-section elementor-element elementor-element-66082c8 elementor-section-boxed elementor-section-height-default elementor-section-height-default\" data-id=\"66082c8\" data-element_type=\"section\" data-settings=\"{&quot;background_background&quot;:&quot;classic&quot;}\">\n\t\t\t\t\t\t<div class=\"elementor-container elementor-column-gap-default\">\n\t\t\t\t\t<div class=\"elementor-column elementor-col-100 elementor-top-column elementor-element elementor-element-e1d353d\" data-id=\"e1d353d\" data-element_type=\"column\">\n\t\t\t<div class=\"elementor-widget-wrap elementor-element-populated\">\n\t\t\t\t\t\t<div class=\"elementor-element elementor-element-56c7c64 elementor-widget elementor-widget-heading\" data-id=\"56c7c64\" data-element_type=\"widget\" data-widget_type=\"heading.default\">\n\t\t\t\t<div class=\"elementor-widget-container\">\n\t\t\t\t\t<h2 class=\"elementor-heading-title elementor-size-default\">Inte redo \u00e4n? Titta p\u00e5 v\u00e5r demo<\/h2>\t\t\t\t<\/div>\n\t\t\t\t<\/div>\n\t\t\t\t<div class=\"elementor-element elementor-element-2c2ff77 elementor-widget elementor-widget-text-editor\" data-id=\"2c2ff77\" data-element_type=\"widget\" data-widget_type=\"text-editor.default\">\n\t\t\t\t<div class=\"elementor-widget-container\">\n\t\t\t\t\t\t\t\t\t<p>V\u00e5r VD, Alexander Manafi, ger dig en snabb privat rundtur. Se den faktiska produkten och hur den anv\u00e4nds f\u00f6r att f\u00f6rb\u00e4ttra din asset verksamhet.<\/p>\t\t\t\t\t\t\t\t<\/div>\n\t\t\t\t<\/div>\n\t\t\t\t<div class=\"elementor-element elementor-element-153b4e0 elementor-widget__width-initial elementor-widget elementor-widget-html\" data-id=\"153b4e0\" data-element_type=\"widget\" data-widget_type=\"html.default\">\n\t\t\t\t<div class=\"elementor-widget-container\">\n\t\t\t\t\t<div style=\"position: relative; padding-bottom: 62.5%; height: 0;\"><iframe src=\"https:\/\/www.loom.com\/embed\/798b68c299324e7286f105205c38a881\" frameborder=\"0\" webkitallowfullscreen mozallowfullscreen allowfullscreen style=\"position: absolute; top: 0; left: 0; width: 100%; height: 100%;\"><\/iframe><\/div>\t\t\t\t<\/div>\n\t\t\t\t<\/div>\n\t\t\t\t\t<\/div>\n\t\t<\/div>\n\t\t\t\t\t<\/div>\n\t\t<\/section>\n\t\t\t\t<\/div>\n\t\t","protected":false},"excerpt":{"rendered":"<p>Boka en digital rundtur med v\u00e5rt team 20% besparingar i tillg\u00e5ngskostnader tack vare \u00f6kad effektivitet och produktivitet 80% minskning av stillest\u00e5ndstiden med samordnat och proaktivt underh\u00e5ll 100h mindre tid f\u00f6r platscheferna per \u00e5r f\u00f6r tillg\u00e5ngsrelaterade uppgifter Bra recensioner p\u00e5 Inte redo \u00e4n? Titta p\u00e5 v\u00e5r demo V\u00e5r VD, Alexander Manafi, ger dig en snabb privat [&hellip;]<\/p>\n","protected":false},"author":1,"featured_media":121254,"parent":0,"menu_order":0,"comment_status":"closed","ping_status":"closed","template":"","meta":{"footnotes":""},"class_list":["post-148629","page","type-page","status-publish","has-post-thumbnail","hentry"],"yoast_head":"<!-- This site is optimized with the Yoast SEO plugin v27.3 - https:\/\/yoast.com\/product\/yoast-seo-wordpress\/ -->\n<title>Tur &#8212; ToolSense<\/title>\n<meta name=\"robots\" content=\"index, follow, max-snippet:-1, max-image-preview:large, max-video-preview:-1\" \/>\n<link rel=\"canonical\" href=\"https:\/\/toolsense.io\/sv\/tour\/\" \/>\n<meta property=\"og:locale\" content=\"sv_SE\" \/>\n<meta property=\"og:type\" content=\"article\" \/>\n<meta property=\"og:title\" content=\"Tur &#8212; ToolSense\" \/>\n<meta property=\"og:description\" content=\"Boka en digital rundtur med v\u00e5rt team 20% besparingar i tillg\u00e5ngskostnader tack vare \u00f6kad effektivitet och produktivitet 80% minskning av stillest\u00e5ndstiden med samordnat och proaktivt underh\u00e5ll 100h mindre tid f\u00f6r platscheferna per \u00e5r f\u00f6r tillg\u00e5ngsrelaterade uppgifter Bra recensioner p\u00e5 Inte redo \u00e4n? Titta p\u00e5 v\u00e5r demo V\u00e5r VD, Alexander Manafi, ger dig en snabb privat [&hellip;]\" \/>\n<meta property=\"og:url\" content=\"https:\/\/toolsense.io\/sv\/tour\/\" \/>\n<meta property=\"og:site_name\" content=\"ToolSense\" \/>\n<meta property=\"article:publisher\" content=\"https:\/\/www.facebook.com\/toolsense.io\" \/>\n<meta property=\"article:modified_time\" content=\"2023-07-12T05:32:02+00:00\" \/>\n<meta property=\"og:image\" content=\"https:\/\/toolsense.io\/wp-content\/uploads\/2022\/04\/toolsense-linkedin-banner-privat-stihl-scaled.jpg\" \/>\n\t<meta property=\"og:image:width\" content=\"2560\" \/>\n\t<meta property=\"og:image:height\" content=\"644\" \/>\n\t<meta property=\"og:image:type\" content=\"image\/jpeg\" \/>\n<meta name=\"twitter:card\" content=\"summary_large_image\" \/>\n<meta name=\"twitter:site\" content=\"@tool_sense\" \/>\n<meta name=\"twitter:label1\" content=\"Ber\u00e4knad l\u00e4stid\" \/>\n\t<meta name=\"twitter:data1\" content=\"1 minut\" \/>\n<script type=\"application\/ld+json\" class=\"yoast-schema-graph\">{\"@context\":\"https:\\\/\\\/schema.org\",\"@graph\":[{\"@type\":\"WebPage\",\"@id\":\"https:\\\/\\\/toolsense.io\\\/sv\\\/tour\\\/\",\"url\":\"https:\\\/\\\/toolsense.io\\\/sv\\\/tour\\\/\",\"name\":\"Tur &#8212; ToolSense\",\"isPartOf\":{\"@id\":\"https:\\\/\\\/toolsense.io\\\/sv\\\/#website\"},\"primaryImageOfPage\":{\"@id\":\"https:\\\/\\\/toolsense.io\\\/sv\\\/tour\\\/#primaryimage\"},\"image\":{\"@id\":\"https:\\\/\\\/toolsense.io\\\/sv\\\/tour\\\/#primaryimage\"},\"thumbnailUrl\":\"https:\\\/\\\/toolsense.io\\\/wp-content\\\/uploads\\\/2022\\\/04\\\/toolsense-linkedin-banner-privat-stihl-scaled.jpg\",\"datePublished\":\"2022-04-29T16:46:25+00:00\",\"dateModified\":\"2023-07-12T05:32:02+00:00\",\"breadcrumb\":{\"@id\":\"https:\\\/\\\/toolsense.io\\\/sv\\\/tour\\\/#breadcrumb\"},\"inLanguage\":\"sv-SE\",\"potentialAction\":[{\"@type\":\"ReadAction\",\"target\":[\"https:\\\/\\\/toolsense.io\\\/sv\\\/tour\\\/\"]}]},{\"@type\":\"ImageObject\",\"inLanguage\":\"sv-SE\",\"@id\":\"https:\\\/\\\/toolsense.io\\\/sv\\\/tour\\\/#primaryimage\",\"url\":\"https:\\\/\\\/toolsense.io\\\/wp-content\\\/uploads\\\/2022\\\/04\\\/toolsense-linkedin-banner-privat-stihl-scaled.jpg\",\"contentUrl\":\"https:\\\/\\\/toolsense.io\\\/wp-content\\\/uploads\\\/2022\\\/04\\\/toolsense-linkedin-banner-privat-stihl-scaled.jpg\",\"width\":2560,\"height\":644},{\"@type\":\"BreadcrumbList\",\"@id\":\"https:\\\/\\\/toolsense.io\\\/sv\\\/tour\\\/#breadcrumb\",\"itemListElement\":[{\"@type\":\"ListItem\",\"position\":1,\"name\":\"Home\",\"item\":\"https:\\\/\\\/toolsense.io\\\/sv\\\/\"},{\"@type\":\"ListItem\",\"position\":2,\"name\":\"Tur\"}]},{\"@type\":\"WebSite\",\"@id\":\"https:\\\/\\\/toolsense.io\\\/sv\\\/#website\",\"url\":\"https:\\\/\\\/toolsense.io\\\/sv\\\/\",\"name\":\"ToolSense\",\"description\":\"ToolSense: Software &amp; IoT Solution for Machine &amp; Service Management\",\"publisher\":{\"@id\":\"https:\\\/\\\/toolsense.io\\\/sv\\\/#organization\"},\"potentialAction\":[{\"@type\":\"SearchAction\",\"target\":{\"@type\":\"EntryPoint\",\"urlTemplate\":\"https:\\\/\\\/toolsense.io\\\/sv\\\/?s={search_term_string}\"},\"query-input\":{\"@type\":\"PropertyValueSpecification\",\"valueRequired\":true,\"valueName\":\"search_term_string\"}}],\"inLanguage\":\"sv-SE\"},{\"@type\":\"Organization\",\"@id\":\"https:\\\/\\\/toolsense.io\\\/sv\\\/#organization\",\"name\":\"ToolSense\",\"url\":\"https:\\\/\\\/toolsense.io\\\/sv\\\/\",\"logo\":{\"@type\":\"ImageObject\",\"inLanguage\":\"sv-SE\",\"@id\":\"https:\\\/\\\/toolsense.io\\\/sv\\\/#\\\/schema\\\/logo\\\/image\\\/\",\"url\":\"https:\\\/\\\/toolsense.io\\\/wp-content\\\/uploads\\\/2022\\\/04\\\/ToolSense@2x.png\",\"contentUrl\":\"https:\\\/\\\/toolsense.io\\\/wp-content\\\/uploads\\\/2022\\\/04\\\/ToolSense@2x.png\",\"width\":376,\"height\":112,\"caption\":\"ToolSense\"},\"image\":{\"@id\":\"https:\\\/\\\/toolsense.io\\\/sv\\\/#\\\/schema\\\/logo\\\/image\\\/\"},\"sameAs\":[\"https:\\\/\\\/www.facebook.com\\\/toolsense.io\",\"https:\\\/\\\/x.com\\\/tool_sense\",\"https:\\\/\\\/www.linkedin.com\\\/company\\\/toolsense\\\/\",\"https:\\\/\\\/www.youtube.com\\\/channel\\\/UCfGnI2vA6rIQ2fq4r3lJklA\"]}]}<\/script>\n<!-- \/ Yoast SEO plugin. -->","yoast_head_json":{"title":"Tur &#8212; ToolSense","robots":{"index":"index","follow":"follow","max-snippet":"max-snippet:-1","max-image-preview":"max-image-preview:large","max-video-preview":"max-video-preview:-1"},"canonical":"https:\/\/toolsense.io\/sv\/tour\/","og_locale":"sv_SE","og_type":"article","og_title":"Tur &#8212; ToolSense","og_description":"Boka en digital rundtur med v\u00e5rt team 20% besparingar i tillg\u00e5ngskostnader tack vare \u00f6kad effektivitet och produktivitet 80% minskning av stillest\u00e5ndstiden med samordnat och proaktivt underh\u00e5ll 100h mindre tid f\u00f6r platscheferna per \u00e5r f\u00f6r tillg\u00e5ngsrelaterade uppgifter Bra recensioner p\u00e5 Inte redo \u00e4n? Titta p\u00e5 v\u00e5r demo V\u00e5r VD, Alexander Manafi, ger dig en snabb privat [&hellip;]","og_url":"https:\/\/toolsense.io\/sv\/tour\/","og_site_name":"ToolSense","article_publisher":"https:\/\/www.facebook.com\/toolsense.io","article_modified_time":"2023-07-12T05:32:02+00:00","og_image":[{"width":2560,"height":644,"url":"https:\/\/toolsense.io\/wp-content\/uploads\/2022\/04\/toolsense-linkedin-banner-privat-stihl-scaled.jpg","type":"image\/jpeg"}],"twitter_card":"summary_large_image","twitter_site":"@tool_sense","twitter_misc":{"Ber\u00e4knad l\u00e4stid":"1 minut"},"schema":{"@context":"https:\/\/schema.org","@graph":[{"@type":"WebPage","@id":"https:\/\/toolsense.io\/sv\/tour\/","url":"https:\/\/toolsense.io\/sv\/tour\/","name":"Tur &#8212; ToolSense","isPartOf":{"@id":"https:\/\/toolsense.io\/sv\/#website"},"primaryImageOfPage":{"@id":"https:\/\/toolsense.io\/sv\/tour\/#primaryimage"},"image":{"@id":"https:\/\/toolsense.io\/sv\/tour\/#primaryimage"},"thumbnailUrl":"https:\/\/toolsense.io\/wp-content\/uploads\/2022\/04\/toolsense-linkedin-banner-privat-stihl-scaled.jpg","datePublished":"2022-04-29T16:46:25+00:00","dateModified":"2023-07-12T05:32:02+00:00","breadcrumb":{"@id":"https:\/\/toolsense.io\/sv\/tour\/#breadcrumb"},"inLanguage":"sv-SE","potentialAction":[{"@type":"ReadAction","target":["https:\/\/toolsense.io\/sv\/tour\/"]}]},{"@type":"ImageObject","inLanguage":"sv-SE","@id":"https:\/\/toolsense.io\/sv\/tour\/#primaryimage","url":"https:\/\/toolsense.io\/wp-content\/uploads\/2022\/04\/toolsense-linkedin-banner-privat-stihl-scaled.jpg","contentUrl":"https:\/\/toolsense.io\/wp-content\/uploads\/2022\/04\/toolsense-linkedin-banner-privat-stihl-scaled.jpg","width":2560,"height":644},{"@type":"BreadcrumbList","@id":"https:\/\/toolsense.io\/sv\/tour\/#breadcrumb","itemListElement":[{"@type":"ListItem","position":1,"name":"Home","item":"https:\/\/toolsense.io\/sv\/"},{"@type":"ListItem","position":2,"name":"Tur"}]},{"@type":"WebSite","@id":"https:\/\/toolsense.io\/sv\/#website","url":"https:\/\/toolsense.io\/sv\/","name":"ToolSense","description":"ToolSense: Software &amp; IoT Solution for Machine &amp; Service Management","publisher":{"@id":"https:\/\/toolsense.io\/sv\/#organization"},"potentialAction":[{"@type":"SearchAction","target":{"@type":"EntryPoint","urlTemplate":"https:\/\/toolsense.io\/sv\/?s={search_term_string}"},"query-input":{"@type":"PropertyValueSpecification","valueRequired":true,"valueName":"search_term_string"}}],"inLanguage":"sv-SE"},{"@type":"Organization","@id":"https:\/\/toolsense.io\/sv\/#organization","name":"ToolSense","url":"https:\/\/toolsense.io\/sv\/","logo":{"@type":"ImageObject","inLanguage":"sv-SE","@id":"https:\/\/toolsense.io\/sv\/#\/schema\/logo\/image\/","url":"https:\/\/toolsense.io\/wp-content\/uploads\/2022\/04\/ToolSense@2x.png","contentUrl":"https:\/\/toolsense.io\/wp-content\/uploads\/2022\/04\/ToolSense@2x.png","width":376,"height":112,"caption":"ToolSense"},"image":{"@id":"https:\/\/toolsense.io\/sv\/#\/schema\/logo\/image\/"},"sameAs":["https:\/\/www.facebook.com\/toolsense.io","https:\/\/x.com\/tool_sense","https:\/\/www.linkedin.com\/company\/toolsense\/","https:\/\/www.youtube.com\/channel\/UCfGnI2vA6rIQ2fq4r3lJklA"]}]}},"_links":{"self":[{"href":"https:\/\/toolsense.io\/sv\/wp-json\/wp\/v2\/pages\/148629","targetHints":{"allow":["GET"]}}],"collection":[{"href":"https:\/\/toolsense.io\/sv\/wp-json\/wp\/v2\/pages"}],"about":[{"href":"https:\/\/toolsense.io\/sv\/wp-json\/wp\/v2\/types\/page"}],"author":[{"embeddable":true,"href":"https:\/\/toolsense.io\/sv\/wp-json\/wp\/v2\/users\/1"}],"replies":[{"embeddable":true,"href":"https:\/\/toolsense.io\/sv\/wp-json\/wp\/v2\/comments?post=148629"}],"version-history":[{"count":16,"href":"https:\/\/toolsense.io\/sv\/wp-json\/wp\/v2\/pages\/148629\/revisions"}],"predecessor-version":[{"id":154726,"href":"https:\/\/toolsense.io\/sv\/wp-json\/wp\/v2\/pages\/148629\/revisions\/154726"}],"wp:featuredmedia":[{"embeddable":true,"href":"https:\/\/toolsense.io\/sv\/wp-json\/wp\/v2\/media\/121254"}],"wp:attachment":[{"href":"https:\/\/toolsense.io\/sv\/wp-json\/wp\/v2\/media?parent=148629"}],"curies":[{"name":"wp","href":"https:\/\/api.w.org\/{rel}","templated":true}]}}